{"id":11598,"date":"2022-02-01T11:13:57","date_gmt":"2022-02-01T11:13:57","guid":{"rendered":"https:\/\/www.navkom.si\/touchpad\/"},"modified":"2025-05-29T08:31:05","modified_gmt":"2025-05-29T08:31:05","slug":"touchpad","status":"publish","type":"page","link":"https:\/\/www.navkom.si\/pl\/touchpad\/","title":{"rendered":"Touchpad"},"content":{"rendered":"\n\n  <div class=\"banner has-hover has-parallax\" id=\"banner-1677004982\">\n          <div class=\"banner-inner fill\">\n        <div class=\"banner-bg fill\" data-parallax=\"-10\" data-parallax-container=\".banner\" data-parallax-background>\n            <img decoding=\"async\" width=\"2560\" height=\"1707\" data-src=\"https:\/\/www.navkom.si\/wp-content\/uploads\/2021\/07\/Touchpad-na-vratih-scaled.jpg\" class=\"bg attachment-original size-original lazyload\" alt=\"\" src=\"data:image\/svg+xml;base64,PHN2ZyB3aWR0aD0iMSIgaGVpZ2h0PSIxIiB4bWxucz0iaHR0cDovL3d3dy53My5vcmcvMjAwMC9zdmciPjwvc3ZnPg==\" style=\"--smush-placeholder-width: 2560px; --smush-placeholder-aspect-ratio: 2560\/1707;\" \/>                        <div class=\"overlay\"><\/div>            \n                    <\/div>\n\t\t\n        <div class=\"banner-layers container\">\n            <div class=\"fill banner-link\"><\/div>            \n\n   <div id=\"text-box-1326756858\" class=\"text-box banner-layer x5 md-x0 lg-x0 y100 md-y100 lg-y100 res-text\">\n                                <div class=\"text-box-content text dark text-shadow-5\">\n              \n              <div class=\"text-inner text-center\">\n                  \n\n<h3><span style=\"font-size: 400%;\">Touchpad<\/span><\/h3>\n<h3 class=\"lead\"><span style=\"font-size: 140%;\">Klawiatura kodowa z dwoma wyj\u015bciami przeka\u017anikowymi oraz pod\u015bwietleniem w kolorze niebieskim<br>\n<\/span><\/h3>\n\n              <\/div>\n           <\/div>\n                            \n<style>\n#text-box-1326756858 .text-box-content {\n  border-radius: 21px;\n  font-size: 70%;\n}\n#text-box-1326756858 {\n  width: 91%;\n}\n@media (min-width:550px) {\n  #text-box-1326756858 {\n    width: 52%;\n  }\n  #text-box-1326756858 .text-box-content {\n    font-size: 100%;\n  }\n}\n<\/style>\n    <\/div>\n \n\n        <\/div>\n      <\/div>\n\n            \n<style>\n#banner-1677004982 {\n  padding-top: 80%;\n  background-color: rgb(255, 255, 255);\n}\n#banner-1677004982 .overlay {\n  background-color: rgba(0, 0, 0, 0.33);\n}\n#banner-1677004982 .banner-bg img {\n  object-position: 49% 100%;\n}\n@media (min-width:550px) {\n  #banner-1677004982 {\n    padding-top: 38%;\n  }\n}\n<\/style>\n  <\/div>\n\n\n\n\t<section class=\"section\" id=\"section_468755040\">\n\t\t<div class=\"section-bg fill\" >\n\t\t\t\t\t\t\t\t\t\n\t\t\t\n\t<div class=\"is-border\"\n\t\tstyle=\"border-color:rgb(255, 255, 255);border-width:0 0px 0px 0px;margin:-0 0px 0px 0px;\">\n\t<\/div>\n\n\t\t<\/div>\n\n\t\t\n\n\t\t<div class=\"section-content relative\">\n\t\t\t\n\n<div class=\"row row-small\"  id=\"row-1650701605\">\n\n\n\t<div id=\"col-731754907\" class=\"col medium-12 small-12 large-7\"  >\n\t\t\t\t<div class=\"col-inner\"  >\n\t\t\t\n\t<div class=\"is-border\"\n\t\tstyle=\"border-width:0px 0px 0px 0px;\">\n\t<\/div>\n\t\t\t\n\n<p class=\"lead\" lang=\"zxx\" style=\"text-align: justify;\">A code keypad is primarily intended for mounting in the door leaf. It is a logical choice for those who want an alternative to a fingerprint reader. With the appropriate choice of control unit, another additional device can be operated (garage door, alarm&#8230;).<\/p>\n<p lang=\"zxx\" style=\"text-align: justify;\"><span style=\"font-size: 115%;\">Possibilities for use of the <span data-text-color=\"success\">application<\/span> to control the LED lighting of the door and for emergency unlocking of the door.<\/span><\/p>\n\n\t\t<\/div>\n\t\t\t\t\n<style>\n#col-731754907 > .col-inner {\n  padding: 30px 20px 0px 20px;\n  margin: 0px 0px -0 0px;\n  border-radius: 8px;\n}\n<\/style>\n\t<\/div>\n\n\t\n\n\t<div id=\"col-1120020980\" class=\"col medium-12 small-12 large-5\"  >\n\t\t\t\t<div class=\"col-inner\"  >\n\t\t\t\n\t\t\t\n\n<div class=\"row\"  id=\"row-1977710733\">\n\n\n\t<div id=\"col-9285291\" class=\"col small-12 large-12\"  >\n\t\t\t\t<div class=\"col-inner text-center\"  >\n\t\t\t\n\t\t\t\n\n<a href=\"https:\/\/www.navkom.si\/touchpad-manual\/\" target=\"_blank\" class=\"button primary box-shadow-3 box-shadow-3-hover reveal-icon\" rel=\"noopener\" style=\"border-radius:5px;padding:0px 34px 0px 34px;\">\n\t\t<span>Instrukcja obs\u0142ugi<\/span>\n\t<i class=\"icon-angle-right\" aria-hidden=\"true\"><\/i><\/a>\n\n\n\n\t\t<\/div>\n\t\t\t\t\n<style>\n#col-9285291 > .col-inner {\n  padding: 0px 0px 0px 0px;\n}\n<\/style>\n\t<\/div>\n\n\t\n\n\t<div id=\"col-425258229\" class=\"col small-12 large-12\"  >\n\t\t\t\t<div class=\"col-inner text-center\"  >\n\t\t\t\n\t\t\t\n\n<a href=\"https:\/\/www.navkom.si\/wp-content\/uploads\/2023\/05\/navodila-za-priklop-R5R6R7R8_2025_multilingual.pdf\" target=\"_blank\" class=\"button primary is-outline box-shadow-3 box-shadow-3-hover reveal-icon\" rel=\"noopener\" style=\"border-radius:5px;padding:0px 35px 0px 28px;\">\n\t\t<span>Instrukcja po\u0142\u0105czenia<\/span>\n\t<i class=\"icon-angle-right\" aria-hidden=\"true\"><\/i><\/a>\n\n\n\n\t\t<\/div>\n\t\t\t\t\t<\/div>\n\n\t\n\n\t<div id=\"col-1418852515\" class=\"col small-12 large-12\"  >\n\t\t\t\t<div class=\"col-inner text-center\"  >\n\t\t\t\n\t\t\t\n\n<a href=\"https:\/\/www.navkom.si\/wp-content\/uploads\/2021\/11\/SHOWROOM\/\" target=\"_blank\" class=\"button primary is-underline is-large lowercase\" rel=\"noopener\" style=\"border-radius:5px;padding:0px 50px 0px 58px;\">\n\t\t<span>Ka\u017cdy mo\u017ce zobaczy\u0107 przyk\u0142ady instalacji znajduj\u0105ce si\u0119 w naszym wirtualnym salonie<\/span>\n\t<\/a>\n\n\n\n\t\t<\/div>\n\t\t\t\t\t<\/div>\n\n\t\n\n<\/div>\n\n\t\t<\/div>\n\t\t\t\t\n<style>\n#col-1120020980 > .col-inner {\n  padding: 30px 20px 0px 20px;\n  margin: 0px 0px 0px 0px;\n  border-radius: 8px;\n}\n<\/style>\n\t<\/div>\n\n\t\n\n<\/div>\n\n\t\t<\/div>\n\n\t\t\n<style>\n#section_468755040 {\n  padding-top: 18px;\n  padding-bottom: 18px;\n  margin-bottom: -82px;\n  min-height: 0px;\n}\n@media (min-width:550px) {\n  #section_468755040 {\n    padding-top: 51px;\n    padding-bottom: 51px;\n  }\n}\n<\/style>\n\t<\/section>\n\t\n\n\t<section class=\"section\" id=\"section_26644423\">\n\t\t<div class=\"section-bg fill\" >\n\t\t\t\t\t\t\t\t\t\n\t\t\t\n\n\t\t<\/div>\n\n\t\t\n\n\t\t<div class=\"section-content relative\">\n\t\t\t\n\n<div class=\"row\"  id=\"row-1090419221\">\n\n\n\t<div id=\"col-1238257593\" class=\"col small-12 large-12\"  >\n\t\t\t\t<div class=\"col-inner\"  >\n\t\t\t\n\t\t\t\n\n\n  \n    <div class=\"row large-columns-3 medium-columns- small-columns-2 row-large\" >\n  <div class=\"gallery-col col\" data-animate=\"bounceInLeft\">\n          <div class=\"col-inner\">\n            <a class=\"image-lightbox lightbox-gallery\" href=\"https:\/\/www.navkom.si\/wp-content\/uploads\/2021\/07\/R7-TP-S-1-518x800.png\" title=\"TP-S\">            <div class=\"box has-hover gallery-box box-bounce\">\n              <div class=\"box-image\" >\n                <img decoding=\"async\" width=\"259\" height=\"400\" data-src=\"https:\/\/www.navkom.si\/wp-content\/uploads\/2021\/07\/R7-TP-S-1-259x400.png\" class=\"attachment-medium size-medium lazyload\" alt=\"\" ids=\"11266,11263,11265\" style=\"--smush-placeholder-width: 259px; --smush-placeholder-aspect-ratio: 259\/400;bounce\" col_spacing=\"large\" columns=\"3\" animate=\"bounceInLeft\" text_align=\"center\" text_size=\"xlarge\" data-srcset=\"https:\/\/www.navkom.si\/wp-content\/uploads\/2021\/07\/R7-TP-S-1-259x400.png 259w, https:\/\/www.navkom.si\/wp-content\/uploads\/2021\/07\/R7-TP-S-1-518x800.png 518w, https:\/\/www.navkom.si\/wp-content\/uploads\/2021\/07\/R7-TP-S-1-768x1187.png 768w, https:\/\/www.navkom.si\/wp-content\/uploads\/2021\/07\/R7-TP-S-1-994x1536.png 994w, https:\/\/www.navkom.si\/wp-content\/uploads\/2021\/07\/R7-TP-S-1.png 1100w\" data-sizes=\"(max-width: 259px) 100vw, 259px\" src=\"data:image\/svg+xml;base64,PHN2ZyB3aWR0aD0iMSIgaGVpZ2h0PSIxIiB4bWxucz0iaHR0cDovL3d3dy53My5vcmcvMjAwMC9zdmciPjwvc3ZnPg==\" \/>                                                              <\/div>\n              <div class=\"box-text text-center is-xlarge\" >\n                 <p>TP-S<\/p>\n              <\/div>\n            <\/div>\n            <\/a>          <\/div>\n         <\/div><div class=\"gallery-col col\" data-animate=\"bounceInLeft\">\n          <div class=\"col-inner\">\n            <a class=\"image-lightbox lightbox-gallery\" href=\"https:\/\/www.navkom.si\/wp-content\/uploads\/2021\/07\/R7-TP-B-518x800.png\" title=\"TP-B\">            <div class=\"box has-hover gallery-box box-bounce\">\n              <div class=\"box-image\" >\n                <img decoding=\"async\" width=\"259\" height=\"400\" data-src=\"https:\/\/www.navkom.si\/wp-content\/uploads\/2021\/07\/R7-TP-B-259x400.png\" class=\"attachment-medium size-medium lazyload\" alt=\"\" ids=\"11266,11263,11265\" style=\"--smush-placeholder-width: 259px; --smush-placeholder-aspect-ratio: 259\/400;bounce\" col_spacing=\"large\" columns=\"3\" animate=\"bounceInLeft\" text_align=\"center\" text_size=\"xlarge\" data-srcset=\"https:\/\/www.navkom.si\/wp-content\/uploads\/2021\/07\/R7-TP-B-259x400.png 259w, https:\/\/www.navkom.si\/wp-content\/uploads\/2021\/07\/R7-TP-B-518x800.png 518w, https:\/\/www.navkom.si\/wp-content\/uploads\/2021\/07\/R7-TP-B-768x1187.png 768w, https:\/\/www.navkom.si\/wp-content\/uploads\/2021\/07\/R7-TP-B-994x1536.png 994w, https:\/\/www.navkom.si\/wp-content\/uploads\/2021\/07\/R7-TP-B.png 1100w\" data-sizes=\"(max-width: 259px) 100vw, 259px\" src=\"data:image\/svg+xml;base64,PHN2ZyB3aWR0aD0iMSIgaGVpZ2h0PSIxIiB4bWxucz0iaHR0cDovL3d3dy53My5vcmcvMjAwMC9zdmciPjwvc3ZnPg==\" \/>                                                              <\/div>\n              <div class=\"box-text text-center is-xlarge\" >\n                 <p>TP-B<\/p>\n              <\/div>\n            <\/div>\n            <\/a>          <\/div>\n         <\/div><div class=\"gallery-col col\" data-animate=\"bounceInLeft\">\n          <div class=\"col-inner\">\n            <a class=\"image-lightbox lightbox-gallery\" href=\"https:\/\/www.navkom.si\/wp-content\/uploads\/2021\/07\/R7-TP-SB-518x800.png\" title=\"TP-SB\">            <div class=\"box has-hover gallery-box box-bounce\">\n              <div class=\"box-image\" >\n                <img decoding=\"async\" width=\"259\" height=\"400\" data-src=\"https:\/\/www.navkom.si\/wp-content\/uploads\/2021\/07\/R7-TP-SB-259x400.png\" class=\"attachment-medium size-medium lazyload\" alt=\"\" ids=\"11266,11263,11265\" style=\"--smush-placeholder-width: 259px; --smush-placeholder-aspect-ratio: 259\/400;bounce\" col_spacing=\"large\" columns=\"3\" animate=\"bounceInLeft\" text_align=\"center\" text_size=\"xlarge\" data-srcset=\"https:\/\/www.navkom.si\/wp-content\/uploads\/2021\/07\/R7-TP-SB-259x400.png 259w, https:\/\/www.navkom.si\/wp-content\/uploads\/2021\/07\/R7-TP-SB-518x800.png 518w, https:\/\/www.navkom.si\/wp-content\/uploads\/2021\/07\/R7-TP-SB-768x1187.png 768w, https:\/\/www.navkom.si\/wp-content\/uploads\/2021\/07\/R7-TP-SB-994x1536.png 994w, https:\/\/www.navkom.si\/wp-content\/uploads\/2021\/07\/R7-TP-SB.png 1100w\" data-sizes=\"(max-width: 259px) 100vw, 259px\" src=\"data:image\/svg+xml;base64,PHN2ZyB3aWR0aD0iMSIgaGVpZ2h0PSIxIiB4bWxucz0iaHR0cDovL3d3dy53My5vcmcvMjAwMC9zdmciPjwvc3ZnPg==\" \/>                                                              <\/div>\n              <div class=\"box-text text-center is-xlarge\" >\n                 <p>TP-SB<\/p>\n              <\/div>\n            <\/div>\n            <\/a>          <\/div>\n         <\/div><\/div>\n\n\n\t\t<\/div>\n\t\t\t\t\t<\/div>\n\n\t\n\n<\/div>\n\n\t\t<\/div>\n\n\t\t\n<style>\n#section_26644423 {\n  padding-top: 30px;\n  padding-bottom: 30px;\n}\n<\/style>\n\t<\/section>\n\t\n\n","protected":false},"excerpt":{"rendered":"","protected":false},"author":1,"featured_media":0,"parent":0,"menu_order":0,"comment_status":"closed","ping_status":"closed","template":"","meta":{"_monsterinsights_skip_tracking":false,"_monsterinsights_sitenote_active":false,"_monsterinsights_sitenote_note":"","_monsterinsights_sitenote_category":0,"footnotes":""},"class_list":["post-11598","page","type-page","status-publish","hentry"],"yoast_head":"<!-- This site is optimized with the Yoast SEO plugin v27.4 - https:\/\/yoast.com\/product\/yoast-seo-wordpress\/ -->\n<title>Touchpad | Navkom<\/title>\n<meta name=\"robots\" content=\"index, follow, max-snippet:-1, max-image-preview:large, max-video-preview:-1\" \/>\n<link rel=\"canonical\" href=\"https:\/\/www.navkom.si\/izdelki\/touchpad-old\/\" \/>\n<meta property=\"og:locale\" content=\"pl_PL\" \/>\n<meta property=\"og:type\" content=\"article\" \/>\n<meta property=\"og:title\" content=\"Touchpad | Navkom\" \/>\n<meta property=\"og:url\" content=\"https:\/\/www.navkom.si\/izdelki\/touchpad-old\/\" \/>\n<meta property=\"og:site_name\" content=\"Navkom\" \/>\n<meta property=\"article:publisher\" content=\"https:\/\/www.facebook.com\/Navkom-fingerprint-readers-150915411647792\" \/>\n<meta property=\"article:modified_time\" content=\"2025-05-29T08:31:05+00:00\" \/>\n<meta property=\"og:image\" content=\"https:\/\/www.navkom.si\/wp-content\/uploads\/2020\/11\/Navkom-logo-e1604474702264.png\" \/>\n\t<meta property=\"og:image:width\" content=\"968\" \/>\n\t<meta property=\"og:image:height\" content=\"339\" \/>\n\t<meta property=\"og:image:type\" content=\"image\/png\" \/>\n<meta name=\"twitter:card\" content=\"summary_large_image\" \/>\n<meta name=\"twitter:label1\" content=\"Szacowany czas czytania\" \/>\n\t<meta name=\"twitter:data1\" content=\"2 minuta\" \/>\n<script type=\"application\/ld+json\" class=\"yoast-schema-graph\">{\"@context\":\"https:\\\/\\\/schema.org\",\"@graph\":[{\"@type\":\"WebPage\",\"@id\":\"https:\\\/\\\/www.navkom.si\\\/izdelki\\\/touchpad-old\\\/\",\"url\":\"https:\\\/\\\/www.navkom.si\\\/izdelki\\\/touchpad-old\\\/\",\"name\":\"Touchpad | Navkom\",\"isPartOf\":{\"@id\":\"https:\\\/\\\/www.navkom.si\\\/#website\"},\"datePublished\":\"2022-02-01T11:13:57+00:00\",\"dateModified\":\"2025-05-29T08:31:05+00:00\",\"breadcrumb\":{\"@id\":\"https:\\\/\\\/www.navkom.si\\\/izdelki\\\/touchpad-old\\\/#breadcrumb\"},\"inLanguage\":\"pl-PL\",\"potentialAction\":[{\"@type\":\"ReadAction\",\"target\":[\"https:\\\/\\\/www.navkom.si\\\/izdelki\\\/touchpad-old\\\/\"]}]},{\"@type\":\"BreadcrumbList\",\"@id\":\"https:\\\/\\\/www.navkom.si\\\/izdelki\\\/touchpad-old\\\/#breadcrumb\",\"itemListElement\":[{\"@type\":\"ListItem\",\"position\":1,\"name\":\"Home\",\"item\":\"https:\\\/\\\/www.navkom.si\\\/pl\\\/\"},{\"@type\":\"ListItem\",\"position\":2,\"name\":\"Touchpad\"}]},{\"@type\":\"WebSite\",\"@id\":\"https:\\\/\\\/www.navkom.si\\\/#website\",\"url\":\"https:\\\/\\\/www.navkom.si\\\/\",\"name\":\"Navkom\",\"description\":\"\u010citalniki prstnih odtisov\",\"publisher\":{\"@id\":\"https:\\\/\\\/www.navkom.si\\\/#organization\"},\"potentialAction\":[{\"@type\":\"SearchAction\",\"target\":{\"@type\":\"EntryPoint\",\"urlTemplate\":\"https:\\\/\\\/www.navkom.si\\\/?s={search_term_string}\"},\"query-input\":{\"@type\":\"PropertyValueSpecification\",\"valueRequired\":true,\"valueName\":\"search_term_string\"}}],\"inLanguage\":\"pl-PL\"},{\"@type\":\"Organization\",\"@id\":\"https:\\\/\\\/www.navkom.si\\\/#organization\",\"name\":\"Navkom d.o.o.\",\"url\":\"https:\\\/\\\/www.navkom.si\\\/\",\"logo\":{\"@type\":\"ImageObject\",\"inLanguage\":\"pl-PL\",\"@id\":\"https:\\\/\\\/www.navkom.si\\\/#\\\/schema\\\/logo\\\/image\\\/\",\"url\":\"https:\\\/\\\/www.navkom.si\\\/wp-content\\\/uploads\\\/2020\\\/11\\\/Navkom-logo-e1604474702264.png\",\"contentUrl\":\"https:\\\/\\\/www.navkom.si\\\/wp-content\\\/uploads\\\/2020\\\/11\\\/Navkom-logo-e1604474702264.png\",\"width\":968,\"height\":339,\"caption\":\"Navkom d.o.o.\"},\"image\":{\"@id\":\"https:\\\/\\\/www.navkom.si\\\/#\\\/schema\\\/logo\\\/image\\\/\"},\"sameAs\":[\"https:\\\/\\\/www.facebook.com\\\/Navkom-fingerprint-readers-150915411647792\",\"https:\\\/\\\/www.linkedin.com\\\/company\\\/navkom\",\"https:\\\/\\\/www.youtube.com\\\/channel\\\/UCRxNGgBFfBxIwcydLnQW7Ew\"]}]}<\/script>\n<!-- \/ Yoast SEO plugin. -->","yoast_head_json":{"title":"Touchpad | Navkom","robots":{"index":"index","follow":"follow","max-snippet":"max-snippet:-1","max-image-preview":"max-image-preview:large","max-video-preview":"max-video-preview:-1"},"canonical":"https:\/\/www.navkom.si\/izdelki\/touchpad-old\/","og_locale":"pl_PL","og_type":"article","og_title":"Touchpad | Navkom","og_url":"https:\/\/www.navkom.si\/izdelki\/touchpad-old\/","og_site_name":"Navkom","article_publisher":"https:\/\/www.facebook.com\/Navkom-fingerprint-readers-150915411647792","article_modified_time":"2025-05-29T08:31:05+00:00","og_image":[{"width":968,"height":339,"url":"https:\/\/www.navkom.si\/wp-content\/uploads\/2020\/11\/Navkom-logo-e1604474702264.png","type":"image\/png"}],"twitter_card":"summary_large_image","twitter_misc":{"Szacowany czas czytania":"2 minuta"},"schema":{"@context":"https:\/\/schema.org","@graph":[{"@type":"WebPage","@id":"https:\/\/www.navkom.si\/izdelki\/touchpad-old\/","url":"https:\/\/www.navkom.si\/izdelki\/touchpad-old\/","name":"Touchpad | Navkom","isPartOf":{"@id":"https:\/\/www.navkom.si\/#website"},"datePublished":"2022-02-01T11:13:57+00:00","dateModified":"2025-05-29T08:31:05+00:00","breadcrumb":{"@id":"https:\/\/www.navkom.si\/izdelki\/touchpad-old\/#breadcrumb"},"inLanguage":"pl-PL","potentialAction":[{"@type":"ReadAction","target":["https:\/\/www.navkom.si\/izdelki\/touchpad-old\/"]}]},{"@type":"BreadcrumbList","@id":"https:\/\/www.navkom.si\/izdelki\/touchpad-old\/#breadcrumb","itemListElement":[{"@type":"ListItem","position":1,"name":"Home","item":"https:\/\/www.navkom.si\/pl\/"},{"@type":"ListItem","position":2,"name":"Touchpad"}]},{"@type":"WebSite","@id":"https:\/\/www.navkom.si\/#website","url":"https:\/\/www.navkom.si\/","name":"Navkom","description":"\u010citalniki prstnih odtisov","publisher":{"@id":"https:\/\/www.navkom.si\/#organization"},"potentialAction":[{"@type":"SearchAction","target":{"@type":"EntryPoint","urlTemplate":"https:\/\/www.navkom.si\/?s={search_term_string}"},"query-input":{"@type":"PropertyValueSpecification","valueRequired":true,"valueName":"search_term_string"}}],"inLanguage":"pl-PL"},{"@type":"Organization","@id":"https:\/\/www.navkom.si\/#organization","name":"Navkom d.o.o.","url":"https:\/\/www.navkom.si\/","logo":{"@type":"ImageObject","inLanguage":"pl-PL","@id":"https:\/\/www.navkom.si\/#\/schema\/logo\/image\/","url":"https:\/\/www.navkom.si\/wp-content\/uploads\/2020\/11\/Navkom-logo-e1604474702264.png","contentUrl":"https:\/\/www.navkom.si\/wp-content\/uploads\/2020\/11\/Navkom-logo-e1604474702264.png","width":968,"height":339,"caption":"Navkom d.o.o."},"image":{"@id":"https:\/\/www.navkom.si\/#\/schema\/logo\/image\/"},"sameAs":["https:\/\/www.facebook.com\/Navkom-fingerprint-readers-150915411647792","https:\/\/www.linkedin.com\/company\/navkom","https:\/\/www.youtube.com\/channel\/UCRxNGgBFfBxIwcydLnQW7Ew"]}]}},"_links":{"self":[{"href":"https:\/\/www.navkom.si\/pl\/wp-json\/wp\/v2\/pages\/11598","targetHints":{"allow":["GET"]}}],"collection":[{"href":"https:\/\/www.navkom.si\/pl\/wp-json\/wp\/v2\/pages"}],"about":[{"href":"https:\/\/www.navkom.si\/pl\/wp-json\/wp\/v2\/types\/page"}],"author":[{"embeddable":true,"href":"https:\/\/www.navkom.si\/pl\/wp-json\/wp\/v2\/users\/1"}],"replies":[{"embeddable":true,"href":"https:\/\/www.navkom.si\/pl\/wp-json\/wp\/v2\/comments?post=11598"}],"version-history":[{"count":11,"href":"https:\/\/www.navkom.si\/pl\/wp-json\/wp\/v2\/pages\/11598\/revisions"}],"predecessor-version":[{"id":21118,"href":"https:\/\/www.navkom.si\/pl\/wp-json\/wp\/v2\/pages\/11598\/revisions\/21118"}],"wp:attachment":[{"href":"https:\/\/www.navkom.si\/pl\/wp-json\/wp\/v2\/media?parent=11598"}],"curies":[{"name":"wp","href":"https:\/\/api.w.org\/{rel}","templated":true}]}}