{"id":11486,"date":"2022-01-25T12:24:22","date_gmt":"2022-01-25T12:24:22","guid":{"rendered":"https:\/\/www.navkom.si\/odpowiedzialnosc-zbiorowa\/"},"modified":"2025-04-16T11:08:51","modified_gmt":"2025-04-16T11:08:51","slug":"odpowiedzialnosc-zbiorowa","status":"publish","type":"page","link":"https:\/\/www.navkom.si\/pl\/odpowiedzialnosc-zbiorowa\/","title":{"rendered":"odpowiedzialno\u015b\u0107 zbiorowa"},"content":{"rendered":"\n\n\t<section class=\"section\" id=\"section_957628991\">\n\t\t<div class=\"section-bg fill\" >\n\t\t\t\t\t\t\t\t\t\n\t\t\t\n\n\t\t<\/div>\n\n\t\t\n\n\t\t<div class=\"section-content relative\">\n\t\t\t\n\n\n  <div class=\"banner has-hover\" id=\"banner-1250803814\">\n          <div class=\"banner-inner fill\">\n        <div class=\"banner-bg fill\" >\n            <img decoding=\"async\" width=\"1020\" height=\"680\" data-src=\"https:\/\/www.navkom.si\/wp-content\/uploads\/2020\/11\/bed-1284238_1920-1200x800.jpg\" class=\"bg attachment-large size-large lazyload\" alt=\"\" src=\"data:image\/svg+xml;base64,PHN2ZyB3aWR0aD0iMSIgaGVpZ2h0PSIxIiB4bWxucz0iaHR0cDovL3d3dy53My5vcmcvMjAwMC9zdmciPjwvc3ZnPg==\" style=\"--smush-placeholder-width: 1020px; --smush-placeholder-aspect-ratio: 1020\/680;\" \/>                                    \n                    <\/div>\n\t\t\n        <div class=\"banner-layers container\">\n            <div class=\"fill banner-link\"><\/div>            \n\n   <div id=\"text-box-604969228\" class=\"text-box banner-layer x50 md-x50 lg-x50 y50 md-y50 lg-y50 res-text\">\n                                <div class=\"text-box-content text dark\">\n              \n              <div class=\"text-inner text-center\">\n                  \n\n\n              <\/div>\n           <\/div>\n                            \n<style>\n#text-box-604969228 {\n  width: 60%;\n}\n#text-box-604969228 .text-box-content {\n  font-size: 100%;\n}\n<\/style>\n    <\/div>\n \n\n        <\/div>\n      <\/div>\n\n            \n<style>\n#banner-1250803814 {\n  padding-top: 200px;\n}\n#banner-1250803814 .banner-bg img {\n  object-position: 3% 69%;\n}\n@media (min-width:550px) {\n  #banner-1250803814 {\n    padding-top: 500px;\n  }\n}\n<\/style>\n  <\/div>\n\n\n\t<div id=\"gap-1956784342\" class=\"gap-element clearfix\" style=\"display:block; height:auto;\">\n\t\t\n<style>\n#gap-1956784342 {\n  padding-top: 30px;\n}\n<\/style>\n\t<\/div>\n\t\n\n\n\t\t<\/div>\n\n\t\t\n<style>\n#section_957628991 {\n  padding-top: 0px;\n  padding-bottom: 0px;\n}\n<\/style>\n\t<\/section>\n\t\n\n\t<section class=\"section\" id=\"section_19049582\">\n\t\t<div class=\"section-bg fill\" >\n\t\t\t\t\t\t\t\t\t\n\t\t\t\n\n\t\t<\/div>\n\n\t\t\n\n\t\t<div class=\"section-content relative\">\n\t\t\t\n\n<div class=\"row\"  id=\"row-408359576\">\n\n\n\t<div id=\"col-1389467859\" class=\"col small-12 large-12\"  >\n\t\t\t\t<div class=\"col-inner box-shadow-2\" style=\"background-color:rgb(255,255,255);\" >\n\t\t\t\n\t\t\t\n\n<h3 class=\"zn_text_box-title zn_text_box-title--style1\"><span style=\"color: #f99b1c;\">W NASZEJ FIRMIE STOSUJEMY ZASADY KORPORACYJNEJ, SPO\u0141ECZNEJ ODPOWIEDZIALNO\u015aCI<\/span><\/h3>\n<blockquote>\n<p>Od momentu kiedy rozpocz\u0119li\u015bmy produkowa\u0107 czytniki linii papilarnych nieustanie podnosimy bezpiecze\u0144stwo dom\u00f3w i mieszka\u0144 naszych klient\u00f3w. Mo\u017cna powiedzie\u0107, \u017ce psy str\u00f3\u017cuj\u0105ce straci\u0142y swoje zaj\u0119cie,<\/p>\n<\/blockquote>\n<p>\u017cartuje nasz CEO i za\u0142o\u017cyciel Tadej Weber.<\/p>\n<div>\u017barty na bok: W Navkom cenimy zwierz\u0119ta i uwa\u017camy, \u017ce psy nie powinny by\u0107 przykuwane \u0142a\u0144cuchami lub przetrzymywane w ciasnych budach. Uwa\u017camy ich za cz\u0142onk\u00f3w rodziny, a nie \u201e\u017cyw\u0105 k\u0142\u00f3dk\u0119\u201d. Ale przede wszystkim \u017cadne zwierz\u0119 nie powinno zosta\u0107 wyrzucone. Dlatego wspieramy finansowo lokalne schroniska dla zwierz\u0105t.<\/div>\n<div>\u00a0<\/div>\n<div>B\u0105d\u017a jak Navkom: pozw\u00f3l swojemu psu le\u017ce\u0107 na kanapie.<\/div>\n<div>\u00a0<\/div>\n<div>Tak jak zwierz\u0119ta szanujemy nasz\u0105 planet\u0119, dlatego dbamy o to, aby nasze procesy produkcyjne w jak najmniejszym stopniu obci\u0105\u017ca\u0142y \u015brodowisko naturalne.<\/div>\n\n\t\t<\/div>\n\t\t\t\t\n<style>\n#col-1389467859 > .col-inner {\n  padding: 20px 20px 0px 20px;\n  margin: -150px 0px 0px 0px;\n}\n@media (min-width:550px) {\n  #col-1389467859 > .col-inner {\n    margin: -170px 0px 0px 0px;\n  }\n}\n<\/style>\n\t<\/div>\n\n\t\n\n<\/div>\n\n\t\t<\/div>\n\n\t\t\n<style>\n#section_19049582 {\n  padding-top: 29px;\n  padding-bottom: 29px;\n}\n<\/style>\n\t<\/section>\n\t\n\n","protected":false},"excerpt":{"rendered":"","protected":false},"author":1,"featured_media":0,"parent":0,"menu_order":0,"comment_status":"closed","ping_status":"closed","template":"","meta":{"_monsterinsights_skip_tracking":false,"_monsterinsights_sitenote_active":false,"_monsterinsights_sitenote_note":"","_monsterinsights_sitenote_category":0,"footnotes":""},"class_list":["post-11486","page","type-page","status-publish","hentry"],"yoast_head":"<!-- This site is optimized with the Yoast SEO plugin v27.4 - https:\/\/yoast.com\/product\/yoast-seo-wordpress\/ -->\n<title>odpowiedzialno\u015b\u0107 zbiorowa | Navkom<\/title>\n<meta name=\"robots\" content=\"index, follow, max-snippet:-1, max-image-preview:large, max-video-preview:-1\" \/>\n<link rel=\"canonical\" href=\"https:\/\/www.navkom.si\/druzbena-odgovornost\/\" \/>\n<meta property=\"og:locale\" content=\"pl_PL\" \/>\n<meta property=\"og:type\" content=\"article\" \/>\n<meta property=\"og:title\" content=\"odpowiedzialno\u015b\u0107 zbiorowa | Navkom\" \/>\n<meta property=\"og:url\" content=\"https:\/\/www.navkom.si\/druzbena-odgovornost\/\" \/>\n<meta property=\"og:site_name\" content=\"Navkom\" \/>\n<meta property=\"article:publisher\" content=\"https:\/\/www.facebook.com\/Navkom-fingerprint-readers-150915411647792\" \/>\n<meta property=\"article:modified_time\" content=\"2025-04-16T11:08:51+00:00\" \/>\n<meta property=\"og:image\" content=\"https:\/\/www.navkom.si\/wp-content\/uploads\/2020\/11\/Navkom-logo-e1604474702264.png\" \/>\n\t<meta property=\"og:image:width\" content=\"968\" \/>\n\t<meta property=\"og:image:height\" content=\"339\" \/>\n\t<meta property=\"og:image:type\" content=\"image\/png\" \/>\n<meta name=\"twitter:card\" content=\"summary_large_image\" \/>\n<meta name=\"twitter:label1\" content=\"Szacowany czas czytania\" \/>\n\t<meta name=\"twitter:data1\" content=\"1 minuta\" \/>\n<script type=\"application\/ld+json\" class=\"yoast-schema-graph\">{\"@context\":\"https:\\\/\\\/schema.org\",\"@graph\":[{\"@type\":\"WebPage\",\"@id\":\"https:\\\/\\\/www.navkom.si\\\/druzbena-odgovornost\\\/\",\"url\":\"https:\\\/\\\/www.navkom.si\\\/druzbena-odgovornost\\\/\",\"name\":\"odpowiedzialno\u015b\u0107 zbiorowa | Navkom\",\"isPartOf\":{\"@id\":\"https:\\\/\\\/www.navkom.si\\\/#website\"},\"datePublished\":\"2022-01-25T12:24:22+00:00\",\"dateModified\":\"2025-04-16T11:08:51+00:00\",\"breadcrumb\":{\"@id\":\"https:\\\/\\\/www.navkom.si\\\/druzbena-odgovornost\\\/#breadcrumb\"},\"inLanguage\":\"pl-PL\",\"potentialAction\":[{\"@type\":\"ReadAction\",\"target\":[\"https:\\\/\\\/www.navkom.si\\\/druzbena-odgovornost\\\/\"]}]},{\"@type\":\"BreadcrumbList\",\"@id\":\"https:\\\/\\\/www.navkom.si\\\/druzbena-odgovornost\\\/#breadcrumb\",\"itemListElement\":[{\"@type\":\"ListItem\",\"position\":1,\"name\":\"Home\",\"item\":\"https:\\\/\\\/www.navkom.si\\\/pl\\\/\"},{\"@type\":\"ListItem\",\"position\":2,\"name\":\"odpowiedzialno\u015b\u0107 zbiorowa\"}]},{\"@type\":\"WebSite\",\"@id\":\"https:\\\/\\\/www.navkom.si\\\/#website\",\"url\":\"https:\\\/\\\/www.navkom.si\\\/\",\"name\":\"Navkom\",\"description\":\"\u010citalniki prstnih odtisov\",\"publisher\":{\"@id\":\"https:\\\/\\\/www.navkom.si\\\/#organization\"},\"potentialAction\":[{\"@type\":\"SearchAction\",\"target\":{\"@type\":\"EntryPoint\",\"urlTemplate\":\"https:\\\/\\\/www.navkom.si\\\/?s={search_term_string}\"},\"query-input\":{\"@type\":\"PropertyValueSpecification\",\"valueRequired\":true,\"valueName\":\"search_term_string\"}}],\"inLanguage\":\"pl-PL\"},{\"@type\":\"Organization\",\"@id\":\"https:\\\/\\\/www.navkom.si\\\/#organization\",\"name\":\"Navkom d.o.o.\",\"url\":\"https:\\\/\\\/www.navkom.si\\\/\",\"logo\":{\"@type\":\"ImageObject\",\"inLanguage\":\"pl-PL\",\"@id\":\"https:\\\/\\\/www.navkom.si\\\/#\\\/schema\\\/logo\\\/image\\\/\",\"url\":\"https:\\\/\\\/www.navkom.si\\\/wp-content\\\/uploads\\\/2020\\\/11\\\/Navkom-logo-e1604474702264.png\",\"contentUrl\":\"https:\\\/\\\/www.navkom.si\\\/wp-content\\\/uploads\\\/2020\\\/11\\\/Navkom-logo-e1604474702264.png\",\"width\":968,\"height\":339,\"caption\":\"Navkom d.o.o.\"},\"image\":{\"@id\":\"https:\\\/\\\/www.navkom.si\\\/#\\\/schema\\\/logo\\\/image\\\/\"},\"sameAs\":[\"https:\\\/\\\/www.facebook.com\\\/Navkom-fingerprint-readers-150915411647792\",\"https:\\\/\\\/www.linkedin.com\\\/company\\\/navkom\",\"https:\\\/\\\/www.youtube.com\\\/channel\\\/UCRxNGgBFfBxIwcydLnQW7Ew\"]}]}<\/script>\n<!-- \/ Yoast SEO plugin. -->","yoast_head_json":{"title":"odpowiedzialno\u015b\u0107 zbiorowa | Navkom","robots":{"index":"index","follow":"follow","max-snippet":"max-snippet:-1","max-image-preview":"max-image-preview:large","max-video-preview":"max-video-preview:-1"},"canonical":"https:\/\/www.navkom.si\/druzbena-odgovornost\/","og_locale":"pl_PL","og_type":"article","og_title":"odpowiedzialno\u015b\u0107 zbiorowa | Navkom","og_url":"https:\/\/www.navkom.si\/druzbena-odgovornost\/","og_site_name":"Navkom","article_publisher":"https:\/\/www.facebook.com\/Navkom-fingerprint-readers-150915411647792","article_modified_time":"2025-04-16T11:08:51+00:00","og_image":[{"width":968,"height":339,"url":"https:\/\/www.navkom.si\/wp-content\/uploads\/2020\/11\/Navkom-logo-e1604474702264.png","type":"image\/png"}],"twitter_card":"summary_large_image","twitter_misc":{"Szacowany czas czytania":"1 minuta"},"schema":{"@context":"https:\/\/schema.org","@graph":[{"@type":"WebPage","@id":"https:\/\/www.navkom.si\/druzbena-odgovornost\/","url":"https:\/\/www.navkom.si\/druzbena-odgovornost\/","name":"odpowiedzialno\u015b\u0107 zbiorowa | Navkom","isPartOf":{"@id":"https:\/\/www.navkom.si\/#website"},"datePublished":"2022-01-25T12:24:22+00:00","dateModified":"2025-04-16T11:08:51+00:00","breadcrumb":{"@id":"https:\/\/www.navkom.si\/druzbena-odgovornost\/#breadcrumb"},"inLanguage":"pl-PL","potentialAction":[{"@type":"ReadAction","target":["https:\/\/www.navkom.si\/druzbena-odgovornost\/"]}]},{"@type":"BreadcrumbList","@id":"https:\/\/www.navkom.si\/druzbena-odgovornost\/#breadcrumb","itemListElement":[{"@type":"ListItem","position":1,"name":"Home","item":"https:\/\/www.navkom.si\/pl\/"},{"@type":"ListItem","position":2,"name":"odpowiedzialno\u015b\u0107 zbiorowa"}]},{"@type":"WebSite","@id":"https:\/\/www.navkom.si\/#website","url":"https:\/\/www.navkom.si\/","name":"Navkom","description":"\u010citalniki prstnih odtisov","publisher":{"@id":"https:\/\/www.navkom.si\/#organization"},"potentialAction":[{"@type":"SearchAction","target":{"@type":"EntryPoint","urlTemplate":"https:\/\/www.navkom.si\/?s={search_term_string}"},"query-input":{"@type":"PropertyValueSpecification","valueRequired":true,"valueName":"search_term_string"}}],"inLanguage":"pl-PL"},{"@type":"Organization","@id":"https:\/\/www.navkom.si\/#organization","name":"Navkom d.o.o.","url":"https:\/\/www.navkom.si\/","logo":{"@type":"ImageObject","inLanguage":"pl-PL","@id":"https:\/\/www.navkom.si\/#\/schema\/logo\/image\/","url":"https:\/\/www.navkom.si\/wp-content\/uploads\/2020\/11\/Navkom-logo-e1604474702264.png","contentUrl":"https:\/\/www.navkom.si\/wp-content\/uploads\/2020\/11\/Navkom-logo-e1604474702264.png","width":968,"height":339,"caption":"Navkom d.o.o."},"image":{"@id":"https:\/\/www.navkom.si\/#\/schema\/logo\/image\/"},"sameAs":["https:\/\/www.facebook.com\/Navkom-fingerprint-readers-150915411647792","https:\/\/www.linkedin.com\/company\/navkom","https:\/\/www.youtube.com\/channel\/UCRxNGgBFfBxIwcydLnQW7Ew"]}]}},"_links":{"self":[{"href":"https:\/\/www.navkom.si\/pl\/wp-json\/wp\/v2\/pages\/11486","targetHints":{"allow":["GET"]}}],"collection":[{"href":"https:\/\/www.navkom.si\/pl\/wp-json\/wp\/v2\/pages"}],"about":[{"href":"https:\/\/www.navkom.si\/pl\/wp-json\/wp\/v2\/types\/page"}],"author":[{"embeddable":true,"href":"https:\/\/www.navkom.si\/pl\/wp-json\/wp\/v2\/users\/1"}],"replies":[{"embeddable":true,"href":"https:\/\/www.navkom.si\/pl\/wp-json\/wp\/v2\/comments?post=11486"}],"version-history":[{"count":10,"href":"https:\/\/www.navkom.si\/pl\/wp-json\/wp\/v2\/pages\/11486\/revisions"}],"predecessor-version":[{"id":19133,"href":"https:\/\/www.navkom.si\/pl\/wp-json\/wp\/v2\/pages\/11486\/revisions\/19133"}],"wp:attachment":[{"href":"https:\/\/www.navkom.si\/pl\/wp-json\/wp\/v2\/media?parent=11486"}],"curies":[{"name":"wp","href":"https:\/\/api.w.org\/{rel}","templated":true}]}}