{"id":9913,"date":"2021-09-28T07:37:46","date_gmt":"2021-09-28T07:37:46","guid":{"rendered":"https:\/\/www.navkom.si\/politica-sui-cookie\/"},"modified":"2021-09-28T07:52:31","modified_gmt":"2021-09-28T07:52:31","slug":"politica-sui-cookie","status":"publish","type":"page","link":"https:\/\/www.navkom.si\/it\/politica-sui-cookie\/","title":{"rendered":"POLITICA SUI COOKIE"},"content":{"rendered":"\n\t<div id=\"gap-1667056356\" class=\"gap-element clearfix\" style=\"display:block; height:auto;\">\n\t\t\n<style>\n#gap-1667056356 {\n  padding-top: 30px;\n}\n<\/style>\n\t<\/div>\n\t\n\n  <div id=\"page-header-191323812\" class=\"page-header-wrapper\">\n  <div class=\"page-title light divided-title\">\n\n    \n    <div class=\"page-title-inner container align-center text-center flex-row-col medium-flex-wrap\" >\n              <div class=\"title-wrapper flex-col\">\n          <h1 class=\"entry-title mb-0\">\n            POLITICA SUI COOKIE          <\/h1>\n        <\/div>\n                    <div class=\"title-content flex-col\">\n        <div class=\"title-breadcrumbs pb-half pt-half\"><\/div>      <\/div>\n    <\/div>\n\n       <\/div>\n  <div class=\"container header-wrapper-divider\"><hr\/><\/div>  <\/div>\n  \n\n<div class=\"row\"  id=\"row-809941871\">\n\n\n\t<div id=\"col-1777928000\" class=\"col small-12 large-12\"  >\n\t\t\t\t<div class=\"col-inner\"  >\n\t\t\t\n\t\t\t\n\n<div class=\"cli_pg_page_contaner\">\n<h3>In merito a questa politica sui cookie<\/h3>\n<div>\n<p>La presente Politica sui cookie spiega cosa sono i cookie, come vengono utilizzati, le tipologie di cookie usate, ovvero le informazioni che vengono raccolte tramite questi strumenti e il modo in cui tali informazioni vengono sfruttate, nonch\u00e9 chiarisce come controllare le preferenze circa i cookie. Per ulteriori informazioni su come i dati dell&#8217;utente vengono sfruttati, archiviati e mantenuti al sicuro, si pu\u00f2 fare riferimento alla Politica sulla privacy.<\/p>\n<p>In qualsiasi momento, \u00e8 possibile modificare o annullare il consenso usando la Dichiarazione dei cookie presente sul nostro sito<\/p>\n<p>Per scoprire altro su chi siamo, sui nostri contatti e su come elaboriamo i dati personali degli utenti, \u00e8 possibile consultare la Politica sulla privacy.<\/p>\n<p>Il consenso dell&#8217;utente si applica ai seguenti domini: <a href=\"https:\/\/www.navkom.si\">www.navkom.si<\/a><\/p>\n<div class=\"cli_user_consent_state\">Il tuo stato attuale: Non \u00e8 stato concesso alcun consenso. <a class=\"cli_manage_current_consent\" style=\"cursor:pointer;text-decoration:underline;\">Gestisci il tuo consenso.<\/a> <\/div>\n<p>\u00a0<\/p>\n<h3>Cosa sono i cookie?<\/h3>\n<p>I cookie sono brevi file testuali utilizzati per archiviare informazioni di piccole dimensioni. Vengono memorizzati sul dispositivo dell&#8217;utente quando il sito web viene caricato nel browser. Questi cookie contribuiscono a far funzionare adeguatamente il sito web, a renderlo pi\u00f9 sicuro, a fornire un&#8217;esperienza utente migliorata e a comprendere le prestazioni del sito stesso (analizzando ci\u00f2 che funziona bene e ci\u00f2 che invece necessita di essere migliorato).<\/p>\n<h3>Come vengono utilizzati i cookie?<\/h3>\n<p>Come gran parte dei servizi online, anche il presente sito usa cookie di prima e di terza parte per svariati scopi. I cookie di prima parte sono perlopi\u00f9 necessari affinch\u00e9 il sito web funzioni adeguatamente e non raccolgono alcun dato che riconduce all&#8217;identit\u00e0 dell&#8217;utente.<\/p>\n<p>I cookie di terza parte usati sul presente sito sono soprattutto volti a comprendere le prestazioni del sito e il modo in cui l&#8217;utente interagisce con esso, a mantenere i servizi al sicuro, a fornire pubblicit\u00e0 mirate e, in generale, ad offrire un&#8217;esperienza migliorata per l&#8217;utente, contribuendo per esempio ad accelerare le interazioni future del medesimo utente all&#8217;interno del medesimo sito web.<\/p>\n<h3>Che tipi di cookie usiamo?<\/h3>\n<p><strong>Essenziali:<\/strong> Alcuni cookie sono essenziali affinch\u00e9 l&#8217;utente possa usufruire della funzionalit\u00e0 completa del sito. Ci\u00f2 permette di mantenere le sessioni dell&#8217;utente e di evitare le minacce alla sicurezza. Non raccolgono n\u00e9 memorizzano informazioni personali. Per esempio, questi cookie permettono all&#8217;utente di fare il login nell&#8217;account, di aggiungere prodotti al carrello e di effettuare un checkout in sicurezza.<\/p>\n<p><strong>Statistici:<\/strong> Questi cookie archiviano informazioni come il numero di visitatori del sito, il numero di visitatori unici, quali pagine del sito sono state visitate, la fonte della visita, ecc. Tali dati aiutano a comprendere e ad analizzare le prestazioni del sito e i punti in cui necessita di miglioramenti.<\/p>\n<p><strong>Marketing:<\/strong> Il presente sito web pu\u00f2 visualizzare pubblicit\u00e0. Tali cookie sono usati per personalizzare gli annunci da mostrare agli utenti, in modo che siano il pi\u00f9 significativi possibile. Inoltre, questi cookie aiutano a tracciare l&#8217;efficienza di tali campagne pubblicitarie.<\/p>\n<p>Le informazioni archiviate in questi cookie possono anche essere sfruttate da enti pubblicitari terzi per mostrare all&#8217;utente gli annunci anche su altri siti web nel browser.<\/p>\n<p><strong>Funzionali:<\/strong> Tali cookie contribuiscono ad alcune funzionalit\u00e0 non essenziali all&#8217;interno del sito web. Tra queste funzionalit\u00e0, vi sono l&#8217;incorporamento di contenuti video e la condivisione di materiali del sito su piattaforme di social media.<\/p>\n<p><strong>Preferenze:<\/strong> Questi cookie aiutano a memorizzare le impostazioni e le preferenze di navigazione dell&#8217;utente (ad es. la lingua di navigazione), in modo da offreire un&#8217;esperienza sempre migliore e sempre pi\u00f9 efficiente nelle visite future.<\/p>\n<\/div>\n<div>\n<p>La lista sottostante spiega in dettaglio i cookie usati in questo sito web.<\/p><table class=\"cookielawinfo-row-cat-table cookielawinfo-classic\"><thead><tr><th class=\"cookielawinfo-column-1\">Cookie<\/th><th class=\"cookielawinfo-column-4\">Descrizione<\/th><\/tr><\/thead><tbody><tr class=\"cookielawinfo-row\"><td class=\"cookielawinfo-column-1\">cookielawinfo-checkbox-analytics<\/td><td class=\"cookielawinfo-column-4\">Questo cookie \u00e8 impostato da plugin di Consenso ai cookie GDPR. Il cookie viene utilizzato per archiviare il consenso dell'utente nei confronti dei cookie nella categoria \"Analitici\".<\/td><\/tr><tr class=\"cookielawinfo-row\"><td class=\"cookielawinfo-column-1\">cookielawinfo-checkbox-functional<\/td><td class=\"cookielawinfo-column-4\">Il cookie \u00e8 impostato da consenso ai cookie GDPR per registrare il consenso dell'utente nei confronti dei cookie nella categoria \"Necessari\".<\/td><\/tr><tr class=\"cookielawinfo-row\"><td class=\"cookielawinfo-column-1\">cookielawinfo-checkbox-necessary<\/td><td class=\"cookielawinfo-column-4\">Il cookie \u00e8 impostato da consenso ai cookie GDPR per registrare il consenso dell'utente nei confronti dei cookie nella categoria \"Necessari\".<\/td><\/tr><tr class=\"cookielawinfo-row\"><td class=\"cookielawinfo-column-1\">cookielawinfo-checkbox-others<\/td><td class=\"cookielawinfo-column-4\">Questo cookie \u00e8 impostato da plugin di Consenso ai cookie GDPR. Il cookie viene utilizzato per archiviare il consenso dell'utente nei confronti dei cookie nella categoria \"Altri\".<\/td><\/tr><tr class=\"cookielawinfo-row\"><td class=\"cookielawinfo-column-1\">cookielawinfo-checkbox-performance<\/td><td class=\"cookielawinfo-column-4\">Questo cookie \u00e8 impostato da plugin di Consenso ai cookie GDPR. Il cookie viene utilizzato per archiviare il consenso dell'utente nei confronti dei cookie nella categoria \"Prestativi\".<\/td><\/tr><tr class=\"cookielawinfo-row\"><td class=\"cookielawinfo-column-1\">viewed_cookie_policy<\/td><td class=\"cookielawinfo-column-4\">Il cookie \u00e8 impostato dal plugin di Consenso ai cookie GDPR ed \u00e8 usato per memorizzare il fatto che l'utente abbia acconsentito o meno all'utilizzo dei cookie stessi. Non viene archiviato alcun dato personale.<\/td><\/tr><\/tbody><\/table>\n<\/div>\n<h3>Come posso controllare le preferenze sui cookie?<\/h3>\n<p>Qualora l&#8217;utente volesse cambiare le preferenze in un secondo momento, durante la navigazione, baster\u00e0 cliccare sulla finestra &#8220;Politica sulla privacy &amp; cookie&#8221; presente sulla schermata. Verr\u00e0 visualizzato nuovamente il modulo di consenso, permettendo di modificare o annullare totalmente il consenso dato in precedenza.<\/p>\n<p>Inoltre, browser diversi offrono metodi diversi per bloccare e cancellare i cookie usati dai siti web. Per bloccare\/cancellare i cookie, baster\u00e0 quindi recarsi nelle impostazioni del browser. Per ulteriori informazioni su come gestire e cancellare i cookie, vedere <a href=\"https:\/\/en.wikipedia.org\/wiki\/HTTP_cookie\">wikipedia.org<\/a>, <a href=\"http:\/\/www.allaboutcookies.org\/\">www.allaboutcookies.org.<\/a><\/p>\n<\/div>\n\n\t\t<\/div>\n\t\t\t\t\t<\/div>\n\n\t\n\n<\/div>\n\n","protected":false},"excerpt":{"rendered":"","protected":false},"author":1,"featured_media":0,"parent":0,"menu_order":0,"comment_status":"closed","ping_status":"closed","template":"","meta":{"_monsterinsights_skip_tracking":false,"_monsterinsights_sitenote_active":false,"_monsterinsights_sitenote_note":"","_monsterinsights_sitenote_category":0,"footnotes":""},"class_list":["post-9913","page","type-page","status-publish","hentry"],"yoast_head":"<!-- This site is optimized with the Yoast SEO plugin v27.1.1 - https:\/\/yoast.com\/product\/yoast-seo-wordpress\/ -->\n<title>POLITICA SUI COOKIE | Navkom<\/title>\n<meta name=\"robots\" content=\"index, follow, max-snippet:-1, max-image-preview:large, max-video-preview:-1\" \/>\n<link rel=\"canonical\" href=\"https:\/\/www.navkom.si\/it\/politica-sui-cookie\/\" \/>\n<meta property=\"og:locale\" content=\"it_IT\" \/>\n<meta property=\"og:type\" content=\"article\" \/>\n<meta property=\"og:title\" content=\"POLITICA SUI COOKIE | Navkom\" \/>\n<meta property=\"og:url\" content=\"https:\/\/www.navkom.si\/it\/politica-sui-cookie\/\" \/>\n<meta property=\"og:site_name\" content=\"Navkom\" \/>\n<meta property=\"article:publisher\" content=\"https:\/\/www.facebook.com\/Navkom-fingerprint-readers-150915411647792\" \/>\n<meta property=\"article:modified_time\" content=\"2021-09-28T07:52:31+00:00\" \/>\n<meta property=\"og:image\" content=\"https:\/\/www.navkom.si\/wp-content\/uploads\/2020\/11\/Navkom-logo-e1604474702264.png\" \/>\n\t<meta property=\"og:image:width\" content=\"968\" \/>\n\t<meta property=\"og:image:height\" content=\"339\" \/>\n\t<meta property=\"og:image:type\" content=\"image\/png\" \/>\n<meta name=\"twitter:card\" content=\"summary_large_image\" \/>\n<meta name=\"twitter:label1\" content=\"Tempo di lettura stimato\" \/>\n\t<meta name=\"twitter:data1\" content=\"3 minuto\" \/>\n<script type=\"application\/ld+json\" class=\"yoast-schema-graph\">{\"@context\":\"https:\/\/schema.org\",\"@graph\":[{\"@type\":\"WebPage\",\"@id\":\"https:\/\/www.navkom.si\/it\/politica-sui-cookie\/\",\"url\":\"https:\/\/www.navkom.si\/it\/politica-sui-cookie\/\",\"name\":\"POLITICA SUI COOKIE | Navkom\",\"isPartOf\":{\"@id\":\"https:\/\/www.navkom.si\/#website\"},\"datePublished\":\"2021-09-28T07:37:46+00:00\",\"dateModified\":\"2021-09-28T07:52:31+00:00\",\"breadcrumb\":{\"@id\":\"https:\/\/www.navkom.si\/it\/politica-sui-cookie\/#breadcrumb\"},\"inLanguage\":\"it-IT\",\"potentialAction\":[{\"@type\":\"ReadAction\",\"target\":[\"https:\/\/www.navkom.si\/it\/politica-sui-cookie\/\"]}]},{\"@type\":\"BreadcrumbList\",\"@id\":\"https:\/\/www.navkom.si\/it\/politica-sui-cookie\/#breadcrumb\",\"itemListElement\":[{\"@type\":\"ListItem\",\"position\":1,\"name\":\"Home\",\"item\":\"https:\/\/www.navkom.si\/it\/\"},{\"@type\":\"ListItem\",\"position\":2,\"name\":\"POLITICA SUI COOKIE\"}]},{\"@type\":\"WebSite\",\"@id\":\"https:\/\/www.navkom.si\/#website\",\"url\":\"https:\/\/www.navkom.si\/\",\"name\":\"Navkom\",\"description\":\"\u010citalniki prstnih odtisov\",\"publisher\":{\"@id\":\"https:\/\/www.navkom.si\/#organization\"},\"potentialAction\":[{\"@type\":\"SearchAction\",\"target\":{\"@type\":\"EntryPoint\",\"urlTemplate\":\"https:\/\/www.navkom.si\/?s={search_term_string}\"},\"query-input\":{\"@type\":\"PropertyValueSpecification\",\"valueRequired\":true,\"valueName\":\"search_term_string\"}}],\"inLanguage\":\"it-IT\"},{\"@type\":\"Organization\",\"@id\":\"https:\/\/www.navkom.si\/#organization\",\"name\":\"Navkom d.o.o.\",\"url\":\"https:\/\/www.navkom.si\/\",\"logo\":{\"@type\":\"ImageObject\",\"inLanguage\":\"it-IT\",\"@id\":\"https:\/\/www.navkom.si\/#\/schema\/logo\/image\/\",\"url\":\"https:\/\/www.navkom.si\/wp-content\/uploads\/2020\/11\/Navkom-logo-e1604474702264.png\",\"contentUrl\":\"https:\/\/www.navkom.si\/wp-content\/uploads\/2020\/11\/Navkom-logo-e1604474702264.png\",\"width\":968,\"height\":339,\"caption\":\"Navkom d.o.o.\"},\"image\":{\"@id\":\"https:\/\/www.navkom.si\/#\/schema\/logo\/image\/\"},\"sameAs\":[\"https:\/\/www.facebook.com\/Navkom-fingerprint-readers-150915411647792\",\"https:\/\/www.linkedin.com\/company\/navkom\",\"https:\/\/www.youtube.com\/channel\/UCRxNGgBFfBxIwcydLnQW7Ew\"]}]}<\/script>\n<!-- \/ Yoast SEO plugin. -->","yoast_head_json":{"title":"POLITICA SUI COOKIE | Navkom","robots":{"index":"index","follow":"follow","max-snippet":"max-snippet:-1","max-image-preview":"max-image-preview:large","max-video-preview":"max-video-preview:-1"},"canonical":"https:\/\/www.navkom.si\/it\/politica-sui-cookie\/","og_locale":"it_IT","og_type":"article","og_title":"POLITICA SUI COOKIE | Navkom","og_url":"https:\/\/www.navkom.si\/it\/politica-sui-cookie\/","og_site_name":"Navkom","article_publisher":"https:\/\/www.facebook.com\/Navkom-fingerprint-readers-150915411647792","article_modified_time":"2021-09-28T07:52:31+00:00","og_image":[{"width":968,"height":339,"url":"https:\/\/www.navkom.si\/wp-content\/uploads\/2020\/11\/Navkom-logo-e1604474702264.png","type":"image\/png"}],"twitter_card":"summary_large_image","twitter_misc":{"Tempo di lettura stimato":"3 minuto"},"schema":{"@context":"https:\/\/schema.org","@graph":[{"@type":"WebPage","@id":"https:\/\/www.navkom.si\/it\/politica-sui-cookie\/","url":"https:\/\/www.navkom.si\/it\/politica-sui-cookie\/","name":"POLITICA SUI COOKIE | Navkom","isPartOf":{"@id":"https:\/\/www.navkom.si\/#website"},"datePublished":"2021-09-28T07:37:46+00:00","dateModified":"2021-09-28T07:52:31+00:00","breadcrumb":{"@id":"https:\/\/www.navkom.si\/it\/politica-sui-cookie\/#breadcrumb"},"inLanguage":"it-IT","potentialAction":[{"@type":"ReadAction","target":["https:\/\/www.navkom.si\/it\/politica-sui-cookie\/"]}]},{"@type":"BreadcrumbList","@id":"https:\/\/www.navkom.si\/it\/politica-sui-cookie\/#breadcrumb","itemListElement":[{"@type":"ListItem","position":1,"name":"Home","item":"https:\/\/www.navkom.si\/it\/"},{"@type":"ListItem","position":2,"name":"POLITICA SUI COOKIE"}]},{"@type":"WebSite","@id":"https:\/\/www.navkom.si\/#website","url":"https:\/\/www.navkom.si\/","name":"Navkom","description":"\u010citalniki prstnih odtisov","publisher":{"@id":"https:\/\/www.navkom.si\/#organization"},"potentialAction":[{"@type":"SearchAction","target":{"@type":"EntryPoint","urlTemplate":"https:\/\/www.navkom.si\/?s={search_term_string}"},"query-input":{"@type":"PropertyValueSpecification","valueRequired":true,"valueName":"search_term_string"}}],"inLanguage":"it-IT"},{"@type":"Organization","@id":"https:\/\/www.navkom.si\/#organization","name":"Navkom d.o.o.","url":"https:\/\/www.navkom.si\/","logo":{"@type":"ImageObject","inLanguage":"it-IT","@id":"https:\/\/www.navkom.si\/#\/schema\/logo\/image\/","url":"https:\/\/www.navkom.si\/wp-content\/uploads\/2020\/11\/Navkom-logo-e1604474702264.png","contentUrl":"https:\/\/www.navkom.si\/wp-content\/uploads\/2020\/11\/Navkom-logo-e1604474702264.png","width":968,"height":339,"caption":"Navkom d.o.o."},"image":{"@id":"https:\/\/www.navkom.si\/#\/schema\/logo\/image\/"},"sameAs":["https:\/\/www.facebook.com\/Navkom-fingerprint-readers-150915411647792","https:\/\/www.linkedin.com\/company\/navkom","https:\/\/www.youtube.com\/channel\/UCRxNGgBFfBxIwcydLnQW7Ew"]}]}},"_links":{"self":[{"href":"https:\/\/www.navkom.si\/it\/wp-json\/wp\/v2\/pages\/9913","targetHints":{"allow":["GET"]}}],"collection":[{"href":"https:\/\/www.navkom.si\/it\/wp-json\/wp\/v2\/pages"}],"about":[{"href":"https:\/\/www.navkom.si\/it\/wp-json\/wp\/v2\/types\/page"}],"author":[{"embeddable":true,"href":"https:\/\/www.navkom.si\/it\/wp-json\/wp\/v2\/users\/1"}],"replies":[{"embeddable":true,"href":"https:\/\/www.navkom.si\/it\/wp-json\/wp\/v2\/comments?post=9913"}],"version-history":[{"count":7,"href":"https:\/\/www.navkom.si\/it\/wp-json\/wp\/v2\/pages\/9913\/revisions"}],"predecessor-version":[{"id":9927,"href":"https:\/\/www.navkom.si\/it\/wp-json\/wp\/v2\/pages\/9913\/revisions\/9927"}],"wp:attachment":[{"href":"https:\/\/www.navkom.si\/it\/wp-json\/wp\/v2\/media?parent=9913"}],"curies":[{"name":"wp","href":"https:\/\/api.w.org\/{rel}","templated":true}]}}