{"id":9920,"date":"2021-09-28T07:49:06","date_gmt":"2021-09-28T07:49:06","guid":{"rendered":"https:\/\/www.navkom.si\/politique-relative-aux-cookies\/"},"modified":"2021-09-28T07:52:56","modified_gmt":"2021-09-28T07:52:56","slug":"politique-relative-aux-cookies","status":"publish","type":"page","link":"https:\/\/www.navkom.si\/fr\/politique-relative-aux-cookies\/","title":{"rendered":"POLITIQUE RELATIVE AUX COOKIES"},"content":{"rendered":"\n\t<div id=\"gap-1218029037\" class=\"gap-element clearfix\" style=\"display:block; height:auto;\">\n\t\t\n<style>\n#gap-1218029037 {\n  padding-top: 30px;\n}\n<\/style>\n\t<\/div>\n\t\n\n  <div id=\"page-header-1276444167\" class=\"page-header-wrapper\">\n  <div class=\"page-title light divided-title\">\n\n    \n    <div class=\"page-title-inner container align-center text-center flex-row-col medium-flex-wrap\" >\n              <div class=\"title-wrapper flex-col\">\n          <h1 class=\"entry-title mb-0\">\n            POLITIQUE RELATIVE AUX COOKIES          <\/h1>\n        <\/div>\n                    <div class=\"title-content flex-col\">\n        <div class=\"title-breadcrumbs pb-half pt-half\"><\/div>      <\/div>\n    <\/div>\n\n       <\/div>\n  <div class=\"container header-wrapper-divider\"><hr\/><\/div>  <\/div>\n  \n\n<div class=\"row\"  id=\"row-914090498\">\n\n\n\t<div id=\"col-1295414241\" class=\"col small-12 large-12\"  >\n\t\t\t\t<div class=\"col-inner\"  >\n\t\t\t\n\t\t\t\n\n<div class=\"cli_pg_page_contaner\">\n<h3>A propos de cette politique relative aux cookies<\/h3>\n<div>\n<p>Cette politique relative aux cookies explique ce que sont les cookies et comment nous les utilisons, les types de cookies que nous utilisons, c.\u00e0.d les informations que nous collectons avec les cookies et comment ces informations sont utilis\u00e9es, et comment contr\u00f4ler les pr\u00e9f\u00e9rences en mati\u00e8re de cookies. Pour plus d&rsquo;informations sur la mani\u00e8re dont nous utilisons, stockons et prot\u00e9geons vos donn\u00e9es personnelles, consultez notre Politique de confidentialit\u00e9.<\/p>\n<p>Vous pouvez \u00e0 tout moment modifier ou retirer votre consentement dans la D\u00e9claration relative aux cookies sur notre site web<\/p>\n<p>Apprenez-en plus sur qui nous sommes, comment nous contacter, et comment nous traitons les donn\u00e9es personnelles dans notre Politique de confidentialit\u00e9.<\/p>\n<p>Votre consentement s&rsquo;applique aux domaines suivants\u00a0: <a href=\"https:\/\/www.navkom.si\">www.navkom.si<\/a><\/p>\n<div class=\"cli_user_consent_state\">Votre \u00e9tat actuel\u00a0: Aucun consentement donn\u00e9. <a class=\"cli_manage_current_consent\" style=\"cursor:pointer;text-decoration:underline;\">G\u00e9rez votre consentement.<\/a> <\/div>\n<p>\u00a0<\/p>\n<\/div>\n<h3>Que sont les cookies ?<\/h3>\n<div>\n<p>Les cookies sont de petits fichiers texte qui sont utilis\u00e9s pour stocker des petits morceaux d&rsquo;information. Ils sont stock\u00e9s sur votre appareil quand le site web est charg\u00e9 sur votre navigateur. Ces cookies nous aident \u00e0 faire fonctionner le site web correctement, \u00e0 le rendre plus s\u00fbr, \u00e0 procurer une meilleure exp\u00e9rience utilisateur, \u00e0 comprendre comment le site web se comporte et \u00e0 analyser ce qui fonctionne et ce qui n\u00e9cessite des am\u00e9liorations.<\/p>\n<\/div>\n<h3>Comment utilisons-nous les cookies ?<\/h3>\n<div>\n<p>Comme la plupart des services en ligne, notre site web utilise des cookies propri\u00e9taires et des cookies de tierces parties \u00e0 diff\u00e9rentes fins. Les cookies propri\u00e9taires sont surtout n\u00e9cessaires pour que le site web fonctionne correctement, et ils ne recueillent aucune de vos donn\u00e9es personnellement identifiables.<\/p>\n<p>Les cookies de tierces parties utilis\u00e9s sur notre site web ont principalement pour fonction de comprendre comment le site web se comporte, comment vous interagissez avec notre site web, prot\u00e9ger nos services, fournir des publicit\u00e9s qui soient pertinentes pour vous, et dans l&rsquo;ensemble, vous procurer une exp\u00e9rience utilisateur meilleure et optimis\u00e9e et aider \u00e0 acc\u00e9l\u00e9rer vos interactions futures avec notre site web.<\/p>\n<\/div>\n<h3>Quels types de cookies utilisons-nous ?<\/h3>\n<div>\n<p><strong>Essentiels\u00a0:<\/strong> Certains cookies sont essentiels pour que vous puissiez profiter de toutes les fonctionnalit\u00e9s de notre site. Ils nous permettent de maintenir les sessions utilisateur et de pr\u00e9venir toute menace pour la s\u00e9curit\u00e9. Ils ne recueillent ou stockent aucune information personnelle. Par exemple, ces cookies vous permettent de vous connecter \u00e0 votre compte et d&rsquo;ajouter des produits \u00e0 votre panier, et de payer en toute s\u00e9curit\u00e9.<\/p>\n<p><strong>Statistiques\u00a0:<\/strong> Ces cookies stockent des informations telles que le nombre de visiteurs sur le site web, le nombre de visiteurs uniques, quelles pages du site web ont \u00e9t\u00e9 visit\u00e9es, la source de la visite, etc. Ces donn\u00e9es nous aident \u00e0 comprendre et \u00e0 analyser si le site web se comporte bien et ce qui m\u00e9rite d&rsquo;\u00eatre am\u00e9lior\u00e9.<\/p>\n<p><strong>Marketing\u00a0:<\/strong> Notre site web est susceptible d&rsquo;afficher des publicit\u00e9s. Ces cookies sont utilis\u00e9s pour personnaliser les publicit\u00e9s que nous vous montrons afin qu&rsquo;elles soient pertinentes pour vous. Ces cookies nous aident \u00e9galement \u00e0 suivre l&rsquo;efficacit\u00e9 de ces campagnes publicitaires.<\/p>\n<p>Les informations stock\u00e9es dans ces cookies sont aussi susceptibles d&rsquo;\u00eatre utilis\u00e9es par des annonceurs tiers pour vous montrer des publicit\u00e9s sur d&rsquo;autres sites web sur votre navigateur \u00e9galement.<\/p>\n<p><strong>Fonctionnels\u00a0:<\/strong> Il s&rsquo;agit des cookies qui contribuent \u00e0 certaines fonctionnalit\u00e9s non-essentielles de notre site web. Ces fonctionnalit\u00e9s comprennent l&rsquo;incrustation de contenu comme des vid\u00e9os ou le partage de contenu du site web sur des plateformes de r\u00e9seaux sociaux.<\/p>\n<p><strong>Pr\u00e9f\u00e9rences\u00a0:<\/strong> Ces cookies nous aident \u00e0 conserver vos r\u00e9glages et pr\u00e9f\u00e9rences de navigation comme les pr\u00e9f\u00e9rences de langue pour que vous profitiez d&rsquo;une exp\u00e9rience meilleure et efficace lors de vos visites ult\u00e9rieures au site web.<\/p>\n<p>La liste ci-dessous donne le d\u00e9tail des cookies utilis\u00e9s sur notre site web.<\/p><table class=\"cookielawinfo-row-cat-table cookielawinfo-classic\"><thead><tr><th class=\"cookielawinfo-column-1\">Cookie<\/th><th class=\"cookielawinfo-column-4\">Description<\/th><\/tr><\/thead><tbody><tr class=\"cookielawinfo-row\"><td class=\"cookielawinfo-column-1\">cookielawinfo-checkbox-analytics<\/td><td class=\"cookielawinfo-column-4\">Ce cookie est activ\u00e9 par le plug-in de Consentement aux cookies RGPD. Le cookie est utilis\u00e9 pour stocker le consentement de l'utilisateur pour les cookies de la cat\u00e9gorie \"Analytiques\".<\/td><\/tr><tr class=\"cookielawinfo-row\"><td class=\"cookielawinfo-column-1\">cookielawinfo-checkbox-functional<\/td><td class=\"cookielawinfo-column-4\">Le cookie est activ\u00e9 par le Consentement aux cookies RGPD pour enregistrer le consentement de l'utilisateur pour les cookies de la cat\u00e9gorie \"Fonctionnels\".<\/td><\/tr><tr class=\"cookielawinfo-row\"><td class=\"cookielawinfo-column-1\">cookielawinfo-checkbox-necessary<\/td><td class=\"cookielawinfo-column-4\">Ce cookie est activ\u00e9 par le plug-in de Consentement aux cookies RGPD. Le cookie est utilis\u00e9 pour stocker le consentement de l'utilisateur pour les cookies de la cat\u00e9gorie \"Strictement n\u00e9cessaires\".<\/td><\/tr><tr class=\"cookielawinfo-row\"><td class=\"cookielawinfo-column-1\">cookielawinfo-checkbox-others<\/td><td class=\"cookielawinfo-column-4\">Ce cookie est activ\u00e9 par le plug-in de Consentement aux cookies RGPD. Le cookie est utilis\u00e9 pour stocker le consentement de l'utilisateur pour les cookies de la cat\u00e9gorie \"Autres\".<\/td><\/tr><tr class=\"cookielawinfo-row\"><td class=\"cookielawinfo-column-1\">cookielawinfo-checkbox-performance<\/td><td class=\"cookielawinfo-column-4\">Ce cookie est activ\u00e9 par le plug-in de Consentement aux cookies RGPD. Le cookie est utilis\u00e9 pour stocker le consentement de l'utilisateur pour les cookies de la cat\u00e9gorie \"Performance\".<\/td><\/tr><tr class=\"cookielawinfo-row\"><td class=\"cookielawinfo-column-1\">viewed_cookie_policy<\/td><td class=\"cookielawinfo-column-4\">Le cookie est activ\u00e9 par le plug-in de Consentement aux cookies RGPD et est utilis\u00e9 pour le stockage, que l'utilisateur ait consenti ou non \u00e0 l'utilisation de cookies. Il ne stocke pas de donn\u00e9es personnelles.<\/td><\/tr><\/tbody><\/table>\n<\/div>\n<h3>Comment puis-je contr\u00f4ler les pr\u00e9f\u00e9rences relatives aux cookies ?<\/h3>\n<div>\n<p>Si vous d\u00e9cidiez de modifier vos pr\u00e9f\u00e9rences ult\u00e9rieurement lors de votre session de navigation, vous pouvez cliquer sur l&rsquo;onglet \u00ab\u00a0Politique de confidentialit\u00e9 &amp; cookies\u00a0\u00bb sur votre \u00e9cran. L&rsquo;avis de consentement s&rsquo;affichera alors \u00e0 nouveau, vous permettant de modifier vos pr\u00e9f\u00e9rences ou de retirer totalement votre consentement.<\/p>\n<p>En plus de tout cela, diff\u00e9rents navigateurs fournissent diff\u00e9rentes m\u00e9thodes pour bloquer et supprimer les cookies utilis\u00e9s par les sites web. Vous pouvez modifier les param\u00e8tres de votre navigateur afin de bloquer\/supprimer les cookies. Pour en savoir plus sur la fa\u00e7on de g\u00e9rer et supprimer les cookies, visitez <a href=\"https:\/\/en.wikipedia.org\/wiki\/HTTP_cookie\">wikipedia.org<\/a>, <a href=\"http:\/\/www.allaboutcookies.org\/\">www.allaboutcookies.org.<\/a><\/p>\n<\/div>\n<\/div>\n\n\t\t<\/div>\n\t\t\t\t\t<\/div>\n\n\t\n\n<\/div>\n\n","protected":false},"excerpt":{"rendered":"","protected":false},"author":1,"featured_media":0,"parent":0,"menu_order":0,"comment_status":"closed","ping_status":"closed","template":"","meta":{"_monsterinsights_skip_tracking":false,"_monsterinsights_sitenote_active":false,"_monsterinsights_sitenote_note":"","_monsterinsights_sitenote_category":0,"footnotes":""},"class_list":["post-9920","page","type-page","status-publish","hentry"],"yoast_head":"<!-- This site is optimized with the Yoast SEO plugin v27.4 - https:\/\/yoast.com\/product\/yoast-seo-wordpress\/ -->\n<title>POLITIQUE RELATIVE AUX COOKIES | Navkom<\/title>\n<meta name=\"robots\" content=\"index, follow, max-snippet:-1, max-image-preview:large, max-video-preview:-1\" \/>\n<link rel=\"canonical\" href=\"https:\/\/www.navkom.si\/fr\/politique-relative-aux-cookies\/\" \/>\n<meta property=\"og:locale\" content=\"fr_FR\" \/>\n<meta property=\"og:type\" content=\"article\" \/>\n<meta property=\"og:title\" content=\"POLITIQUE RELATIVE AUX COOKIES | Navkom\" \/>\n<meta property=\"og:url\" content=\"https:\/\/www.navkom.si\/fr\/politique-relative-aux-cookies\/\" \/>\n<meta property=\"og:site_name\" content=\"Navkom\" \/>\n<meta property=\"article:publisher\" content=\"https:\/\/www.facebook.com\/Navkom-fingerprint-readers-150915411647792\" \/>\n<meta property=\"article:modified_time\" content=\"2021-09-28T07:52:56+00:00\" \/>\n<meta property=\"og:image\" content=\"https:\/\/www.navkom.si\/wp-content\/uploads\/2020\/11\/Navkom-logo-e1604474702264.png\" \/>\n\t<meta property=\"og:image:width\" content=\"968\" \/>\n\t<meta property=\"og:image:height\" content=\"339\" \/>\n\t<meta property=\"og:image:type\" content=\"image\/png\" \/>\n<meta name=\"twitter:card\" content=\"summary_large_image\" \/>\n<meta name=\"twitter:label1\" content=\"Dur\u00e9e de lecture estim\u00e9e\" \/>\n\t<meta name=\"twitter:data1\" content=\"4 minutes\" \/>\n<script type=\"application\/ld+json\" class=\"yoast-schema-graph\">{\"@context\":\"https:\\\/\\\/schema.org\",\"@graph\":[{\"@type\":\"WebPage\",\"@id\":\"https:\\\/\\\/www.navkom.si\\\/fr\\\/politique-relative-aux-cookies\\\/\",\"url\":\"https:\\\/\\\/www.navkom.si\\\/fr\\\/politique-relative-aux-cookies\\\/\",\"name\":\"POLITIQUE RELATIVE AUX COOKIES | Navkom\",\"isPartOf\":{\"@id\":\"https:\\\/\\\/www.navkom.si\\\/#website\"},\"datePublished\":\"2021-09-28T07:49:06+00:00\",\"dateModified\":\"2021-09-28T07:52:56+00:00\",\"breadcrumb\":{\"@id\":\"https:\\\/\\\/www.navkom.si\\\/fr\\\/politique-relative-aux-cookies\\\/#breadcrumb\"},\"inLanguage\":\"fr-FR\",\"potentialAction\":[{\"@type\":\"ReadAction\",\"target\":[\"https:\\\/\\\/www.navkom.si\\\/fr\\\/politique-relative-aux-cookies\\\/\"]}]},{\"@type\":\"BreadcrumbList\",\"@id\":\"https:\\\/\\\/www.navkom.si\\\/fr\\\/politique-relative-aux-cookies\\\/#breadcrumb\",\"itemListElement\":[{\"@type\":\"ListItem\",\"position\":1,\"name\":\"Home\",\"item\":\"https:\\\/\\\/www.navkom.si\\\/fr\\\/\"},{\"@type\":\"ListItem\",\"position\":2,\"name\":\"POLITIQUE RELATIVE AUX COOKIES\"}]},{\"@type\":\"WebSite\",\"@id\":\"https:\\\/\\\/www.navkom.si\\\/#website\",\"url\":\"https:\\\/\\\/www.navkom.si\\\/\",\"name\":\"Navkom\",\"description\":\" Lecteurs d\u2019empreintes digitales\",\"publisher\":{\"@id\":\"https:\\\/\\\/www.navkom.si\\\/#organization\"},\"potentialAction\":[{\"@type\":\"SearchAction\",\"target\":{\"@type\":\"EntryPoint\",\"urlTemplate\":\"https:\\\/\\\/www.navkom.si\\\/?s={search_term_string}\"},\"query-input\":{\"@type\":\"PropertyValueSpecification\",\"valueRequired\":true,\"valueName\":\"search_term_string\"}}],\"inLanguage\":\"fr-FR\"},{\"@type\":\"Organization\",\"@id\":\"https:\\\/\\\/www.navkom.si\\\/#organization\",\"name\":\"Navkom d.o.o.\",\"url\":\"https:\\\/\\\/www.navkom.si\\\/\",\"logo\":{\"@type\":\"ImageObject\",\"inLanguage\":\"fr-FR\",\"@id\":\"https:\\\/\\\/www.navkom.si\\\/#\\\/schema\\\/logo\\\/image\\\/\",\"url\":\"https:\\\/\\\/www.navkom.si\\\/wp-content\\\/uploads\\\/2020\\\/11\\\/Navkom-logo-e1604474702264.png\",\"contentUrl\":\"https:\\\/\\\/www.navkom.si\\\/wp-content\\\/uploads\\\/2020\\\/11\\\/Navkom-logo-e1604474702264.png\",\"width\":968,\"height\":339,\"caption\":\"Navkom d.o.o.\"},\"image\":{\"@id\":\"https:\\\/\\\/www.navkom.si\\\/#\\\/schema\\\/logo\\\/image\\\/\"},\"sameAs\":[\"https:\\\/\\\/www.facebook.com\\\/Navkom-fingerprint-readers-150915411647792\",\"https:\\\/\\\/www.linkedin.com\\\/company\\\/navkom\",\"https:\\\/\\\/www.youtube.com\\\/channel\\\/UCRxNGgBFfBxIwcydLnQW7Ew\"]}]}<\/script>\n<!-- \/ Yoast SEO plugin. -->","yoast_head_json":{"title":"POLITIQUE RELATIVE AUX COOKIES | Navkom","robots":{"index":"index","follow":"follow","max-snippet":"max-snippet:-1","max-image-preview":"max-image-preview:large","max-video-preview":"max-video-preview:-1"},"canonical":"https:\/\/www.navkom.si\/fr\/politique-relative-aux-cookies\/","og_locale":"fr_FR","og_type":"article","og_title":"POLITIQUE RELATIVE AUX COOKIES | Navkom","og_url":"https:\/\/www.navkom.si\/fr\/politique-relative-aux-cookies\/","og_site_name":"Navkom","article_publisher":"https:\/\/www.facebook.com\/Navkom-fingerprint-readers-150915411647792","article_modified_time":"2021-09-28T07:52:56+00:00","og_image":[{"width":968,"height":339,"url":"https:\/\/www.navkom.si\/wp-content\/uploads\/2020\/11\/Navkom-logo-e1604474702264.png","type":"image\/png"}],"twitter_card":"summary_large_image","twitter_misc":{"Dur\u00e9e de lecture estim\u00e9e":"4 minutes"},"schema":{"@context":"https:\/\/schema.org","@graph":[{"@type":"WebPage","@id":"https:\/\/www.navkom.si\/fr\/politique-relative-aux-cookies\/","url":"https:\/\/www.navkom.si\/fr\/politique-relative-aux-cookies\/","name":"POLITIQUE RELATIVE AUX COOKIES | Navkom","isPartOf":{"@id":"https:\/\/www.navkom.si\/#website"},"datePublished":"2021-09-28T07:49:06+00:00","dateModified":"2021-09-28T07:52:56+00:00","breadcrumb":{"@id":"https:\/\/www.navkom.si\/fr\/politique-relative-aux-cookies\/#breadcrumb"},"inLanguage":"fr-FR","potentialAction":[{"@type":"ReadAction","target":["https:\/\/www.navkom.si\/fr\/politique-relative-aux-cookies\/"]}]},{"@type":"BreadcrumbList","@id":"https:\/\/www.navkom.si\/fr\/politique-relative-aux-cookies\/#breadcrumb","itemListElement":[{"@type":"ListItem","position":1,"name":"Home","item":"https:\/\/www.navkom.si\/fr\/"},{"@type":"ListItem","position":2,"name":"POLITIQUE RELATIVE AUX COOKIES"}]},{"@type":"WebSite","@id":"https:\/\/www.navkom.si\/#website","url":"https:\/\/www.navkom.si\/","name":"Navkom","description":" Lecteurs d\u2019empreintes digitales","publisher":{"@id":"https:\/\/www.navkom.si\/#organization"},"potentialAction":[{"@type":"SearchAction","target":{"@type":"EntryPoint","urlTemplate":"https:\/\/www.navkom.si\/?s={search_term_string}"},"query-input":{"@type":"PropertyValueSpecification","valueRequired":true,"valueName":"search_term_string"}}],"inLanguage":"fr-FR"},{"@type":"Organization","@id":"https:\/\/www.navkom.si\/#organization","name":"Navkom d.o.o.","url":"https:\/\/www.navkom.si\/","logo":{"@type":"ImageObject","inLanguage":"fr-FR","@id":"https:\/\/www.navkom.si\/#\/schema\/logo\/image\/","url":"https:\/\/www.navkom.si\/wp-content\/uploads\/2020\/11\/Navkom-logo-e1604474702264.png","contentUrl":"https:\/\/www.navkom.si\/wp-content\/uploads\/2020\/11\/Navkom-logo-e1604474702264.png","width":968,"height":339,"caption":"Navkom d.o.o."},"image":{"@id":"https:\/\/www.navkom.si\/#\/schema\/logo\/image\/"},"sameAs":["https:\/\/www.facebook.com\/Navkom-fingerprint-readers-150915411647792","https:\/\/www.linkedin.com\/company\/navkom","https:\/\/www.youtube.com\/channel\/UCRxNGgBFfBxIwcydLnQW7Ew"]}]}},"_links":{"self":[{"href":"https:\/\/www.navkom.si\/fr\/wp-json\/wp\/v2\/pages\/9920","targetHints":{"allow":["GET"]}}],"collection":[{"href":"https:\/\/www.navkom.si\/fr\/wp-json\/wp\/v2\/pages"}],"about":[{"href":"https:\/\/www.navkom.si\/fr\/wp-json\/wp\/v2\/types\/page"}],"author":[{"embeddable":true,"href":"https:\/\/www.navkom.si\/fr\/wp-json\/wp\/v2\/users\/1"}],"replies":[{"embeddable":true,"href":"https:\/\/www.navkom.si\/fr\/wp-json\/wp\/v2\/comments?post=9920"}],"version-history":[{"count":5,"href":"https:\/\/www.navkom.si\/fr\/wp-json\/wp\/v2\/pages\/9920\/revisions"}],"predecessor-version":[{"id":9928,"href":"https:\/\/www.navkom.si\/fr\/wp-json\/wp\/v2\/pages\/9920\/revisions\/9928"}],"wp:attachment":[{"href":"https:\/\/www.navkom.si\/fr\/wp-json\/wp\/v2\/media?parent=9920"}],"curies":[{"name":"wp","href":"https:\/\/api.w.org\/{rel}","templated":true}]}}