{"id":8951,"date":"2021-09-15T09:32:47","date_gmt":"2021-09-15T09:32:47","guid":{"rendered":"https:\/\/www.navkom.si\/politique-de-confidentialite\/"},"modified":"2021-09-28T05:24:07","modified_gmt":"2021-09-28T05:24:07","slug":"politique-de-confidentialite","status":"publish","type":"page","link":"https:\/\/www.navkom.si\/fr\/politique-de-confidentialite\/","title":{"rendered":"Politique de confidentialit\u00e9"},"content":{"rendered":"\n\t<div id=\"gap-412141877\" class=\"gap-element clearfix\" style=\"display:block; height:auto;\">\n\t\t\n<style>\n#gap-412141877 {\n  padding-top: 30px;\n}\n<\/style>\n\t<\/div>\n\t\n\n  <div id=\"page-header-607220178\" class=\"page-header-wrapper\">\n  <div class=\"page-title light divided-title\">\n\n    \n    <div class=\"page-title-inner container align-bottom text-center flex-row-col medium-flex-wrap\" >\n              <div class=\"title-wrapper is-large flex-col\">\n          <h1 class=\"entry-title mb-0\">\n            Politique de confidentialit\u00e9          <\/h1>\n        <\/div>\n                    <div class=\"title-content flex-col\">\n        <div class=\"title-breadcrumbs pb-half pt-half\"><\/div>      <\/div>\n    <\/div>\n\n     \n<style>\n#page-header-607220178 .page-title-inner {\n  min-height: 0px;\n}\n<\/style>\n  <\/div>\n  <div class=\"container header-wrapper-divider\"><hr\/><\/div>  <\/div>\n  \n\n<div class=\"row\"  id=\"row-576577024\">\n\n\n\t<div id=\"col-906292973\" class=\"col small-12 large-12\"  >\n\t\t\t\t<div class=\"col-inner\"  >\n\t\t\t\n\t\t\t\n\n<h1>Cher visiteur !<\/h1>\n<p>Chez Navkom d.o.o., nous prenons tr\u00e8s au s\u00e9rieux notre engagement en faveur de la protection des donn\u00e9es personnelles, c&rsquo;est pourquoi nous souhaitons vous pr\u00e9senter, \u00e0 travers ce document, toutes les informations sur la mani\u00e8re dont les donn\u00e9es personnelles sont trait\u00e9es dans notre entreprise.<\/p>\n<p>Ce document fournit des informations sur :<\/p>\n<ul>\n<li><a href=\"#_Upravljavec_osebnih_podatkov\">La personne responsable du traitement des donn\u00e9es personnelles<\/a><\/li>\n<li><a href=\"#_Osnovne_informacije_o\">Le traitement des donn\u00e9es personnelles<\/a><\/li>\n<li><a href=\"#_Varstvo_va\u0161ih_osebnih\">La protection des donn\u00e9es personnelles<\/a><\/li>\n<li><a href=\"#_Posredovanje_va\u0161ih_osebnih\">La transmission des donn\u00e9es personnelles<\/a><\/li>\n<li><a href=\"#_Spletni_vti\u010dniki\">Les plugins<\/a><\/li>\n<li><a href=\"#_Va\u0161e_pravice\">Vos droits<\/a>.<\/li>\n<\/ul>\n<h1>1.\u00a0\u00a0\u00a0\u00a0\u00a0 Le responsable du traitement des donn\u00e9es personnelles<\/h1>\n<p>Le responsable du traitement de vos donn\u00e9es personnelles est la soci\u00e9t\u00e9 Navkom d.o.o.<\/p>\n<p>Contact\u00a0:<\/p>\n<p>Navkom d.o.o.<\/p>\n<p>Cesta v Log 19<\/p>\n<p>1351 Brezovica<\/p>\n<p>e-mail : info@navkom.si<\/p>\n<p>Vous pouvez nous contacter \u00e0 tout moment via les coordonn\u00e9es ci-dessus si vous avez des questions concernant la protection des donn\u00e9es personnelles.<\/p>\n<h1>2.\u00a0\u00a0\u00a0\u00a0\u00a0 \u00c0 propos du traitement des donn\u00e9es personnelles<\/h1>\n<p>Tout traitement de donn\u00e9es personnelles se fait sur une base l\u00e9gale appropri\u00e9e et \u00e0 des fins l\u00e9gitimes pr\u00e9d\u00e9termin\u00e9es. \u00c0 chaque traitement, nous veillons \u00e9galement \u00e0 des dur\u00e9es de conservation adapt\u00e9es et \u00e0 une suppression efficace et d\u00e9finitive, c\u2019est \u00e0 dire \u00e0 l\u2019anonymisation des donn\u00e9es personnelles apr\u00e8s l&rsquo;expiration de la p\u00e9riode de conservation.<\/p>\n<p>La transmission de donn\u00e9es personnelles est volontaire et vous \u00eates tenu de nous fournir des donn\u00e9es lorsque la loi l&rsquo;exige. Nous tenons toutefois \u00e0 vous rappeler que nous ne pouvons pas vous fournir certains services sans vos donn\u00e9es personnelles (par exemple, il n&rsquo;est pas possible de conclure un contrat sans donn\u00e9es personnelles dont nous avons besoin pour conclure un contrat valide).<\/p>\n<p>Navkom d.o.o. traite les donn\u00e9es personnelles \u00e0 des fins diverses, lesquelles, dans un souci de transparence, sont pr\u00e9sent\u00e9es dans le tableau ci-dessous.<\/p>\n<table>\n<tbody>\n<tr>\n<td width=\"151\">\n<p><strong>Finalit\u00e9 du traitement<\/strong><\/p>\n<\/td>\n<td width=\"151\">\n<p><strong>Base l\u00e9gale<\/strong><\/p>\n<\/td>\n<td width=\"151\">\n<p><strong>Cat\u00e9gories de donn\u00e9es personnelles<\/strong><\/p>\n<\/td>\n<td width=\"151\">\n<p><strong>Dur\u00e9e de conservation<\/strong><\/p>\n<\/td>\n<\/tr>\n<tr>\n<td width=\"151\">\n<p><strong>Mise en \u0153uvre de nos prestations<\/strong><\/p>\n<\/td>\n<td width=\"151\">\n<p>Relation contractuelle<\/p>\n<\/td>\n<td width=\"151\">\n<p>Pr\u00e9nom et nom, soci\u00e9t\u00e9 (si personne morale), coordonn\u00e9es<\/p>\n<\/td>\n<td width=\"151\">\n<p>5 ans \u00e0 compter de la fin de la relation contractuelle<\/p>\n<\/td>\n<\/tr>\n<tr>\n<td width=\"151\">\n<p><strong>Pr\u00e9paration des r\u00e9ponses \u00e0 vos questions<\/strong><\/p>\n<\/td>\n<td width=\"151\">\n<p>Int\u00e9r\u00eat l\u00e9gitime \u00e0 assurer la communication avec des acheteurs potentiels<\/p>\n<\/td>\n<td width=\"151\">\n<p>Pr\u00e9nom et nom, entreprise, adresse e-mail, num\u00e9ro de t\u00e9l\u00e9phone<\/p>\n<\/td>\n<td width=\"151\">\n<p>6 mois \u00e0 compter de la fin de la communication pour les personnes physiques et 1 an \u00e0 compter de la fin de la communication pour les personnes morales<\/p>\n<\/td>\n<\/tr>\n<tr>\n<td width=\"151\">\n<p><strong>Communication avec vous via un formulaire d&rsquo;assistance technique rempli<\/strong><\/p>\n<\/td>\n<td width=\"151\">\n<p>Relation contractuelle<\/p>\n<\/td>\n<td width=\"151\">\n<p>Pr\u00e9nom et nom, adresse e-mail, num\u00e9ro de t\u00e9l\u00e9phone, informations sur la soci\u00e9t\u00e9 (si c&rsquo;est une personne morale)<\/p>\n<\/td>\n<td width=\"151\">\n<p>30 jours \u00e0 compter de la fin de la communication<\/p>\n<\/td>\n<\/tr>\n<tr>\n<td width=\"151\">\n<p><strong>Mise en \u0153uvre de la prestation de service<\/strong><\/p>\n<\/td>\n<td width=\"151\">\n<p>Relation contractuelle<\/p>\n<\/td>\n<td width=\"151\">\n<p>Pr\u00e9nom et nom, coordonn\u00e9es, informations sur l&rsquo;entreprise (si c&rsquo;est une personne morale), adresse relative \u00e0 la r\u00e9alisation de la prestation<\/p>\n<\/td>\n<td width=\"151\">\n<p>5 ans \u00e0 compter de la fin de la prestation<\/p>\n<\/td>\n<\/tr>\n<tr>\n<td width=\"151\">\n<p><strong>Envoi de newsletters \u00e9lectroniques aux clients existants<\/strong><\/p>\n<\/td>\n<td width=\"151\">\n<p>Loi<\/p>\n<\/td>\n<td width=\"151\">\n<p>adresse e-mail, pr\u00e9nom et nom<\/p>\n<\/td>\n<td width=\"151\">\n<p>Jusqu&rsquo;\u00e0 r\u00e9siliation<\/p>\n<\/td>\n<\/tr>\n<tr>\n<td width=\"151\">\n<p><strong>Envoi de newsletters aux utilisateurs inscrits<\/strong><\/p>\n<\/td>\n<td width=\"151\">\n<p>Consentement<\/p>\n<\/td>\n<td width=\"151\">\n<p>adresse e-mail, pr\u00e9nom et nom<\/p>\n<\/td>\n<td width=\"151\">\n<p>Jusqu&rsquo;\u00e0 r\u00e9siliation<\/p>\n<\/td>\n<\/tr>\n<tr>\n<td width=\"151\">\n<p><strong>Communication avec les particuliers \u00e0 l\u2019occasion de salons et autres \u00e9v\u00e9nements<\/strong><\/p>\n<\/td>\n<td width=\"151\">\n<p>Int\u00e9r\u00eat l\u00e9gitime \u00e0 assurer la communication avec des acheteurs potentiels<\/p>\n<\/td>\n<td width=\"151\">\n<p>Pr\u00e9nom et nom, adresse e-mail, num\u00e9ro de t\u00e9l\u00e9phone, informations sur la soci\u00e9t\u00e9 (si c&rsquo;est une personne morale)<\/p>\n<\/td>\n<td width=\"151\">\n<p>6 mois \u00e0 compter de la fin de la communication pour les personnes physiques et 1 an \u00e0 compter de la fin de la communication pour les personnes morales<\/p>\n<\/td>\n<\/tr>\n<tr>\n<td width=\"151\">\n<p><strong>Droit de r\u00e9clamation et protection de nos droits<\/strong><\/p>\n<\/td>\n<td width=\"151\">\n<p>Int\u00e9r\u00eat l\u00e9gitime \u00e0 engager (ou collaboration) des proc\u00e9dures d&rsquo;exercice des droits ou de d\u00e9fense contre les r\u00e9clamations<\/p>\n<\/td>\n<td width=\"151\">\n<p>L\u2019\u00e9tendue des donn\u00e9es d\u00e9pend de chaque proc\u00e9dure<\/p>\n<\/td>\n<td width=\"151\">\n<p>10 ans \u00e0 compter de la cl\u00f4ture de la proc\u00e9dure avec d\u00e9cision d\u00e9finitive<\/p>\n<\/td>\n<\/tr>\n<\/tbody>\n<\/table>\n<h1>3.\u00a0\u00a0\u00a0\u00a0\u00a0 Protection de vos donn\u00e9es personnelles<\/h1>\n<p>Nous prot\u00e9geons vos donn\u00e9es personnelles au moyen de diverses mesures, qui incluent \u00e0 la fois des mesures techniques et organisationnelles. Nous veillons r\u00e9guli\u00e8rement \u00e0 la mise \u00e0 jour des logiciels et des mesures technologiques pour vous offrir le plus haut niveau possible de s\u00e9curit\u00e9 des donn\u00e9es personnelles.<\/p>\n<p>En cas d&rsquo;incident de s\u00e9curit\u00e9 qui pourrait mettre en p\u00e9ril les droits et libert\u00e9s des individus, nous informerons le Commissaire charg\u00e9 de l&rsquo;information de cet incident dans les 72 heures suivant la constatation de l\u2019infraction.<\/p>\n<p>En cas d&rsquo;incident de s\u00e9curit\u00e9 qui pourrait pr\u00e9senter un risque important pour les droits et libert\u00e9s des personnes, nous informerons \u00e9galement les personnes concern\u00e9es de cet incident.<\/p>\n<h1>4.\u00a0\u00a0\u00a0\u00a0\u00a0 Transmission de vos donn\u00e9es personnelles<\/h1>\n<p>Nous pouvons \u00e9galement transmettre des informations personnelles \u00e0 des tiers qui nous fournissent certains services, tels que d\u00e9finis ci-dessous. Nous pouvons \u00e9galement transmettre vos donn\u00e9es personnelles aux autorit\u00e9s publiques lorsque cela est n\u00e9cessaire afin de remplir nos obligations l\u00e9gales.<\/p>\n<p>Nous ne transmettons vos donn\u00e9es personnelles \u00e0 des tiers (sous-traitants contractuels) que lorsque cela est strictement n\u00e9cessaire pour atteindre l&rsquo;objectif pour lequel nous avons collect\u00e9 les donn\u00e9es. La transmission de donn\u00e9es personnelles est effectu\u00e9e uniquement sur la base d&rsquo;un contrat sign\u00e9 relatif au traitement des donn\u00e9es personnelles, dans lequel le traitement est d\u00e9fini en d\u00e9tail. Les sous-traitants contractuels peuvent traiter les donn\u00e9es personnelles uniquement aux fins sp\u00e9cifi\u00e9es dans le contrat de traitement des donn\u00e9es personnelles.<\/p>\n<p>Liste de nos sous-traitants\u00a0:<\/p>\n<ul>\n<li>Service comptabilit\u00e9,<\/li>\n<li>Prestataires de services informatiques.<\/li>\n<\/ul>\n<h1>5.\u00a0\u00a0\u00a0\u00a0\u00a0 Plugins<\/h1>\n<p>Sur notre site internet <a href=\"http:\/\/www.navkom.si\">www.navkom.si<\/a>, nous vous donnons acc\u00e8s aux plugins suivants\u00a0: Facebook, LinkedIn, Vimeo et YouTube.<\/p>\n<p>Nous vous informons que tous les r\u00e9seaux sociaux \u00e9num\u00e9r\u00e9s ci-dessus utilisent leurs propres politiques de confidentialit\u00e9. Veuillez lire attentivement ces r\u00e8glements avant de d\u00e9cider d&rsquo;interagir avec les r\u00e9seaux sociaux.<\/p>\n<p>Voici les liens vers la politique de confidentialit\u00e9 de chaque r\u00e9seau social\u00a0:<\/p>\n<ul>\n<li><a href=\"https:\/\/www.facebook.com\/policy.php\">Facebook<\/a><\/li>\n<li><a href=\"https:\/\/www.linkedin.com\/legal\/privacy-policy\">Linkedin<\/a><\/li>\n<li><a href=\"https:\/\/policies.google.com\/privacy\">YouTube<\/a><\/li>\n<li><a href=\"https:\/\/vimeo.com\/privacy\">Vimeo<\/a><\/li>\n<\/ul>\n<h1>6.\u00a0\u00a0\u00a0\u00a0\u00a0 Vos droits<\/h1>\n<p>Dans le cadre du traitement des donn\u00e9es personnelles, vous disposez des droits suivants :<\/p>\n<ul>\n<li><strong>Acc\u00e8s aux donn\u00e9es personnelles<\/strong>: vous pouvez demander et obtenir des informations pour savoir si nous traitons des donn\u00e9es personnelles vous concernant, \u00eatre renseign\u00e9 sur l&rsquo;acc\u00e8s aux donn\u00e9es personnelles et obtenir des informations sur le traitement que nous effectuons.<\/li>\n<li><strong>Rectification des donn\u00e9es personnelles<\/strong>: en cas d&rsquo;informations incompl\u00e8tes ou incorrectes, vous pouvez demander une rectification.<\/li>\n<li><strong>Restriction dans le traitement des donn\u00e9es personnelles<\/strong>: vous pouvez demander une restriction temporairement du traitement de vos donn\u00e9es personnelles, par exemple, concernant la dur\u00e9e de la rectification des donn\u00e9es personnelles que nous traitons vous concernant.<\/li>\n<li><strong>Suppression des donn\u00e9es personnelles<\/strong>: vous pouvez demander la suppression de vos donn\u00e9es personnelles, mais nous ne pouvons pas supprimer les donn\u00e9es que nous traitons sur la base d&rsquo;une relation contractuelle (qui est toujours en vigueur), ni les donn\u00e9es que nous traitons sur la base de la loi.<\/li>\n<li><strong>Relev\u00e9 des donn\u00e9es personnelles<\/strong>: vous pouvez demander \u00e0 ce que nous vous fournissions des donn\u00e9es personnelles sous une forme structur\u00e9e, couramment utilis\u00e9e et lisible par machine.<\/li>\n<li><strong>Retrait du consentement<\/strong>: vous pouvez retirer votre consentement au traitement des donn\u00e9es personnelles \u00e0 tout moment, sans aucune cons\u00e9quence d\u00e9favorable pour vous. Vous pouvez retirer votre consentement en nous \u00e9crivant \u00e0 l\u2019adresse mail\u00a0: info@navkom.si. Apr\u00e8s avoir retir\u00e9 votre consentement, nous ne serons plus en mesure de vous fournir certains services.<\/li>\n<li><strong>Opposition au traitement des donn\u00e9es personnelles<\/strong>: Vous avez le droit de vous opposer au traitement des donn\u00e9es personnelles lorsqu&rsquo;il s&rsquo;agit du traitement des donn\u00e9es personnelles \u00e0 des fins de marketing direct, y compris le profilage. Vous pouvez nous faire part de votre opposition en nous \u00e9crivant \u00e0 l\u2019adresse mail\u00a0: info@navkom.si.<\/li>\n<li><strong>Droit \u00e0 la portabilit\u00e9 des donn\u00e9es<\/strong>: Vous pouvez demander un relev\u00e9 des donn\u00e9es personnelles que vous nous avez fournies, ainsi que le transfert de ces donn\u00e9es \u00e0 un autre responsable du traitement. \u00c0 votre demande, nous transf\u00e8rerons les donn\u00e9es personnelles directement \u00e0 un autre responsable du traitement si cela est techniquement possible.<\/li>\n<\/ul>\n<p>Vous pouvez exercer vos droits en \u00e9crivant \u00e0 info@navkom.si. Nous r\u00e9pondrons \u00e0 vos demandes dans les plus brefs d\u00e9lais, mais au plus tard dans les 30 jours. En cas de demandes complexes, nous pouvons \u00e9galement prolonger le d\u00e9lai de 30 jours, auquel cas nous vous informerons.<\/p>\n<p>Nous nous r\u00e9servons le droit de vous demander de fournir des informations suppl\u00e9mentaires lorsque les informations personnelles que vous avez fournies ne permettent pas de vous identifier de mani\u00e8re fiable. Si vous refusez de fournir ces informations personnelles, nous rejetterons votre demande.<\/p>\n<p>Si vous pensez qu&rsquo;il y a eu une violation de la protection des donn\u00e9es personnelles, vous pouvez le signaler au Commissaire charg\u00e9 de l&rsquo;information. De plus amples informations sur la comp\u00e9tence du Commissaire charg\u00e9 de l&rsquo;information sont disponibles sur <a href=\"http:\/\/www.ip-rs.si\">www.ip-rs.si<\/a>.\u00a0<\/p>\n<h1>7.\u00a0\u00a0\u00a0\u00a0\u00a0 Vous souhaitez plus d\u2019informations\u00a0?<\/h1>\n<p>Toutes les informations concernant le traitement des donn\u00e9es personnelles sont trouvent dans cette politique de confidentialit\u00e9, que nous mettons r\u00e9guli\u00e8rement \u00e0 jour. La derni\u00e8re version de la politique de confidentialit\u00e9 est disponible en permanence sur https:\/\/www.navkom.si\/fr\/politique-de-confidentialite\/.<\/p>\n<p>Pour toutes questions ou explications suppl\u00e9mentaires, nous sommes disponibles \u00e0 l&rsquo;adresse : info@navkom.si.<\/p>\n\n\t\t<\/div>\n\t\t\t\t\t<\/div>\n\n\t\n\n<\/div>\n\n","protected":false},"excerpt":{"rendered":"","protected":false},"author":1,"featured_media":0,"parent":0,"menu_order":0,"comment_status":"closed","ping_status":"closed","template":"","meta":{"_monsterinsights_skip_tracking":false,"_monsterinsights_sitenote_active":false,"_monsterinsights_sitenote_note":"","_monsterinsights_sitenote_category":0,"footnotes":""},"class_list":["post-8951","page","type-page","status-publish","hentry"],"yoast_head":"<!-- This site is optimized with the Yoast SEO plugin v27.4 - https:\/\/yoast.com\/product\/yoast-seo-wordpress\/ -->\n<title>Politique de confidentialit\u00e9 | Navkom<\/title>\n<meta name=\"robots\" content=\"index, follow, max-snippet:-1, max-image-preview:large, max-video-preview:-1\" \/>\n<link rel=\"canonical\" href=\"https:\/\/www.navkom.si\/fr\/politique-de-confidentialite\/\" \/>\n<meta property=\"og:locale\" content=\"fr_FR\" \/>\n<meta property=\"og:type\" content=\"article\" \/>\n<meta property=\"og:title\" content=\"Politique de confidentialit\u00e9 | Navkom\" \/>\n<meta property=\"og:url\" content=\"https:\/\/www.navkom.si\/fr\/politique-de-confidentialite\/\" \/>\n<meta property=\"og:site_name\" content=\"Navkom\" \/>\n<meta property=\"article:publisher\" content=\"https:\/\/www.facebook.com\/Navkom-fingerprint-readers-150915411647792\" \/>\n<meta property=\"article:modified_time\" content=\"2021-09-28T05:24:07+00:00\" \/>\n<meta property=\"og:image\" content=\"https:\/\/www.navkom.si\/wp-content\/uploads\/2020\/11\/Navkom-logo-e1604474702264.png\" \/>\n\t<meta property=\"og:image:width\" content=\"968\" \/>\n\t<meta property=\"og:image:height\" content=\"339\" \/>\n\t<meta property=\"og:image:type\" content=\"image\/png\" \/>\n<meta name=\"twitter:card\" content=\"summary_large_image\" \/>\n<meta name=\"twitter:label1\" content=\"Dur\u00e9e de lecture estim\u00e9e\" \/>\n\t<meta name=\"twitter:data1\" content=\"8 minutes\" \/>\n<script type=\"application\/ld+json\" class=\"yoast-schema-graph\">{\"@context\":\"https:\\\/\\\/schema.org\",\"@graph\":[{\"@type\":\"WebPage\",\"@id\":\"https:\\\/\\\/www.navkom.si\\\/fr\\\/politique-de-confidentialite\\\/\",\"url\":\"https:\\\/\\\/www.navkom.si\\\/fr\\\/politique-de-confidentialite\\\/\",\"name\":\"Politique de confidentialit\u00e9 | Navkom\",\"isPartOf\":{\"@id\":\"https:\\\/\\\/www.navkom.si\\\/#website\"},\"datePublished\":\"2021-09-15T09:32:47+00:00\",\"dateModified\":\"2021-09-28T05:24:07+00:00\",\"breadcrumb\":{\"@id\":\"https:\\\/\\\/www.navkom.si\\\/fr\\\/politique-de-confidentialite\\\/#breadcrumb\"},\"inLanguage\":\"fr-FR\",\"potentialAction\":[{\"@type\":\"ReadAction\",\"target\":[\"https:\\\/\\\/www.navkom.si\\\/fr\\\/politique-de-confidentialite\\\/\"]}]},{\"@type\":\"BreadcrumbList\",\"@id\":\"https:\\\/\\\/www.navkom.si\\\/fr\\\/politique-de-confidentialite\\\/#breadcrumb\",\"itemListElement\":[{\"@type\":\"ListItem\",\"position\":1,\"name\":\"Home\",\"item\":\"https:\\\/\\\/www.navkom.si\\\/fr\\\/\"},{\"@type\":\"ListItem\",\"position\":2,\"name\":\"Politique de confidentialit\u00e9\"}]},{\"@type\":\"WebSite\",\"@id\":\"https:\\\/\\\/www.navkom.si\\\/#website\",\"url\":\"https:\\\/\\\/www.navkom.si\\\/\",\"name\":\"Navkom\",\"description\":\" Lecteurs d\u2019empreintes digitales\",\"publisher\":{\"@id\":\"https:\\\/\\\/www.navkom.si\\\/#organization\"},\"potentialAction\":[{\"@type\":\"SearchAction\",\"target\":{\"@type\":\"EntryPoint\",\"urlTemplate\":\"https:\\\/\\\/www.navkom.si\\\/?s={search_term_string}\"},\"query-input\":{\"@type\":\"PropertyValueSpecification\",\"valueRequired\":true,\"valueName\":\"search_term_string\"}}],\"inLanguage\":\"fr-FR\"},{\"@type\":\"Organization\",\"@id\":\"https:\\\/\\\/www.navkom.si\\\/#organization\",\"name\":\"Navkom d.o.o.\",\"url\":\"https:\\\/\\\/www.navkom.si\\\/\",\"logo\":{\"@type\":\"ImageObject\",\"inLanguage\":\"fr-FR\",\"@id\":\"https:\\\/\\\/www.navkom.si\\\/#\\\/schema\\\/logo\\\/image\\\/\",\"url\":\"https:\\\/\\\/www.navkom.si\\\/wp-content\\\/uploads\\\/2020\\\/11\\\/Navkom-logo-e1604474702264.png\",\"contentUrl\":\"https:\\\/\\\/www.navkom.si\\\/wp-content\\\/uploads\\\/2020\\\/11\\\/Navkom-logo-e1604474702264.png\",\"width\":968,\"height\":339,\"caption\":\"Navkom d.o.o.\"},\"image\":{\"@id\":\"https:\\\/\\\/www.navkom.si\\\/#\\\/schema\\\/logo\\\/image\\\/\"},\"sameAs\":[\"https:\\\/\\\/www.facebook.com\\\/Navkom-fingerprint-readers-150915411647792\",\"https:\\\/\\\/www.linkedin.com\\\/company\\\/navkom\",\"https:\\\/\\\/www.youtube.com\\\/channel\\\/UCRxNGgBFfBxIwcydLnQW7Ew\"]}]}<\/script>\n<!-- \/ Yoast SEO plugin. -->","yoast_head_json":{"title":"Politique de confidentialit\u00e9 | Navkom","robots":{"index":"index","follow":"follow","max-snippet":"max-snippet:-1","max-image-preview":"max-image-preview:large","max-video-preview":"max-video-preview:-1"},"canonical":"https:\/\/www.navkom.si\/fr\/politique-de-confidentialite\/","og_locale":"fr_FR","og_type":"article","og_title":"Politique de confidentialit\u00e9 | Navkom","og_url":"https:\/\/www.navkom.si\/fr\/politique-de-confidentialite\/","og_site_name":"Navkom","article_publisher":"https:\/\/www.facebook.com\/Navkom-fingerprint-readers-150915411647792","article_modified_time":"2021-09-28T05:24:07+00:00","og_image":[{"width":968,"height":339,"url":"https:\/\/www.navkom.si\/wp-content\/uploads\/2020\/11\/Navkom-logo-e1604474702264.png","type":"image\/png"}],"twitter_card":"summary_large_image","twitter_misc":{"Dur\u00e9e de lecture estim\u00e9e":"8 minutes"},"schema":{"@context":"https:\/\/schema.org","@graph":[{"@type":"WebPage","@id":"https:\/\/www.navkom.si\/fr\/politique-de-confidentialite\/","url":"https:\/\/www.navkom.si\/fr\/politique-de-confidentialite\/","name":"Politique de confidentialit\u00e9 | Navkom","isPartOf":{"@id":"https:\/\/www.navkom.si\/#website"},"datePublished":"2021-09-15T09:32:47+00:00","dateModified":"2021-09-28T05:24:07+00:00","breadcrumb":{"@id":"https:\/\/www.navkom.si\/fr\/politique-de-confidentialite\/#breadcrumb"},"inLanguage":"fr-FR","potentialAction":[{"@type":"ReadAction","target":["https:\/\/www.navkom.si\/fr\/politique-de-confidentialite\/"]}]},{"@type":"BreadcrumbList","@id":"https:\/\/www.navkom.si\/fr\/politique-de-confidentialite\/#breadcrumb","itemListElement":[{"@type":"ListItem","position":1,"name":"Home","item":"https:\/\/www.navkom.si\/fr\/"},{"@type":"ListItem","position":2,"name":"Politique de confidentialit\u00e9"}]},{"@type":"WebSite","@id":"https:\/\/www.navkom.si\/#website","url":"https:\/\/www.navkom.si\/","name":"Navkom","description":" Lecteurs d\u2019empreintes digitales","publisher":{"@id":"https:\/\/www.navkom.si\/#organization"},"potentialAction":[{"@type":"SearchAction","target":{"@type":"EntryPoint","urlTemplate":"https:\/\/www.navkom.si\/?s={search_term_string}"},"query-input":{"@type":"PropertyValueSpecification","valueRequired":true,"valueName":"search_term_string"}}],"inLanguage":"fr-FR"},{"@type":"Organization","@id":"https:\/\/www.navkom.si\/#organization","name":"Navkom d.o.o.","url":"https:\/\/www.navkom.si\/","logo":{"@type":"ImageObject","inLanguage":"fr-FR","@id":"https:\/\/www.navkom.si\/#\/schema\/logo\/image\/","url":"https:\/\/www.navkom.si\/wp-content\/uploads\/2020\/11\/Navkom-logo-e1604474702264.png","contentUrl":"https:\/\/www.navkom.si\/wp-content\/uploads\/2020\/11\/Navkom-logo-e1604474702264.png","width":968,"height":339,"caption":"Navkom d.o.o."},"image":{"@id":"https:\/\/www.navkom.si\/#\/schema\/logo\/image\/"},"sameAs":["https:\/\/www.facebook.com\/Navkom-fingerprint-readers-150915411647792","https:\/\/www.linkedin.com\/company\/navkom","https:\/\/www.youtube.com\/channel\/UCRxNGgBFfBxIwcydLnQW7Ew"]}]}},"_links":{"self":[{"href":"https:\/\/www.navkom.si\/fr\/wp-json\/wp\/v2\/pages\/8951","targetHints":{"allow":["GET"]}}],"collection":[{"href":"https:\/\/www.navkom.si\/fr\/wp-json\/wp\/v2\/pages"}],"about":[{"href":"https:\/\/www.navkom.si\/fr\/wp-json\/wp\/v2\/types\/page"}],"author":[{"embeddable":true,"href":"https:\/\/www.navkom.si\/fr\/wp-json\/wp\/v2\/users\/1"}],"replies":[{"embeddable":true,"href":"https:\/\/www.navkom.si\/fr\/wp-json\/wp\/v2\/comments?post=8951"}],"version-history":[{"count":8,"href":"https:\/\/www.navkom.si\/fr\/wp-json\/wp\/v2\/pages\/8951\/revisions"}],"predecessor-version":[{"id":9892,"href":"https:\/\/www.navkom.si\/fr\/wp-json\/wp\/v2\/pages\/8951\/revisions\/9892"}],"wp:attachment":[{"href":"https:\/\/www.navkom.si\/fr\/wp-json\/wp\/v2\/media?parent=8951"}],"curies":[{"name":"wp","href":"https:\/\/api.w.org\/{rel}","templated":true}]}}