{"id":8725,"date":"2021-09-14T11:18:18","date_gmt":"2021-09-14T11:18:18","guid":{"rendered":"https:\/\/www.navkom.si\/a-propos-de-nous\/"},"modified":"2025-04-16T07:12:42","modified_gmt":"2025-04-16T07:12:42","slug":"a-propos-de-nous","status":"publish","type":"page","link":"https:\/\/www.navkom.si\/fr\/a-propos-de-nous\/","title":{"rendered":"\u00e0 propos de nous"},"content":{"rendered":"\n\n\t<section class=\"section\" id=\"section_312545267\">\n\t\t<div class=\"section-bg fill\" >\n\t\t\t<img decoding=\"async\" width=\"2560\" height=\"1707\" data-src=\"https:\/\/www.navkom.si\/wp-content\/uploads\/2025\/01\/D3A1271-scaled.jpg\" class=\"bg attachment- size- lazyload\" alt=\"\" src=\"data:image\/svg+xml;base64,PHN2ZyB3aWR0aD0iMSIgaGVpZ2h0PSIxIiB4bWxucz0iaHR0cDovL3d3dy53My5vcmcvMjAwMC9zdmciPjwvc3ZnPg==\" style=\"--smush-placeholder-width: 2560px; --smush-placeholder-aspect-ratio: 2560\/1707;\" \/>\t\t\t\t\t\t<div class=\"section-bg-overlay absolute fill\"><\/div>\n\t\t\t\n\n\t\t<\/div>\n\n\t\t\n\n\t\t<div class=\"section-content relative\">\n\t\t\t\n\n<div class=\"row align-center\"  id=\"row-1486061095\">\n\n\n\t<div id=\"col-1794000729\" class=\"col medium-11 small-12 large-12\"  >\n\t\t\t\t<div class=\"col-inner text-center\"  >\n\t\t\t\n\t\t\t\n\n<div class=\"row row-collapse align-equal align-center\"  id=\"row-181429322\">\n\n\n\t<div id=\"col-89792415\" class=\"col medium-12 small-12 large-7\"  >\n\t\t\t\t<div class=\"col-inner text-left dark\" style=\"background-color:#273647;\" >\n\t\t\t\n\t\t\t\n\n\t<div id=\"gap-1473572391\" class=\"gap-element clearfix\" style=\"display:block; height:auto;\">\n\t\t\n<style>\n#gap-1473572391 {\n  padding-top: 30px;\n}\n<\/style>\n\t<\/div>\n\t\n\n\t<div id=\"text-4265163528\" class=\"text\">\n\t\t\n\n<h3>\u00c0 propos de nous<\/h3>\n\t\t\n<style>\n#text-4265163528 {\n  font-size: 1.5rem;\n  line-height: 1;\n}\n<\/style>\n\t<\/div>\n\t\n<p>Navkom d.o.o. fait partie des entreprises leader dans le domaine des solutions biom\u00e9triques pour le contr\u00f4le d\u2019acc\u00e8s \u00e0 usage personnel en Europe. Nous nous concentrons principalement sur le d\u00e9veloppement et la fabrication de produits pour les appartements, les maisons et les petites entreprises. Nous sommes cependant pr\u00e9sents sur le march\u00e9 avec nos propres solutions, mais nous d\u00e9veloppons et fabriquons \u00e9galement des produits sur mesure pour les fabricants de portes et les entreprises op\u00e9rant dans le domaine du contr\u00f4le d&rsquo;acc\u00e8s.<\/p>\n<p>Nous avons d\u00e9but\u00e9 nos activit\u00e9s dans le domaine de la biom\u00e9trie en 2006 et nous nous sommes rapidement fait une place sur la march\u00e9, gr\u00e2ce \u00e0 nos solutions simples mais fiables, et en \u00e9tablissant de nouvelles normes sur le march\u00e9 de la biom\u00e9trie. Aujourd&rsquo;hui, nous offrons une large gamme de produits permettant un acc\u00e8s plus confortable et plus s\u00fbr dans les maisons et les bureaux.<\/p>\n<p>Lors du d\u00e9veloppement de nos produits, nous suivons une r\u00e8gle claire et simple : la qualit\u00e9 et la s\u00e9curit\u00e9 doivent s\u2019accorder avec une utilisation conviviale et une apparence moderne. La cr\u00e9ation de l&rsquo;entreprise \u00e9tait \u00e9galement bas\u00e9e sur le constat que les lecteurs d&#8217;empreintes digitales viendront \u00e0 \u00eatre utilis\u00e9s quotidiennement et partout, de mani\u00e8re simple, s\u00fbre et pratique. Plus de 10.000 de nos lecteurs sont utilis\u00e9s \u00e0 travers l&rsquo;Europe, ce qui confirme que nous \u0153uvrons pour le bien et nous donne la motivation de nous efforcer \u00e0 \u00eatre encore meilleurs. Merci de votre confiance.<\/p>\n<p><span style=\"color: #555555; text-align: right;\">Tadej Weber, directeur<\/span><\/p>\n\n\t\t<\/div>\n\t\t\t\t\n<style>\n#col-89792415 > .col-inner {\n  padding: 40px 5% 60px 5%;\n}\n@media (min-width:550px) {\n  #col-89792415 > .col-inner {\n    padding: 20px 10% 20px 10%;\n  }\n}\n<\/style>\n\t<\/div>\n\n\t\n\n\t<div id=\"col-839652914\" class=\"col medium-12 small-12 large-5\"  >\n\t\t\t\t<div class=\"col-inner\"  >\n\t\t\t\n\t\t\t\n\n\t<div id=\"text-3828690920\" class=\"text\">\n\t\t\n\n<h3>Contacts<\/h3>\n\t\t\n<style>\n#text-3828690920 {\n  font-size: 1.5rem;\n  line-height: 1;\n}\n<\/style>\n\t<\/div>\n\t\n\t<div id=\"text-23364077\" class=\"text\">\n\t\t\n\n<p>\u00a0<\/p>\n<p><span data-text-color=\"primary\">Informations et ventes<\/span><\/p>\n<p><span style=\"font-size: 85%;\">info@navkom.si<\/span><\/p>\n<p><span data-text-color=\"primary\">Commandes<\/span><\/p>\n<p><span style=\"font-size: 90%;\">order@navkom.si<\/span><\/p>\n<p><span data-text-color=\"primary\">Service<\/span><\/p>\n<p><span style=\"font-size: 90%;\">service@navkom.de<\/span><\/p>\n\t\t\n<style>\n#text-23364077 {\n  font-size: 1.5rem;\n  line-height: 1;\n}\n<\/style>\n\t<\/div>\n\t\n\t<div id=\"gap-1928024904\" class=\"gap-element clearfix\" style=\"display:block; height:auto;\">\n\t\t\n<style>\n#gap-1928024904 {\n  padding-top: 10px;\n}\n<\/style>\n\t<\/div>\n\t\n\n\n\t\t<\/div>\n\t\t\t\t\n<style>\n#col-839652914 > .col-inner {\n  padding: 30px 5% 30px 5%;\n}\n@media (min-width:550px) {\n  #col-839652914 > .col-inner {\n    padding: 10% 15% 15% 15%;\n  }\n}\n<\/style>\n\t<\/div>\n\n\t\n\n<\/div>\n\n\t\t<\/div>\n\t\t\t\t\t<\/div>\n\n\t\n\n\n<style>\n#row-1486061095 > .col > .col-inner {\n  background-color: rgb(255, 255, 255);\n}\n<\/style>\n<\/div>\n\n\t\t<\/div>\n\n\t\t\n<style>\n#section_312545267 {\n  padding-top: 50px;\n  padding-bottom: 50px;\n}\n#section_312545267 .section-bg-overlay {\n  background-color: rgba(39, 54, 71, 0.28);\n}\n#section_312545267 .section-bg img {\n  object-position: 38% 100%;\n}\n@media (min-width:550px) {\n  #section_312545267 {\n    padding-top: 80px;\n    padding-bottom: 80px;\n  }\n}\n@media (min-width:850px) {\n  #section_312545267 {\n    padding-top: 100px;\n    padding-bottom: 100px;\n  }\n}\n<\/style>\n\t<\/section>\n\t\n\n","protected":false},"excerpt":{"rendered":"","protected":false},"author":1,"featured_media":0,"parent":0,"menu_order":0,"comment_status":"closed","ping_status":"closed","template":"","meta":{"_monsterinsights_skip_tracking":false,"_monsterinsights_sitenote_active":false,"_monsterinsights_sitenote_note":"","_monsterinsights_sitenote_category":0,"footnotes":""},"class_list":["post-8725","page","type-page","status-publish","hentry"],"yoast_head":"<!-- This site is optimized with the Yoast SEO plugin v27.4 - https:\/\/yoast.com\/product\/yoast-seo-wordpress\/ -->\n<title>\u00e0 propos de nous | Navkom<\/title>\n<meta name=\"robots\" content=\"index, follow, max-snippet:-1, max-image-preview:large, max-video-preview:-1\" \/>\n<link rel=\"canonical\" href=\"https:\/\/www.navkom.si\/fr\/a-propos-de-nous\/\" \/>\n<meta property=\"og:locale\" content=\"fr_FR\" \/>\n<meta property=\"og:type\" content=\"article\" \/>\n<meta property=\"og:title\" content=\"\u00e0 propos de nous | Navkom\" \/>\n<meta property=\"og:url\" content=\"https:\/\/www.navkom.si\/fr\/a-propos-de-nous\/\" \/>\n<meta property=\"og:site_name\" content=\"Navkom\" \/>\n<meta property=\"article:publisher\" content=\"https:\/\/www.facebook.com\/Navkom-fingerprint-readers-150915411647792\" \/>\n<meta property=\"article:modified_time\" content=\"2025-04-16T07:12:42+00:00\" \/>\n<meta property=\"og:image\" content=\"https:\/\/www.navkom.si\/wp-content\/uploads\/2020\/11\/Navkom-logo-e1604474702264.png\" \/>\n\t<meta property=\"og:image:width\" content=\"968\" \/>\n\t<meta property=\"og:image:height\" content=\"339\" \/>\n\t<meta property=\"og:image:type\" content=\"image\/png\" \/>\n<meta name=\"twitter:card\" content=\"summary_large_image\" \/>\n<meta name=\"twitter:label1\" content=\"Dur\u00e9e de lecture estim\u00e9e\" \/>\n\t<meta name=\"twitter:data1\" content=\"2 minutes\" \/>\n<script type=\"application\/ld+json\" class=\"yoast-schema-graph\">{\"@context\":\"https:\\\/\\\/schema.org\",\"@graph\":[{\"@type\":\"WebPage\",\"@id\":\"https:\\\/\\\/www.navkom.si\\\/fr\\\/a-propos-de-nous\\\/\",\"url\":\"https:\\\/\\\/www.navkom.si\\\/fr\\\/a-propos-de-nous\\\/\",\"name\":\"\u00e0 propos de nous | Navkom\",\"isPartOf\":{\"@id\":\"https:\\\/\\\/www.navkom.si\\\/#website\"},\"datePublished\":\"2021-09-14T11:18:18+00:00\",\"dateModified\":\"2025-04-16T07:12:42+00:00\",\"breadcrumb\":{\"@id\":\"https:\\\/\\\/www.navkom.si\\\/fr\\\/a-propos-de-nous\\\/#breadcrumb\"},\"inLanguage\":\"fr-FR\",\"potentialAction\":[{\"@type\":\"ReadAction\",\"target\":[\"https:\\\/\\\/www.navkom.si\\\/fr\\\/a-propos-de-nous\\\/\"]}]},{\"@type\":\"BreadcrumbList\",\"@id\":\"https:\\\/\\\/www.navkom.si\\\/fr\\\/a-propos-de-nous\\\/#breadcrumb\",\"itemListElement\":[{\"@type\":\"ListItem\",\"position\":1,\"name\":\"Home\",\"item\":\"https:\\\/\\\/www.navkom.si\\\/fr\\\/\"},{\"@type\":\"ListItem\",\"position\":2,\"name\":\"\u00e0 propos de nous\"}]},{\"@type\":\"WebSite\",\"@id\":\"https:\\\/\\\/www.navkom.si\\\/#website\",\"url\":\"https:\\\/\\\/www.navkom.si\\\/\",\"name\":\"Navkom\",\"description\":\" Lecteurs d\u2019empreintes digitales\",\"publisher\":{\"@id\":\"https:\\\/\\\/www.navkom.si\\\/#organization\"},\"potentialAction\":[{\"@type\":\"SearchAction\",\"target\":{\"@type\":\"EntryPoint\",\"urlTemplate\":\"https:\\\/\\\/www.navkom.si\\\/?s={search_term_string}\"},\"query-input\":{\"@type\":\"PropertyValueSpecification\",\"valueRequired\":true,\"valueName\":\"search_term_string\"}}],\"inLanguage\":\"fr-FR\"},{\"@type\":\"Organization\",\"@id\":\"https:\\\/\\\/www.navkom.si\\\/#organization\",\"name\":\"Navkom d.o.o.\",\"url\":\"https:\\\/\\\/www.navkom.si\\\/\",\"logo\":{\"@type\":\"ImageObject\",\"inLanguage\":\"fr-FR\",\"@id\":\"https:\\\/\\\/www.navkom.si\\\/#\\\/schema\\\/logo\\\/image\\\/\",\"url\":\"https:\\\/\\\/www.navkom.si\\\/wp-content\\\/uploads\\\/2020\\\/11\\\/Navkom-logo-e1604474702264.png\",\"contentUrl\":\"https:\\\/\\\/www.navkom.si\\\/wp-content\\\/uploads\\\/2020\\\/11\\\/Navkom-logo-e1604474702264.png\",\"width\":968,\"height\":339,\"caption\":\"Navkom d.o.o.\"},\"image\":{\"@id\":\"https:\\\/\\\/www.navkom.si\\\/#\\\/schema\\\/logo\\\/image\\\/\"},\"sameAs\":[\"https:\\\/\\\/www.facebook.com\\\/Navkom-fingerprint-readers-150915411647792\",\"https:\\\/\\\/www.linkedin.com\\\/company\\\/navkom\",\"https:\\\/\\\/www.youtube.com\\\/channel\\\/UCRxNGgBFfBxIwcydLnQW7Ew\"]}]}<\/script>\n<!-- \/ Yoast SEO plugin. -->","yoast_head_json":{"title":"\u00e0 propos de nous | Navkom","robots":{"index":"index","follow":"follow","max-snippet":"max-snippet:-1","max-image-preview":"max-image-preview:large","max-video-preview":"max-video-preview:-1"},"canonical":"https:\/\/www.navkom.si\/fr\/a-propos-de-nous\/","og_locale":"fr_FR","og_type":"article","og_title":"\u00e0 propos de nous | Navkom","og_url":"https:\/\/www.navkom.si\/fr\/a-propos-de-nous\/","og_site_name":"Navkom","article_publisher":"https:\/\/www.facebook.com\/Navkom-fingerprint-readers-150915411647792","article_modified_time":"2025-04-16T07:12:42+00:00","og_image":[{"width":968,"height":339,"url":"https:\/\/www.navkom.si\/wp-content\/uploads\/2020\/11\/Navkom-logo-e1604474702264.png","type":"image\/png"}],"twitter_card":"summary_large_image","twitter_misc":{"Dur\u00e9e de lecture estim\u00e9e":"2 minutes"},"schema":{"@context":"https:\/\/schema.org","@graph":[{"@type":"WebPage","@id":"https:\/\/www.navkom.si\/fr\/a-propos-de-nous\/","url":"https:\/\/www.navkom.si\/fr\/a-propos-de-nous\/","name":"\u00e0 propos de nous | Navkom","isPartOf":{"@id":"https:\/\/www.navkom.si\/#website"},"datePublished":"2021-09-14T11:18:18+00:00","dateModified":"2025-04-16T07:12:42+00:00","breadcrumb":{"@id":"https:\/\/www.navkom.si\/fr\/a-propos-de-nous\/#breadcrumb"},"inLanguage":"fr-FR","potentialAction":[{"@type":"ReadAction","target":["https:\/\/www.navkom.si\/fr\/a-propos-de-nous\/"]}]},{"@type":"BreadcrumbList","@id":"https:\/\/www.navkom.si\/fr\/a-propos-de-nous\/#breadcrumb","itemListElement":[{"@type":"ListItem","position":1,"name":"Home","item":"https:\/\/www.navkom.si\/fr\/"},{"@type":"ListItem","position":2,"name":"\u00e0 propos de nous"}]},{"@type":"WebSite","@id":"https:\/\/www.navkom.si\/#website","url":"https:\/\/www.navkom.si\/","name":"Navkom","description":" Lecteurs d\u2019empreintes digitales","publisher":{"@id":"https:\/\/www.navkom.si\/#organization"},"potentialAction":[{"@type":"SearchAction","target":{"@type":"EntryPoint","urlTemplate":"https:\/\/www.navkom.si\/?s={search_term_string}"},"query-input":{"@type":"PropertyValueSpecification","valueRequired":true,"valueName":"search_term_string"}}],"inLanguage":"fr-FR"},{"@type":"Organization","@id":"https:\/\/www.navkom.si\/#organization","name":"Navkom d.o.o.","url":"https:\/\/www.navkom.si\/","logo":{"@type":"ImageObject","inLanguage":"fr-FR","@id":"https:\/\/www.navkom.si\/#\/schema\/logo\/image\/","url":"https:\/\/www.navkom.si\/wp-content\/uploads\/2020\/11\/Navkom-logo-e1604474702264.png","contentUrl":"https:\/\/www.navkom.si\/wp-content\/uploads\/2020\/11\/Navkom-logo-e1604474702264.png","width":968,"height":339,"caption":"Navkom d.o.o."},"image":{"@id":"https:\/\/www.navkom.si\/#\/schema\/logo\/image\/"},"sameAs":["https:\/\/www.facebook.com\/Navkom-fingerprint-readers-150915411647792","https:\/\/www.linkedin.com\/company\/navkom","https:\/\/www.youtube.com\/channel\/UCRxNGgBFfBxIwcydLnQW7Ew"]}]}},"_links":{"self":[{"href":"https:\/\/www.navkom.si\/fr\/wp-json\/wp\/v2\/pages\/8725","targetHints":{"allow":["GET"]}}],"collection":[{"href":"https:\/\/www.navkom.si\/fr\/wp-json\/wp\/v2\/pages"}],"about":[{"href":"https:\/\/www.navkom.si\/fr\/wp-json\/wp\/v2\/types\/page"}],"author":[{"embeddable":true,"href":"https:\/\/www.navkom.si\/fr\/wp-json\/wp\/v2\/users\/1"}],"replies":[{"embeddable":true,"href":"https:\/\/www.navkom.si\/fr\/wp-json\/wp\/v2\/comments?post=8725"}],"version-history":[{"count":17,"href":"https:\/\/www.navkom.si\/fr\/wp-json\/wp\/v2\/pages\/8725\/revisions"}],"predecessor-version":[{"id":19118,"href":"https:\/\/www.navkom.si\/fr\/wp-json\/wp\/v2\/pages\/8725\/revisions\/19118"}],"wp:attachment":[{"href":"https:\/\/www.navkom.si\/fr\/wp-json\/wp\/v2\/media?parent=8725"}],"curies":[{"name":"wp","href":"https:\/\/api.w.org\/{rel}","templated":true}]}}