{"id":8684,"date":"2021-09-14T10:45:51","date_gmt":"2021-09-14T10:45:51","guid":{"rendered":"https:\/\/www.navkom.si\/biopass\/"},"modified":"2023-03-06T09:19:03","modified_gmt":"2023-03-06T09:19:03","slug":"biopass","status":"publish","type":"page","link":"https:\/\/www.navkom.si\/fr\/biopass\/","title":{"rendered":"Biopass"},"content":{"rendered":"\n\n  <div class=\"banner has-hover has-parallax\" id=\"banner-260909121\">\n          <div class=\"banner-inner fill\">\n        <div class=\"banner-bg fill\" data-parallax=\"-10\" data-parallax-container=\".banner\" data-parallax-background>\n            <img decoding=\"async\" width=\"1707\" height=\"2560\" data-src=\"https:\/\/www.navkom.si\/wp-content\/uploads\/2020\/11\/Salon_biopass-1-scaled.jpg\" class=\"bg attachment-original size-original lazyload\" alt=\"\" src=\"data:image\/svg+xml;base64,PHN2ZyB3aWR0aD0iMSIgaGVpZ2h0PSIxIiB4bWxucz0iaHR0cDovL3d3dy53My5vcmcvMjAwMC9zdmciPjwvc3ZnPg==\" style=\"--smush-placeholder-width: 1707px; --smush-placeholder-aspect-ratio: 1707\/2560;\" \/>                        <div class=\"overlay\"><\/div>            \n\t<div class=\"is-border\"\n\t\tstyle=\"border-width:0px 0px 0 0px;\">\n\t<\/div>\n                    <\/div>\n\t\t\n        <div class=\"banner-layers container\">\n            <div class=\"fill banner-link\"><\/div>            \n\n   <div id=\"text-box-1064710398\" class=\"text-box banner-layer x15 md-x0 lg-x0 y100 md-y100 lg-y100 res-text\">\n                                <div class=\"text-box-content text dark text-shadow-5\">\n              \n              <div class=\"text-inner text-center\">\n                  \n\n<h3><span style=\"font-size: 400%; color: #ffffff;\">Biopass<\/span><\/h3>\n<h3><span style=\"font-size: 140%; color: #ffffff;\">Lecteur d\u2019empreintes digitales pour montage mural<\/span><\/h3>\n\n              <\/div>\n           <\/div>\n                            \n<style>\n#text-box-1064710398 {\n  margin: 52px 0px 0px -33px;\n  width: 93%;\n}\n#text-box-1064710398 .text-inner {\n  padding: 0px200px 0px 18px 0px;\n}\n#text-box-1064710398 .text-box-content {\n  border-radius: 21px;\n  font-size: 74%;\n}\n@media (min-width:550px) {\n  #text-box-1064710398 {\n    margin: 0px 0px 0px 0;\n    width: 58%;\n  }\n  #text-box-1064710398 .text-box-content {\n    font-size: 100%;\n  }\n}\n<\/style>\n    <\/div>\n \n\n        <\/div>\n      <\/div>\n\n            \n<style>\n#banner-260909121 {\n  padding-top: 80%;\n}\n#banner-260909121 .overlay {\n  background-color: rgba(0, 0, 0, 0.33);\n}\n#banner-260909121 .banner-bg img {\n  object-position: 49% 49%;\n}\n@media (min-width:550px) {\n  #banner-260909121 {\n    padding-top: 38%;\n  }\n}\n<\/style>\n  <\/div>\n\n\n\n\t<section class=\"section\" id=\"section_2007738012\">\n\t\t<div class=\"section-bg fill\" >\n\t\t\t\t\t\t\t\t\t\n\t\t\t\n\t<div class=\"is-border\"\n\t\tstyle=\"border-color:rgb(255, 255, 255);border-width:0 0px 0px 0px;margin:-0 0px 0px 0px;\">\n\t<\/div>\n\n\t\t<\/div>\n\n\t\t\n\n\t\t<div class=\"section-content relative\">\n\t\t\t\n\n<div class=\"row row-small\"  id=\"row-1995462694\">\n\n\n\t<div id=\"col-2038700030\" class=\"col medium-12 small-12 large-7\"  >\n\t\t\t\t<div class=\"col-inner\"  >\n\t\t\t\n\t<div class=\"is-border\"\n\t\tstyle=\"border-width:0px 0px 0px 0px;\">\n\t<\/div>\n\t\t\t\n\n<p class=\"lead\" lang=\"zxx\" style=\"text-align: justify;\">Le lecteur d&#8217;empreintes digitales Biopass est con\u00e7u comme un commutateur d&rsquo;\u00e9clairage pour montage encastr\u00e9 et peut \u00eatre install\u00e9 de la m\u00eame mani\u00e8re. Il est disponible dans un package avec l&rsquo;unit\u00e9 de contr\u00f4le DIN et alimentations.<\/p>\n<p style=\"text-align: justify;\"><span style=\"font-size: 120%;\">Biopass peut \u00eatre contr\u00f4l\u00e9 de fa\u00e7on <span data-text-color=\"primary\">analogique <\/span>ou \u00e0 l\u2019aide d\u2019une <span data-text-color=\"success\">application<\/span>.<\/span><\/p>\n<div class=\"row row-full-width align-center\"  id=\"row-360937835\">\n\n\n\t<div id=\"col-66261869\" class=\"col small-12 large-12\"  >\n\t\t\t\t<div class=\"col-inner text-left\"  >\n\t\t\t\n\t\t\t\n\n<a href=\"https:\/\/vimeo.com\/506983263\" class=\"button primary box-shadow-3 box-shadow-3-hover reveal-icon\" style=\"border-radius:5px;padding:0px 16px 0px 16px;\">\n\t\t<span>Quelle est la diff\u00e9rence ?<\/span>\n\t<i class=\"icon-checkmark\" aria-hidden=\"true\"><\/i><\/a>\n\n\n\n\t\t<\/div>\n\t\t\t\t\n<style>\n#col-66261869 > .col-inner {\n  padding: 0px 0px 0px 2p00x;\n}\n<\/style>\n\t<\/div>\n\n\t\n\n<\/div>\n\n\t\t<\/div>\n\t\t\t\t\n<style>\n#col-2038700030 > .col-inner {\n  padding: 25px 20px 0px 20px;\n  margin: 0px 0px -0 0px;\n  border-radius: 8px;\n}\n@media (min-width:550px) {\n  #col-2038700030 > .col-inner {\n    margin: 0px 0px -0 0px;\n  }\n}\n<\/style>\n\t<\/div>\n\n\t\n\n\t<div id=\"col-230681724\" class=\"col medium-12 small-12 large-5\"  >\n\t\t\t\t<div class=\"col-inner\"  >\n\t\t\t\n\t<div class=\"is-border\"\n\t\tstyle=\"border-width:0px 0px 0px 0px;\">\n\t<\/div>\n\t\t\t\n\n\t<div id=\"gap-80844098\" class=\"gap-element clearfix\" style=\"display:block; height:auto;\">\n\t\t\n<style>\n#gap-80844098 {\n  padding-top: 20px;\n}\n<\/style>\n\t<\/div>\n\t\n\n<div class=\"row\"  id=\"row-7310997\">\n\n\n\t<div id=\"col-1418985385\" class=\"col small-12 large-12\"  >\n\t\t\t\t<div class=\"col-inner text-center\"  >\n\t\t\t\n\t\t\t\n\n<a href=\"https:\/\/www.navkom.si\/instruction-manual-r7\/\" target=\"_blank\" class=\"button primary box-shadow-3 box-shadow-3-hover reveal-icon\" rel=\"noopener\" style=\"border-radius:5px;padding:0px 34px 0px 34px;\">\n\t\t<span>Manuel d'instructions<\/span>\n\t<i class=\"icon-play\" aria-hidden=\"true\"><\/i><\/a>\n\n\n\n\t\t<\/div>\n\t\t\t\t\n<style>\n#col-1418985385 > .col-inner {\n  margin: 0px 0px -30px 0px;\n}\n<\/style>\n\t<\/div>\n\n\t\n\n\t<div id=\"col-742183875\" class=\"col small-12 large-12\"  >\n\t\t\t\t<div class=\"col-inner text-center\"  >\n\t\t\t\n\t\t\t\n\n<a href=\"https:\/\/www.navkom.si\/wp-content\/uploads\/2023\/05\/navodila-za-priklop-R5R6R7R8_2025_multilingual.pdf\" target=\"_blank\" class=\"button primary is-outline box-shadow-3 box-shadow-3-hover reveal-icon\" rel=\"noopener\" style=\"border-radius:5px;padding:0px 18px 0px 18px;\">\n\t\t<span>INSTRUCTIONS DE CONNEXION<\/span>\n\t<i class=\"icon-play\" aria-hidden=\"true\"><\/i><\/a>\n\n\n\n\t\t<\/div>\n\t\t\t\t\n<style>\n#col-742183875 > .col-inner {\n  margin: 0px 0px -30px 0px;\n}\n<\/style>\n\t<\/div>\n\n\t\n\n\n<style>\n#row-7310997 > .col > .col-inner {\n  padding: 13px 0px 0px 0px;\n}\n<\/style>\n<\/div>\n<div class=\"row\"  id=\"row-408739926\">\n\n\n\t<div id=\"col-1100693447\" class=\"col small-12 large-12\"  >\n\t\t\t\t<div class=\"col-inner text-center\"  >\n\t\t\t\n\t\t\t\n\n<a href=\"https:\/\/www.navkom.si\/wp-content\/uploads\/2021\/11\/SHOWROOM\/\" class=\"button primary is-underline is-large lowercase\" style=\"border-radius:5px;padding:0px 52px 0px 52px;\">\n\t\t<span>Vous pouvez voir des exemples d'installation dans notre showroom virtuel<\/span>\n\t<\/a>\n\n\n\n\t\t<\/div>\n\t\t\t\t\n<style>\n#col-1100693447 > .col-inner {\n  margin: 0px 0px 0 0px;\n}\n<\/style>\n\t<\/div>\n\n\t\n\n\n<style>\n#row-408739926 > .col > .col-inner {\n  padding: 13px 0px 0px 0px;\n}\n<\/style>\n<\/div>\n\n\t\t<\/div>\n\t\t\t\t\n<style>\n#col-230681724 > .col-inner {\n  padding: 0px 0px 0px 3px;\n  margin: 0px 0px -0 0px;\n  border-radius: 8px;\n}\n<\/style>\n\t<\/div>\n\n\t\n\n<\/div>\n<div class=\"row\"  id=\"row-1299388132\">\n\n\n\t<div id=\"col-1290554011\" class=\"col small-12 large-12\"  >\n\t\t\t\t<div class=\"col-inner\"  >\n\t\t\t\n\t\t\t\n\n\n  \n    <div class=\"row large-columns-2 medium-columns- small-columns- row-full-width\" >\n  <div class=\"gallery-col col\" >\n          <div class=\"col-inner\">\n            <a class=\"image-lightbox lightbox-gallery\" href=\"https:\/\/www.navkom.si\/wp-content\/uploads\/2022\/02\/citalnik-prstnih-odtisov-biopass-srebrn-800x800.jpg\" title=\"BP-ES\">            <div class=\"box has-hover gallery-box box-bounce\">\n              <div class=\"box-image image-cover\" style=\"width:68%;padding-top:72%;\">\n                <img decoding=\"async\" width=\"2560\" height=\"2560\" data-src=\"https:\/\/www.navkom.si\/wp-content\/uploads\/2022\/02\/citalnik-prstnih-odtisov-biopass-srebrn-scaled.jpg\" class=\"attachment-original size-original lazyload\" alt=\"\" ids=\"11697,11721,11727,11739,11733\" style=\"--smush-placeholder-width: 2560px; --smush-placeholder-aspect-ratio: 2560\/2560;bounce\" columns=\"2\" image_height=\"72%\" image_width=\"68\" image_size=\"original\" text_align=\"center\" text_size=\"xlarge\" data-srcset=\"https:\/\/www.navkom.si\/wp-content\/uploads\/2022\/02\/citalnik-prstnih-odtisov-biopass-srebrn-scaled.jpg 2560w, https:\/\/www.navkom.si\/wp-content\/uploads\/2022\/02\/citalnik-prstnih-odtisov-biopass-srebrn-400x400.jpg 400w, https:\/\/www.navkom.si\/wp-content\/uploads\/2022\/02\/citalnik-prstnih-odtisov-biopass-srebrn-800x800.jpg 800w, https:\/\/www.navkom.si\/wp-content\/uploads\/2022\/02\/citalnik-prstnih-odtisov-biopass-srebrn-280x280.jpg 280w, https:\/\/www.navkom.si\/wp-content\/uploads\/2022\/02\/citalnik-prstnih-odtisov-biopass-srebrn-768x768.jpg 768w, https:\/\/www.navkom.si\/wp-content\/uploads\/2022\/02\/citalnik-prstnih-odtisov-biopass-srebrn-1536x1536.jpg 1536w, https:\/\/www.navkom.si\/wp-content\/uploads\/2022\/02\/citalnik-prstnih-odtisov-biopass-srebrn-2048x2048.jpg 2048w\" data-sizes=\"(max-width: 2560px) 100vw, 2560px\" src=\"data:image\/svg+xml;base64,PHN2ZyB3aWR0aD0iMSIgaGVpZ2h0PSIxIiB4bWxucz0iaHR0cDovL3d3dy53My5vcmcvMjAwMC9zdmciPjwvc3ZnPg==\" \/>                                                              <\/div>\n              <div class=\"box-text text-center is-xlarge\" >\n                 <p>BP-ES<\/p>\n              <\/div>\n            <\/div>\n            <\/a>          <\/div>\n         <\/div><div class=\"gallery-col col\" >\n          <div class=\"col-inner\">\n            <a class=\"image-lightbox lightbox-gallery\" href=\"https:\/\/www.navkom.si\/wp-content\/uploads\/2022\/02\/citalnik-prstnih-odtisov-biopass-antracit-800x800.jpg\" title=\"BP-AT\">            <div class=\"box has-hover gallery-box box-bounce\">\n              <div class=\"box-image image-cover\" style=\"width:68%;padding-top:72%;\">\n                <img decoding=\"async\" width=\"2560\" height=\"2560\" data-src=\"https:\/\/www.navkom.si\/wp-content\/uploads\/2022\/02\/citalnik-prstnih-odtisov-biopass-antracit-scaled.jpg\" class=\"attachment-original size-original lazyload\" alt=\"\" ids=\"11697,11721,11727,11739,11733\" style=\"--smush-placeholder-width: 2560px; --smush-placeholder-aspect-ratio: 2560\/2560;bounce\" columns=\"2\" image_height=\"72%\" image_width=\"68\" image_size=\"original\" text_align=\"center\" text_size=\"xlarge\" data-srcset=\"https:\/\/www.navkom.si\/wp-content\/uploads\/2022\/02\/citalnik-prstnih-odtisov-biopass-antracit-scaled.jpg 2560w, https:\/\/www.navkom.si\/wp-content\/uploads\/2022\/02\/citalnik-prstnih-odtisov-biopass-antracit-400x400.jpg 400w, https:\/\/www.navkom.si\/wp-content\/uploads\/2022\/02\/citalnik-prstnih-odtisov-biopass-antracit-800x800.jpg 800w, https:\/\/www.navkom.si\/wp-content\/uploads\/2022\/02\/citalnik-prstnih-odtisov-biopass-antracit-280x280.jpg 280w, https:\/\/www.navkom.si\/wp-content\/uploads\/2022\/02\/citalnik-prstnih-odtisov-biopass-antracit-768x768.jpg 768w, https:\/\/www.navkom.si\/wp-content\/uploads\/2022\/02\/citalnik-prstnih-odtisov-biopass-antracit-1536x1536.jpg 1536w, https:\/\/www.navkom.si\/wp-content\/uploads\/2022\/02\/citalnik-prstnih-odtisov-biopass-antracit-2048x2048.jpg 2048w\" data-sizes=\"(max-width: 2560px) 100vw, 2560px\" src=\"data:image\/svg+xml;base64,PHN2ZyB3aWR0aD0iMSIgaGVpZ2h0PSIxIiB4bWxucz0iaHR0cDovL3d3dy53My5vcmcvMjAwMC9zdmciPjwvc3ZnPg==\" \/>                                                              <\/div>\n              <div class=\"box-text text-center is-xlarge\" >\n                 <p>BP-AT<\/p>\n              <\/div>\n            <\/div>\n            <\/a>          <\/div>\n         <\/div><div class=\"gallery-col col\" >\n          <div class=\"col-inner\">\n            <a class=\"image-lightbox lightbox-gallery\" href=\"https:\/\/www.navkom.si\/wp-content\/uploads\/2022\/02\/citalnik-prstnih-odtisov-biopass-bez-800x800.jpg\" title=\"BP-IW\">            <div class=\"box has-hover gallery-box box-bounce\">\n              <div class=\"box-image image-cover\" style=\"width:68%;padding-top:72%;\">\n                <img decoding=\"async\" width=\"2560\" height=\"2560\" data-src=\"https:\/\/www.navkom.si\/wp-content\/uploads\/2022\/02\/citalnik-prstnih-odtisov-biopass-bez-scaled.jpg\" class=\"attachment-original size-original lazyload\" alt=\"\" ids=\"11697,11721,11727,11739,11733\" style=\"--smush-placeholder-width: 2560px; --smush-placeholder-aspect-ratio: 2560\/2560;bounce\" columns=\"2\" image_height=\"72%\" image_width=\"68\" image_size=\"original\" text_align=\"center\" text_size=\"xlarge\" data-srcset=\"https:\/\/www.navkom.si\/wp-content\/uploads\/2022\/02\/citalnik-prstnih-odtisov-biopass-bez-scaled.jpg 2560w, https:\/\/www.navkom.si\/wp-content\/uploads\/2022\/02\/citalnik-prstnih-odtisov-biopass-bez-400x400.jpg 400w, https:\/\/www.navkom.si\/wp-content\/uploads\/2022\/02\/citalnik-prstnih-odtisov-biopass-bez-800x800.jpg 800w, https:\/\/www.navkom.si\/wp-content\/uploads\/2022\/02\/citalnik-prstnih-odtisov-biopass-bez-280x280.jpg 280w, https:\/\/www.navkom.si\/wp-content\/uploads\/2022\/02\/citalnik-prstnih-odtisov-biopass-bez-768x768.jpg 768w, https:\/\/www.navkom.si\/wp-content\/uploads\/2022\/02\/citalnik-prstnih-odtisov-biopass-bez-1536x1536.jpg 1536w, https:\/\/www.navkom.si\/wp-content\/uploads\/2022\/02\/citalnik-prstnih-odtisov-biopass-bez-2048x2048.jpg 2048w\" data-sizes=\"(max-width: 2560px) 100vw, 2560px\" src=\"data:image\/svg+xml;base64,PHN2ZyB3aWR0aD0iMSIgaGVpZ2h0PSIxIiB4bWxucz0iaHR0cDovL3d3dy53My5vcmcvMjAwMC9zdmciPjwvc3ZnPg==\" \/>                                                              <\/div>\n              <div class=\"box-text text-center is-xlarge\" >\n                 <p>BP-IW<\/p>\n              <\/div>\n            <\/div>\n            <\/a>          <\/div>\n         <\/div><div class=\"gallery-col col\" >\n          <div class=\"col-inner\">\n            <a class=\"image-lightbox lightbox-gallery\" href=\"https:\/\/www.navkom.si\/wp-content\/uploads\/2022\/02\/citalnik-prstnih-odtisov-biopass-crn-1-800x800.jpg\" title=\"BP-SB\">            <div class=\"box has-hover gallery-box box-bounce\">\n              <div class=\"box-image image-cover\" style=\"width:68%;padding-top:72%;\">\n                <img decoding=\"async\" width=\"2560\" height=\"2560\" data-src=\"https:\/\/www.navkom.si\/wp-content\/uploads\/2022\/02\/citalnik-prstnih-odtisov-biopass-crn-1-scaled.jpg\" class=\"attachment-original size-original lazyload\" alt=\"\" ids=\"11697,11721,11727,11739,11733\" style=\"--smush-placeholder-width: 2560px; --smush-placeholder-aspect-ratio: 2560\/2560;bounce\" columns=\"2\" image_height=\"72%\" image_width=\"68\" image_size=\"original\" text_align=\"center\" text_size=\"xlarge\" data-srcset=\"https:\/\/www.navkom.si\/wp-content\/uploads\/2022\/02\/citalnik-prstnih-odtisov-biopass-crn-1-scaled.jpg 2560w, https:\/\/www.navkom.si\/wp-content\/uploads\/2022\/02\/citalnik-prstnih-odtisov-biopass-crn-1-400x400.jpg 400w, https:\/\/www.navkom.si\/wp-content\/uploads\/2022\/02\/citalnik-prstnih-odtisov-biopass-crn-1-800x800.jpg 800w, https:\/\/www.navkom.si\/wp-content\/uploads\/2022\/02\/citalnik-prstnih-odtisov-biopass-crn-1-280x280.jpg 280w, https:\/\/www.navkom.si\/wp-content\/uploads\/2022\/02\/citalnik-prstnih-odtisov-biopass-crn-1-768x768.jpg 768w, https:\/\/www.navkom.si\/wp-content\/uploads\/2022\/02\/citalnik-prstnih-odtisov-biopass-crn-1-1536x1536.jpg 1536w, https:\/\/www.navkom.si\/wp-content\/uploads\/2022\/02\/citalnik-prstnih-odtisov-biopass-crn-1-2048x2048.jpg 2048w\" data-sizes=\"(max-width: 2560px) 100vw, 2560px\" src=\"data:image\/svg+xml;base64,PHN2ZyB3aWR0aD0iMSIgaGVpZ2h0PSIxIiB4bWxucz0iaHR0cDovL3d3dy53My5vcmcvMjAwMC9zdmciPjwvc3ZnPg==\" \/>                                                              <\/div>\n              <div class=\"box-text text-center is-xlarge\" >\n                 <p>BP-SB<\/p>\n              <\/div>\n            <\/div>\n            <\/a>          <\/div>\n         <\/div><div class=\"gallery-col col\" >\n          <div class=\"col-inner\">\n            <a class=\"image-lightbox lightbox-gallery\" href=\"https:\/\/www.navkom.si\/wp-content\/uploads\/2022\/02\/citalnik-prstnih-odtisov-biopass-bel-800x800.jpg\" title=\"BP-PW\">            <div class=\"box has-hover gallery-box box-bounce\">\n              <div class=\"box-image image-cover\" style=\"width:68%;padding-top:72%;\">\n                <img decoding=\"async\" width=\"2560\" height=\"2560\" data-src=\"https:\/\/www.navkom.si\/wp-content\/uploads\/2022\/02\/citalnik-prstnih-odtisov-biopass-bel-scaled.jpg\" class=\"attachment-original size-original lazyload\" alt=\"\" ids=\"11697,11721,11727,11739,11733\" style=\"--smush-placeholder-width: 2560px; --smush-placeholder-aspect-ratio: 2560\/2560;bounce\" columns=\"2\" image_height=\"72%\" image_width=\"68\" image_size=\"original\" text_align=\"center\" text_size=\"xlarge\" data-srcset=\"https:\/\/www.navkom.si\/wp-content\/uploads\/2022\/02\/citalnik-prstnih-odtisov-biopass-bel-scaled.jpg 2560w, https:\/\/www.navkom.si\/wp-content\/uploads\/2022\/02\/citalnik-prstnih-odtisov-biopass-bel-400x400.jpg 400w, https:\/\/www.navkom.si\/wp-content\/uploads\/2022\/02\/citalnik-prstnih-odtisov-biopass-bel-800x800.jpg 800w, https:\/\/www.navkom.si\/wp-content\/uploads\/2022\/02\/citalnik-prstnih-odtisov-biopass-bel-280x280.jpg 280w, https:\/\/www.navkom.si\/wp-content\/uploads\/2022\/02\/citalnik-prstnih-odtisov-biopass-bel-768x768.jpg 768w, https:\/\/www.navkom.si\/wp-content\/uploads\/2022\/02\/citalnik-prstnih-odtisov-biopass-bel-1536x1536.jpg 1536w, https:\/\/www.navkom.si\/wp-content\/uploads\/2022\/02\/citalnik-prstnih-odtisov-biopass-bel-2048x2048.jpg 2048w\" data-sizes=\"(max-width: 2560px) 100vw, 2560px\" src=\"data:image\/svg+xml;base64,PHN2ZyB3aWR0aD0iMSIgaGVpZ2h0PSIxIiB4bWxucz0iaHR0cDovL3d3dy53My5vcmcvMjAwMC9zdmciPjwvc3ZnPg==\" \/>                                                              <\/div>\n              <div class=\"box-text text-center is-xlarge\" >\n                 <p>BP-PW<\/p>\n              <\/div>\n            <\/div>\n            <\/a>          <\/div>\n         <\/div><\/div>\n\n\n\t\t<\/div>\n\t\t\t\t\t<\/div>\n\n\t\n\n\n<style>\n#row-1299388132 > .col > .col-inner {\n  padding: 0px 0px 0px 0px;\n}\n<\/style>\n<\/div>\n\n\t\t<\/div>\n\n\t\t\n<style>\n#section_2007738012 {\n  padding-top: 18px;\n  padding-bottom: 18px;\n  margin-bottom: -82px;\n  min-height: 0px;\n}\n@media (min-width:550px) {\n  #section_2007738012 {\n    padding-top: 51px;\n    padding-bottom: 51px;\n  }\n}\n<\/style>\n\t<\/section>\n\t\n\n","protected":false},"excerpt":{"rendered":"","protected":false},"author":1,"featured_media":0,"parent":0,"menu_order":0,"comment_status":"closed","ping_status":"closed","template":"","meta":{"_monsterinsights_skip_tracking":false,"_monsterinsights_sitenote_active":false,"_monsterinsights_sitenote_note":"","_monsterinsights_sitenote_category":0,"footnotes":""},"class_list":["post-8684","page","type-page","status-publish","hentry"],"yoast_head":"<!-- This site is optimized with the Yoast SEO plugin v27.4 - https:\/\/yoast.com\/product\/yoast-seo-wordpress\/ -->\n<title>Biopass | Navkom<\/title>\n<meta name=\"robots\" content=\"index, follow, max-snippet:-1, max-image-preview:large, max-video-preview:-1\" \/>\n<link rel=\"canonical\" href=\"https:\/\/www.navkom.si\/fr\/biopass\/\" \/>\n<meta property=\"og:locale\" content=\"fr_FR\" \/>\n<meta property=\"og:type\" content=\"article\" \/>\n<meta property=\"og:title\" content=\"Biopass | Navkom\" \/>\n<meta property=\"og:url\" content=\"https:\/\/www.navkom.si\/fr\/biopass\/\" \/>\n<meta property=\"og:site_name\" content=\"Navkom\" \/>\n<meta property=\"article:publisher\" content=\"https:\/\/www.facebook.com\/Navkom-fingerprint-readers-150915411647792\" \/>\n<meta property=\"article:modified_time\" content=\"2023-03-06T09:19:03+00:00\" \/>\n<meta property=\"og:image\" content=\"https:\/\/www.navkom.si\/wp-content\/uploads\/2020\/11\/Navkom-logo-e1604474702264.png\" \/>\n\t<meta property=\"og:image:width\" content=\"968\" \/>\n\t<meta property=\"og:image:height\" content=\"339\" \/>\n\t<meta property=\"og:image:type\" content=\"image\/png\" \/>\n<meta name=\"twitter:card\" content=\"summary_large_image\" \/>\n<meta name=\"twitter:label1\" content=\"Dur\u00e9e de lecture estim\u00e9e\" \/>\n\t<meta name=\"twitter:data1\" content=\"2 minutes\" \/>\n<script type=\"application\/ld+json\" class=\"yoast-schema-graph\">{\"@context\":\"https:\\\/\\\/schema.org\",\"@graph\":[{\"@type\":\"WebPage\",\"@id\":\"https:\\\/\\\/www.navkom.si\\\/fr\\\/biopass\\\/\",\"url\":\"https:\\\/\\\/www.navkom.si\\\/fr\\\/biopass\\\/\",\"name\":\"Biopass | Navkom\",\"isPartOf\":{\"@id\":\"https:\\\/\\\/www.navkom.si\\\/#website\"},\"datePublished\":\"2021-09-14T10:45:51+00:00\",\"dateModified\":\"2023-03-06T09:19:03+00:00\",\"breadcrumb\":{\"@id\":\"https:\\\/\\\/www.navkom.si\\\/fr\\\/biopass\\\/#breadcrumb\"},\"inLanguage\":\"fr-FR\",\"potentialAction\":[{\"@type\":\"ReadAction\",\"target\":[\"https:\\\/\\\/www.navkom.si\\\/fr\\\/biopass\\\/\"]}]},{\"@type\":\"BreadcrumbList\",\"@id\":\"https:\\\/\\\/www.navkom.si\\\/fr\\\/biopass\\\/#breadcrumb\",\"itemListElement\":[{\"@type\":\"ListItem\",\"position\":1,\"name\":\"Home\",\"item\":\"https:\\\/\\\/www.navkom.si\\\/fr\\\/\"},{\"@type\":\"ListItem\",\"position\":2,\"name\":\"Biopass\"}]},{\"@type\":\"WebSite\",\"@id\":\"https:\\\/\\\/www.navkom.si\\\/#website\",\"url\":\"https:\\\/\\\/www.navkom.si\\\/\",\"name\":\"Navkom\",\"description\":\" Lecteurs d\u2019empreintes digitales\",\"publisher\":{\"@id\":\"https:\\\/\\\/www.navkom.si\\\/#organization\"},\"potentialAction\":[{\"@type\":\"SearchAction\",\"target\":{\"@type\":\"EntryPoint\",\"urlTemplate\":\"https:\\\/\\\/www.navkom.si\\\/?s={search_term_string}\"},\"query-input\":{\"@type\":\"PropertyValueSpecification\",\"valueRequired\":true,\"valueName\":\"search_term_string\"}}],\"inLanguage\":\"fr-FR\"},{\"@type\":\"Organization\",\"@id\":\"https:\\\/\\\/www.navkom.si\\\/#organization\",\"name\":\"Navkom d.o.o.\",\"url\":\"https:\\\/\\\/www.navkom.si\\\/\",\"logo\":{\"@type\":\"ImageObject\",\"inLanguage\":\"fr-FR\",\"@id\":\"https:\\\/\\\/www.navkom.si\\\/#\\\/schema\\\/logo\\\/image\\\/\",\"url\":\"https:\\\/\\\/www.navkom.si\\\/wp-content\\\/uploads\\\/2020\\\/11\\\/Navkom-logo-e1604474702264.png\",\"contentUrl\":\"https:\\\/\\\/www.navkom.si\\\/wp-content\\\/uploads\\\/2020\\\/11\\\/Navkom-logo-e1604474702264.png\",\"width\":968,\"height\":339,\"caption\":\"Navkom d.o.o.\"},\"image\":{\"@id\":\"https:\\\/\\\/www.navkom.si\\\/#\\\/schema\\\/logo\\\/image\\\/\"},\"sameAs\":[\"https:\\\/\\\/www.facebook.com\\\/Navkom-fingerprint-readers-150915411647792\",\"https:\\\/\\\/www.linkedin.com\\\/company\\\/navkom\",\"https:\\\/\\\/www.youtube.com\\\/channel\\\/UCRxNGgBFfBxIwcydLnQW7Ew\"]}]}<\/script>\n<!-- \/ Yoast SEO plugin. -->","yoast_head_json":{"title":"Biopass | Navkom","robots":{"index":"index","follow":"follow","max-snippet":"max-snippet:-1","max-image-preview":"max-image-preview:large","max-video-preview":"max-video-preview:-1"},"canonical":"https:\/\/www.navkom.si\/fr\/biopass\/","og_locale":"fr_FR","og_type":"article","og_title":"Biopass | Navkom","og_url":"https:\/\/www.navkom.si\/fr\/biopass\/","og_site_name":"Navkom","article_publisher":"https:\/\/www.facebook.com\/Navkom-fingerprint-readers-150915411647792","article_modified_time":"2023-03-06T09:19:03+00:00","og_image":[{"width":968,"height":339,"url":"https:\/\/www.navkom.si\/wp-content\/uploads\/2020\/11\/Navkom-logo-e1604474702264.png","type":"image\/png"}],"twitter_card":"summary_large_image","twitter_misc":{"Dur\u00e9e de lecture estim\u00e9e":"2 minutes"},"schema":{"@context":"https:\/\/schema.org","@graph":[{"@type":"WebPage","@id":"https:\/\/www.navkom.si\/fr\/biopass\/","url":"https:\/\/www.navkom.si\/fr\/biopass\/","name":"Biopass | Navkom","isPartOf":{"@id":"https:\/\/www.navkom.si\/#website"},"datePublished":"2021-09-14T10:45:51+00:00","dateModified":"2023-03-06T09:19:03+00:00","breadcrumb":{"@id":"https:\/\/www.navkom.si\/fr\/biopass\/#breadcrumb"},"inLanguage":"fr-FR","potentialAction":[{"@type":"ReadAction","target":["https:\/\/www.navkom.si\/fr\/biopass\/"]}]},{"@type":"BreadcrumbList","@id":"https:\/\/www.navkom.si\/fr\/biopass\/#breadcrumb","itemListElement":[{"@type":"ListItem","position":1,"name":"Home","item":"https:\/\/www.navkom.si\/fr\/"},{"@type":"ListItem","position":2,"name":"Biopass"}]},{"@type":"WebSite","@id":"https:\/\/www.navkom.si\/#website","url":"https:\/\/www.navkom.si\/","name":"Navkom","description":" Lecteurs d\u2019empreintes digitales","publisher":{"@id":"https:\/\/www.navkom.si\/#organization"},"potentialAction":[{"@type":"SearchAction","target":{"@type":"EntryPoint","urlTemplate":"https:\/\/www.navkom.si\/?s={search_term_string}"},"query-input":{"@type":"PropertyValueSpecification","valueRequired":true,"valueName":"search_term_string"}}],"inLanguage":"fr-FR"},{"@type":"Organization","@id":"https:\/\/www.navkom.si\/#organization","name":"Navkom d.o.o.","url":"https:\/\/www.navkom.si\/","logo":{"@type":"ImageObject","inLanguage":"fr-FR","@id":"https:\/\/www.navkom.si\/#\/schema\/logo\/image\/","url":"https:\/\/www.navkom.si\/wp-content\/uploads\/2020\/11\/Navkom-logo-e1604474702264.png","contentUrl":"https:\/\/www.navkom.si\/wp-content\/uploads\/2020\/11\/Navkom-logo-e1604474702264.png","width":968,"height":339,"caption":"Navkom d.o.o."},"image":{"@id":"https:\/\/www.navkom.si\/#\/schema\/logo\/image\/"},"sameAs":["https:\/\/www.facebook.com\/Navkom-fingerprint-readers-150915411647792","https:\/\/www.linkedin.com\/company\/navkom","https:\/\/www.youtube.com\/channel\/UCRxNGgBFfBxIwcydLnQW7Ew"]}]}},"_links":{"self":[{"href":"https:\/\/www.navkom.si\/fr\/wp-json\/wp\/v2\/pages\/8684","targetHints":{"allow":["GET"]}}],"collection":[{"href":"https:\/\/www.navkom.si\/fr\/wp-json\/wp\/v2\/pages"}],"about":[{"href":"https:\/\/www.navkom.si\/fr\/wp-json\/wp\/v2\/types\/page"}],"author":[{"embeddable":true,"href":"https:\/\/www.navkom.si\/fr\/wp-json\/wp\/v2\/users\/1"}],"replies":[{"embeddable":true,"href":"https:\/\/www.navkom.si\/fr\/wp-json\/wp\/v2\/comments?post=8684"}],"version-history":[{"count":29,"href":"https:\/\/www.navkom.si\/fr\/wp-json\/wp\/v2\/pages\/8684\/revisions"}],"predecessor-version":[{"id":14560,"href":"https:\/\/www.navkom.si\/fr\/wp-json\/wp\/v2\/pages\/8684\/revisions\/14560"}],"wp:attachment":[{"href":"https:\/\/www.navkom.si\/fr\/wp-json\/wp\/v2\/media?parent=8684"}],"curies":[{"name":"wp","href":"https:\/\/api.w.org\/{rel}","templated":true}]}}