{"id":8636,"date":"2021-09-14T08:38:14","date_gmt":"2021-09-14T08:38:14","guid":{"rendered":"https:\/\/www.navkom.si\/manuel-dinstructions-biohandle\/"},"modified":"2021-09-29T08:20:46","modified_gmt":"2021-09-29T08:20:46","slug":"manuel-dinstructions-biohandle","status":"publish","type":"page","link":"https:\/\/www.navkom.si\/fr\/manuel-dinstructions-biohandle\/","title":{"rendered":"Manuel d&rsquo;instructions Biohandle"},"content":{"rendered":"\n\n\t<section class=\"section\" id=\"section_195376519\">\n\t\t<div class=\"section-bg fill\" >\n\t\t\t\t\t\t\t\t\t\n\t\t\t\n\n\t\t<\/div>\n\n\t\t\n\n\t\t<div class=\"section-content relative\">\n\t\t\t\n\n<div class=\"row\"  id=\"row-1032802607\">\n\n\n\t<div id=\"col-401144022\" class=\"col medium-4 small-12 large-4\"  >\n\t\t\t\t<div class=\"col-inner\"  >\n\t\t\t\n\t\t\t\n\n\n\t\t<div class=\"icon-box featured-box icon-box-center text-center\"  >\n\t\t\t\t\t<div class=\"icon-box-img has-icon-bg\" style=\"width: 69px\">\n\t\t\t\t<div class=\"icon\">\n\t\t\t\t\t<div class=\"icon-inner\" style=\"border-width:2px;color:rgb(51, 49, 49);\">\n\t\t\t\t\t\t<img decoding=\"async\" width=\"413\" height=\"400\" data-src=\"https:\/\/www.navkom.si\/wp-content\/uploads\/2020\/11\/Navkom_X-413x400.png\" class=\"attachment-medium size-medium lazyload\" alt=\"\" data-srcset=\"https:\/\/www.navkom.si\/wp-content\/uploads\/2020\/11\/Navkom_X-413x400.png 413w, https:\/\/www.navkom.si\/wp-content\/uploads\/2020\/11\/Navkom_X.png 458w\" data-sizes=\"(max-width: 413px) 100vw, 413px\" src=\"data:image\/svg+xml;base64,PHN2ZyB3aWR0aD0iMSIgaGVpZ2h0PSIxIiB4bWxucz0iaHR0cDovL3d3dy53My5vcmcvMjAwMC9zdmciPjwvc3ZnPg==\" style=\"--smush-placeholder-width: 413px; --smush-placeholder-aspect-ratio: 413\/400;\" \/>\t\t\t\t\t<\/div>\n\t\t\t\t<\/div>\n\t\t\t<\/div>\n\t\t\t\t<div class=\"icon-box-text last-reset\">\n\t\t\t\t\t\t\t\t\t\n\n<h3><span data-text-color=\"primary\" data-line-height=\"xs\">STAND ALONE<\/span><\/h3>\n<p data-line-height=\"xs\">(ne sont plus en vente)<\/p>\n<p>Contr\u00f4le via les touches situ\u00e9es sur l&rsquo;unit\u00e9 de commande ou via la commande \u00e0 distance<\/p>\n\n\t\t<\/div>\n\t<\/div>\n\t\n\t\n<div class=\"text-center\"><div class=\"is-divider divider clearfix\" style=\"margin-top:1.9em;margin-bottom:1.9em;\"><\/div><\/div>\n\n\t<div class=\"img has-hover x md-x lg-x y md-y lg-y\" id=\"image_1104896156\">\n\t\t\t\t\t\t\t\t<div class=\"img-inner image-cover dark\" style=\"padding-top:100%;\">\n\t\t\t<img decoding=\"async\" width=\"732\" height=\"800\" data-src=\"https:\/\/www.navkom.si\/wp-content\/uploads\/2021\/02\/vlcsnap-2018-11-26-13h37m40s099-e1613459697778-732x800.png\" class=\"attachment-large size-large lazyload\" alt=\"\" data-srcset=\"https:\/\/www.navkom.si\/wp-content\/uploads\/2021\/02\/vlcsnap-2018-11-26-13h37m40s099-e1613459697778-732x800.png 732w, https:\/\/www.navkom.si\/wp-content\/uploads\/2021\/02\/vlcsnap-2018-11-26-13h37m40s099-e1613459697778-366x400.png 366w, https:\/\/www.navkom.si\/wp-content\/uploads\/2021\/02\/vlcsnap-2018-11-26-13h37m40s099-e1613459697778-768x840.png 768w, https:\/\/www.navkom.si\/wp-content\/uploads\/2021\/02\/vlcsnap-2018-11-26-13h37m40s099-e1613459697778.png 988w\" data-sizes=\"(max-width: 732px) 100vw, 732px\" src=\"data:image\/svg+xml;base64,PHN2ZyB3aWR0aD0iMSIgaGVpZ2h0PSIxIiB4bWxucz0iaHR0cDovL3d3dy53My5vcmcvMjAwMC9zdmciPjwvc3ZnPg==\" style=\"--smush-placeholder-width: 732px; --smush-placeholder-aspect-ratio: 732\/800;\" \/>\t\t\t\t\t\t\n\t\t\t\t\t<\/div>\n\t\t\t\t\t\t\t\t\n<style>\n#image_1104896156 {\n  width: 100%;\n}\n<\/style>\n\t<\/div>\n\t\n\n<a href=\"https:\/\/www.navkom.si\/wp-content\/uploads\/2018\/04\/INSTRUCTIONS-DUTILISATION-R5.pdf\" class=\"button primary box-shadow-3 box-shadow-3-hover reveal-icon expand\" style=\"border-radius:5px;\">\n\t\t<span>Manuel d'instructions r5 - pdf<\/span>\n\t<i class=\"icon-play\" aria-hidden=\"true\"><\/i><\/a>\n\n\n<a href=\"https:\/\/www.navkom.si\/fr\/manuel-dinstructions-video\/\" class=\"button primary box-shadow-3 box-shadow-3-hover reveal-icon expand\" style=\"border-radius:5px;\">\n\t\t<span>Manuel d'instructions - video<\/span>\n\t<i class=\"icon-play\" aria-hidden=\"true\"><\/i><\/a>\n\n\n\n\t\t<\/div>\n\t\t\t\t\t<\/div>\n\n\t\n\n\t<div id=\"col-1339825514\" class=\"col medium-4 small-12 large-4\"  >\n\t\t\t\t<div class=\"col-inner\"  >\n\t\t\t\n\t\t\t\n\n\n\t\t<div class=\"icon-box featured-box icon-box-center text-center\"  >\n\t\t\t\t\t<div class=\"icon-box-img has-icon-bg\" style=\"width: 69px\">\n\t\t\t\t<div class=\"icon\">\n\t\t\t\t\t<div class=\"icon-inner\" style=\"border-width:2px;color:rgb(51, 49, 49);\">\n\t\t\t\t\t\t<img decoding=\"async\" width=\"364\" height=\"400\" data-src=\"https:\/\/www.navkom.si\/wp-content\/uploads\/2021\/02\/x-manager-ikona-e1613462658913-364x400.png\" class=\"attachment-medium size-medium lazyload\" alt=\"\" data-srcset=\"https:\/\/www.navkom.si\/wp-content\/uploads\/2021\/02\/x-manager-ikona-e1613462658913-364x400.png 364w, https:\/\/www.navkom.si\/wp-content\/uploads\/2021\/02\/x-manager-ikona-e1613462658913.png 589w\" data-sizes=\"(max-width: 364px) 100vw, 364px\" src=\"data:image\/svg+xml;base64,PHN2ZyB3aWR0aD0iMSIgaGVpZ2h0PSIxIiB4bWxucz0iaHR0cDovL3d3dy53My5vcmcvMjAwMC9zdmciPjwvc3ZnPg==\" style=\"--smush-placeholder-width: 364px; --smush-placeholder-aspect-ratio: 364\/400;\" \/>\t\t\t\t\t<\/div>\n\t\t\t\t<\/div>\n\t\t\t<\/div>\n\t\t\t\t<div class=\"icon-box-text last-reset\">\n\t\t\t\t\t\t\t\t\t\n\n<h3><span data-text-color=\"success\" data-line-height=\"xs\">Wi-Fi<\/span><\/h3>\n<p data-line-height=\"xs\">(ne sont plus en vente)<\/p>\n<p>Contr\u00f4le via l&rsquo;application install\u00e9e sur votre smartphone ou votre tablette.<\/p>\n<div class=\"text-center\"><div class=\"is-divider divider clearfix\" style=\"margin-top:1.9em;margin-bottom:1.9em;\"><\/div><\/div>\n\n\n\t\t<\/div>\n\t<\/div>\n\t\n\t\n\t<div class=\"img has-hover x md-x lg-x y md-y lg-y\" id=\"image_127976019\">\n\t\t\t\t\t\t\t\t<div class=\"img-inner image-cover dark\" style=\"padding-top:100%;\">\n\t\t\t<img decoding=\"async\" width=\"7850\" height=\"5884\" data-src=\"https:\/\/www.navkom.si\/wp-content\/uploads\/2021\/07\/telefon-mockup.png\" class=\"attachment-original size-original lazyload\" alt=\"\" data-srcset=\"https:\/\/www.navkom.si\/wp-content\/uploads\/2021\/07\/telefon-mockup.png 7850w, https:\/\/www.navkom.si\/wp-content\/uploads\/2021\/07\/telefon-mockup-534x400.png 534w, https:\/\/www.navkom.si\/wp-content\/uploads\/2021\/07\/telefon-mockup-1067x800.png 1067w, https:\/\/www.navkom.si\/wp-content\/uploads\/2021\/07\/telefon-mockup-768x576.png 768w, https:\/\/www.navkom.si\/wp-content\/uploads\/2021\/07\/telefon-mockup-1536x1151.png 1536w, https:\/\/www.navkom.si\/wp-content\/uploads\/2021\/07\/telefon-mockup-2048x1535.png 2048w\" data-sizes=\"(max-width: 7850px) 100vw, 7850px\" src=\"data:image\/svg+xml;base64,PHN2ZyB3aWR0aD0iMSIgaGVpZ2h0PSIxIiB4bWxucz0iaHR0cDovL3d3dy53My5vcmcvMjAwMC9zdmciPjwvc3ZnPg==\" style=\"--smush-placeholder-width: 7850px; --smush-placeholder-aspect-ratio: 7850\/5884;\" \/>\t\t\t\t\t\t\n\t\t\t\t\t<\/div>\n\t\t\t\t\t\t\t\t\n<style>\n#image_127976019 {\n  width: 100%;\n}\n<\/style>\n\t<\/div>\n\t\n\n<a href=\"https:\/\/www.navkom.si\/wp-content\/uploads\/2020\/06\/Xmanager_manuel_FR_V020-2BBX-1.pdf\" class=\"button success box-shadow-3 box-shadow-3-hover reveal-icon expand\" style=\"border-radius:5px;\">\n\t\t<span>Manuel d'instructions r6 - pdf<\/span>\n\t<i class=\"icon-play\" aria-hidden=\"true\"><\/i><\/a>\n\n\n<a href=\"https:\/\/www.navkom.si\/fr\/manuel-dinstructions-video\/\" class=\"button success box-shadow-3 box-shadow-3-hover reveal-icon expand\" style=\"border-radius:5px;\">\n\t\t<span>Manuel d'instructions - video<\/span>\n\t<i class=\"icon-play\" aria-hidden=\"true\"><\/i><\/a>\n\n\n\n\t\t<\/div>\n\t\t\t\t\t<\/div>\n\n\t\n\n\t<div id=\"col-475712648\" class=\"col medium-4 small-12 large-4\"  >\n\t\t\t\t<div class=\"col-inner\"  >\n\t\t\t\n\t\t\t\n\n\n\t\t<div class=\"icon-box featured-box icon-box-center text-center\"  style=\"margin:0px 0px 16px 0px;\">\n\t\t\t\t\t<div class=\"icon-box-img has-icon-bg\" style=\"width: 69px\">\n\t\t\t\t<div class=\"icon\">\n\t\t\t\t\t<div class=\"icon-inner\" style=\"border-width:2px;color:rgb(51, 49, 49);\">\n\t\t\t\t\t\t<img decoding=\"async\" width=\"371\" height=\"400\" data-src=\"https:\/\/www.navkom.si\/wp-content\/uploads\/2021\/02\/X-R7-e1613462788380-371x400.png\" class=\"attachment-medium size-medium lazyload\" alt=\"\" data-srcset=\"https:\/\/www.navkom.si\/wp-content\/uploads\/2021\/02\/X-R7-e1613462788380-371x400.png 371w, https:\/\/www.navkom.si\/wp-content\/uploads\/2021\/02\/X-R7-e1613462788380.png 505w\" data-sizes=\"(max-width: 371px) 100vw, 371px\" src=\"data:image\/svg+xml;base64,PHN2ZyB3aWR0aD0iMSIgaGVpZ2h0PSIxIiB4bWxucz0iaHR0cDovL3d3dy53My5vcmcvMjAwMC9zdmciPjwvc3ZnPg==\" style=\"--smush-placeholder-width: 371px; --smush-placeholder-aspect-ratio: 371\/400;\" \/>\t\t\t\t\t<\/div>\n\t\t\t\t<\/div>\n\t\t\t<\/div>\n\t\t\t\t<div class=\"icon-box-text last-reset\">\n\t\t\t\t\t\t\t\t\t\n\n<h3><span style=\"color: #3a3a00\" data-text-color=\"secondary\" data-line-height=\"xs\">R7<\/span><\/h3>\n<p data-line-height=\"xs\"><span style=\"color: #ed1c24\"><strong>NOUVEAU<\/strong><\/span><\/p>\n<p>Au choix : contr\u00f4ler via les touches situ\u00e9es sur l\u2019unit\u00e9 de commande ou via l\u2019application sur smartphone\/tablette.<\/p>\n<div class=\"is-divider divider clearfix\" ><\/div>\n\n\t<div class=\"img has-hover x md-x lg-x y md-y lg-y\" id=\"image_704411346\">\n\t\t\t\t\t\t\t\t<div class=\"img-inner dark\" >\n\t\t\t<img decoding=\"async\" width=\"600\" height=\"600\" data-src=\"https:\/\/www.navkom.si\/wp-content\/uploads\/2021\/02\/R7-slika-2.jpg\" class=\"attachment-large size-large lazyload\" alt=\"\" data-srcset=\"https:\/\/www.navkom.si\/wp-content\/uploads\/2021\/02\/R7-slika-2.jpg 600w, https:\/\/www.navkom.si\/wp-content\/uploads\/2021\/02\/R7-slika-2-400x400.jpg 400w, https:\/\/www.navkom.si\/wp-content\/uploads\/2021\/02\/R7-slika-2-280x280.jpg 280w\" data-sizes=\"(max-width: 600px) 100vw, 600px\" src=\"data:image\/svg+xml;base64,PHN2ZyB3aWR0aD0iMSIgaGVpZ2h0PSIxIiB4bWxucz0iaHR0cDovL3d3dy53My5vcmcvMjAwMC9zdmciPjwvc3ZnPg==\" style=\"--smush-placeholder-width: 600px; --smush-placeholder-aspect-ratio: 600\/600;\" \/>\t\t\t\t\t\t\n\t\t\t\t\t<\/div>\n\t\t\t\t\t\t\t\t\n<style>\n#image_704411346 {\n  width: 100%;\n}\n<\/style>\n\t<\/div>\n\t\n\n\n\t\t<\/div>\n\t<\/div>\n\t\n\t\n<a href=\"https:\/\/www.navkom.si\/instruction-manual\/\" class=\"button secondary box-shadow-3 box-shadow-3-hover reveal-icon expand\" style=\"border-radius:5px;\">\n\t\t<span>Manuel d'instructions r7 - pdf<\/span>\n\t<i class=\"icon-play\" aria-hidden=\"true\"><\/i><\/a>\n\n\n<a href=\"https:\/\/www.navkom.si\/fr\/manuel-dinstructions-video\/\" class=\"button secondary box-shadow-3 box-shadow-3-hover reveal-icon expand\" style=\"border-radius:5px;\">\n\t\t<span>Manuel d'instructions - video<\/span>\n\t<i class=\"icon-play\" aria-hidden=\"true\"><\/i><\/a>\n\n\n\n\t\t<\/div>\n\t\t\t\t\t<\/div>\n\n\t\n\n<\/div>\n\n\t\t<\/div>\n\n\t\t\n<style>\n#section_195376519 {\n  padding-top: 30px;\n  padding-bottom: 30px;\n}\n<\/style>\n\t<\/section>\n\t\n\n","protected":false},"excerpt":{"rendered":"","protected":false},"author":1,"featured_media":0,"parent":0,"menu_order":0,"comment_status":"closed","ping_status":"closed","template":"","meta":{"_monsterinsights_skip_tracking":false,"_monsterinsights_sitenote_active":false,"_monsterinsights_sitenote_note":"","_monsterinsights_sitenote_category":0,"footnotes":""},"class_list":["post-8636","page","type-page","status-publish","hentry"],"yoast_head":"<!-- This site is optimized with the Yoast SEO plugin v27.4 - https:\/\/yoast.com\/product\/yoast-seo-wordpress\/ -->\n<title>Manuel d&#039;instructions Biohandle | Navkom<\/title>\n<meta name=\"robots\" content=\"index, follow, max-snippet:-1, max-image-preview:large, max-video-preview:-1\" \/>\n<link rel=\"canonical\" href=\"https:\/\/www.navkom.si\/fr\/manuel-dinstructions-biohandle\/\" \/>\n<meta property=\"og:locale\" content=\"fr_FR\" \/>\n<meta property=\"og:type\" content=\"article\" \/>\n<meta property=\"og:title\" content=\"Manuel d&#039;instructions Biohandle | Navkom\" \/>\n<meta property=\"og:url\" content=\"https:\/\/www.navkom.si\/fr\/manuel-dinstructions-biohandle\/\" \/>\n<meta property=\"og:site_name\" content=\"Navkom\" \/>\n<meta property=\"article:publisher\" content=\"https:\/\/www.facebook.com\/Navkom-fingerprint-readers-150915411647792\" \/>\n<meta property=\"article:modified_time\" content=\"2021-09-29T08:20:46+00:00\" \/>\n<meta property=\"og:image\" content=\"https:\/\/www.navkom.si\/wp-content\/uploads\/2020\/11\/Navkom-logo-e1604474702264.png\" \/>\n\t<meta property=\"og:image:width\" content=\"968\" \/>\n\t<meta property=\"og:image:height\" content=\"339\" \/>\n\t<meta property=\"og:image:type\" content=\"image\/png\" \/>\n<meta name=\"twitter:card\" content=\"summary_large_image\" \/>\n<meta name=\"twitter:label1\" content=\"Dur\u00e9e de lecture estim\u00e9e\" \/>\n\t<meta name=\"twitter:data1\" content=\"2 minutes\" \/>\n<script type=\"application\/ld+json\" class=\"yoast-schema-graph\">{\"@context\":\"https:\\\/\\\/schema.org\",\"@graph\":[{\"@type\":\"WebPage\",\"@id\":\"https:\\\/\\\/www.navkom.si\\\/fr\\\/manuel-dinstructions-biohandle\\\/\",\"url\":\"https:\\\/\\\/www.navkom.si\\\/fr\\\/manuel-dinstructions-biohandle\\\/\",\"name\":\"Manuel d'instructions Biohandle | Navkom\",\"isPartOf\":{\"@id\":\"https:\\\/\\\/www.navkom.si\\\/#website\"},\"datePublished\":\"2021-09-14T08:38:14+00:00\",\"dateModified\":\"2021-09-29T08:20:46+00:00\",\"breadcrumb\":{\"@id\":\"https:\\\/\\\/www.navkom.si\\\/fr\\\/manuel-dinstructions-biohandle\\\/#breadcrumb\"},\"inLanguage\":\"fr-FR\",\"potentialAction\":[{\"@type\":\"ReadAction\",\"target\":[\"https:\\\/\\\/www.navkom.si\\\/fr\\\/manuel-dinstructions-biohandle\\\/\"]}]},{\"@type\":\"BreadcrumbList\",\"@id\":\"https:\\\/\\\/www.navkom.si\\\/fr\\\/manuel-dinstructions-biohandle\\\/#breadcrumb\",\"itemListElement\":[{\"@type\":\"ListItem\",\"position\":1,\"name\":\"Home\",\"item\":\"https:\\\/\\\/www.navkom.si\\\/fr\\\/\"},{\"@type\":\"ListItem\",\"position\":2,\"name\":\"Manuel d&#8217;instructions Biohandle\"}]},{\"@type\":\"WebSite\",\"@id\":\"https:\\\/\\\/www.navkom.si\\\/#website\",\"url\":\"https:\\\/\\\/www.navkom.si\\\/\",\"name\":\"Navkom\",\"description\":\" Lecteurs d\u2019empreintes digitales\",\"publisher\":{\"@id\":\"https:\\\/\\\/www.navkom.si\\\/#organization\"},\"potentialAction\":[{\"@type\":\"SearchAction\",\"target\":{\"@type\":\"EntryPoint\",\"urlTemplate\":\"https:\\\/\\\/www.navkom.si\\\/?s={search_term_string}\"},\"query-input\":{\"@type\":\"PropertyValueSpecification\",\"valueRequired\":true,\"valueName\":\"search_term_string\"}}],\"inLanguage\":\"fr-FR\"},{\"@type\":\"Organization\",\"@id\":\"https:\\\/\\\/www.navkom.si\\\/#organization\",\"name\":\"Navkom d.o.o.\",\"url\":\"https:\\\/\\\/www.navkom.si\\\/\",\"logo\":{\"@type\":\"ImageObject\",\"inLanguage\":\"fr-FR\",\"@id\":\"https:\\\/\\\/www.navkom.si\\\/#\\\/schema\\\/logo\\\/image\\\/\",\"url\":\"https:\\\/\\\/www.navkom.si\\\/wp-content\\\/uploads\\\/2020\\\/11\\\/Navkom-logo-e1604474702264.png\",\"contentUrl\":\"https:\\\/\\\/www.navkom.si\\\/wp-content\\\/uploads\\\/2020\\\/11\\\/Navkom-logo-e1604474702264.png\",\"width\":968,\"height\":339,\"caption\":\"Navkom d.o.o.\"},\"image\":{\"@id\":\"https:\\\/\\\/www.navkom.si\\\/#\\\/schema\\\/logo\\\/image\\\/\"},\"sameAs\":[\"https:\\\/\\\/www.facebook.com\\\/Navkom-fingerprint-readers-150915411647792\",\"https:\\\/\\\/www.linkedin.com\\\/company\\\/navkom\",\"https:\\\/\\\/www.youtube.com\\\/channel\\\/UCRxNGgBFfBxIwcydLnQW7Ew\"]}]}<\/script>\n<!-- \/ Yoast SEO plugin. -->","yoast_head_json":{"title":"Manuel d'instructions Biohandle | Navkom","robots":{"index":"index","follow":"follow","max-snippet":"max-snippet:-1","max-image-preview":"max-image-preview:large","max-video-preview":"max-video-preview:-1"},"canonical":"https:\/\/www.navkom.si\/fr\/manuel-dinstructions-biohandle\/","og_locale":"fr_FR","og_type":"article","og_title":"Manuel d'instructions Biohandle | Navkom","og_url":"https:\/\/www.navkom.si\/fr\/manuel-dinstructions-biohandle\/","og_site_name":"Navkom","article_publisher":"https:\/\/www.facebook.com\/Navkom-fingerprint-readers-150915411647792","article_modified_time":"2021-09-29T08:20:46+00:00","og_image":[{"width":968,"height":339,"url":"https:\/\/www.navkom.si\/wp-content\/uploads\/2020\/11\/Navkom-logo-e1604474702264.png","type":"image\/png"}],"twitter_card":"summary_large_image","twitter_misc":{"Dur\u00e9e de lecture estim\u00e9e":"2 minutes"},"schema":{"@context":"https:\/\/schema.org","@graph":[{"@type":"WebPage","@id":"https:\/\/www.navkom.si\/fr\/manuel-dinstructions-biohandle\/","url":"https:\/\/www.navkom.si\/fr\/manuel-dinstructions-biohandle\/","name":"Manuel d'instructions Biohandle | Navkom","isPartOf":{"@id":"https:\/\/www.navkom.si\/#website"},"datePublished":"2021-09-14T08:38:14+00:00","dateModified":"2021-09-29T08:20:46+00:00","breadcrumb":{"@id":"https:\/\/www.navkom.si\/fr\/manuel-dinstructions-biohandle\/#breadcrumb"},"inLanguage":"fr-FR","potentialAction":[{"@type":"ReadAction","target":["https:\/\/www.navkom.si\/fr\/manuel-dinstructions-biohandle\/"]}]},{"@type":"BreadcrumbList","@id":"https:\/\/www.navkom.si\/fr\/manuel-dinstructions-biohandle\/#breadcrumb","itemListElement":[{"@type":"ListItem","position":1,"name":"Home","item":"https:\/\/www.navkom.si\/fr\/"},{"@type":"ListItem","position":2,"name":"Manuel d&#8217;instructions Biohandle"}]},{"@type":"WebSite","@id":"https:\/\/www.navkom.si\/#website","url":"https:\/\/www.navkom.si\/","name":"Navkom","description":" Lecteurs d\u2019empreintes digitales","publisher":{"@id":"https:\/\/www.navkom.si\/#organization"},"potentialAction":[{"@type":"SearchAction","target":{"@type":"EntryPoint","urlTemplate":"https:\/\/www.navkom.si\/?s={search_term_string}"},"query-input":{"@type":"PropertyValueSpecification","valueRequired":true,"valueName":"search_term_string"}}],"inLanguage":"fr-FR"},{"@type":"Organization","@id":"https:\/\/www.navkom.si\/#organization","name":"Navkom d.o.o.","url":"https:\/\/www.navkom.si\/","logo":{"@type":"ImageObject","inLanguage":"fr-FR","@id":"https:\/\/www.navkom.si\/#\/schema\/logo\/image\/","url":"https:\/\/www.navkom.si\/wp-content\/uploads\/2020\/11\/Navkom-logo-e1604474702264.png","contentUrl":"https:\/\/www.navkom.si\/wp-content\/uploads\/2020\/11\/Navkom-logo-e1604474702264.png","width":968,"height":339,"caption":"Navkom d.o.o."},"image":{"@id":"https:\/\/www.navkom.si\/#\/schema\/logo\/image\/"},"sameAs":["https:\/\/www.facebook.com\/Navkom-fingerprint-readers-150915411647792","https:\/\/www.linkedin.com\/company\/navkom","https:\/\/www.youtube.com\/channel\/UCRxNGgBFfBxIwcydLnQW7Ew"]}]}},"_links":{"self":[{"href":"https:\/\/www.navkom.si\/fr\/wp-json\/wp\/v2\/pages\/8636","targetHints":{"allow":["GET"]}}],"collection":[{"href":"https:\/\/www.navkom.si\/fr\/wp-json\/wp\/v2\/pages"}],"about":[{"href":"https:\/\/www.navkom.si\/fr\/wp-json\/wp\/v2\/types\/page"}],"author":[{"embeddable":true,"href":"https:\/\/www.navkom.si\/fr\/wp-json\/wp\/v2\/users\/1"}],"replies":[{"embeddable":true,"href":"https:\/\/www.navkom.si\/fr\/wp-json\/wp\/v2\/comments?post=8636"}],"version-history":[{"count":15,"href":"https:\/\/www.navkom.si\/fr\/wp-json\/wp\/v2\/pages\/8636\/revisions"}],"predecessor-version":[{"id":9987,"href":"https:\/\/www.navkom.si\/fr\/wp-json\/wp\/v2\/pages\/8636\/revisions\/9987"}],"wp:attachment":[{"href":"https:\/\/www.navkom.si\/fr\/wp-json\/wp\/v2\/media?parent=8636"}],"curies":[{"name":"wp","href":"https:\/\/api.w.org\/{rel}","templated":true}]}}