{"id":9141,"date":"2021-09-16T09:57:38","date_gmt":"2021-09-16T09:57:38","guid":{"rendered":"https:\/\/www.navkom.si\/gesellschaftliche-verantwortung\/"},"modified":"2025-04-14T07:58:15","modified_gmt":"2025-04-14T07:58:15","slug":"gesellschaftliche-verantwortung","status":"publish","type":"page","link":"https:\/\/www.navkom.si\/de\/gesellschaftliche-verantwortung\/","title":{"rendered":"GESELLSCHAFTLICHE VERANTWORTUNG"},"content":{"rendered":"\n\n\t<section class=\"section\" id=\"section_1998974986\">\n\t\t<div class=\"section-bg fill\" >\n\t\t\t\t\t\t\t\t\t\n\t\t\t\n\n\t\t<\/div>\n\n\t\t\n\n\t\t<div class=\"section-content relative\">\n\t\t\t\n\n\n  <div class=\"banner has-hover\" id=\"banner-172905973\">\n          <div class=\"banner-inner fill\">\n        <div class=\"banner-bg fill\" >\n            <img decoding=\"async\" width=\"1020\" height=\"680\" data-src=\"https:\/\/www.navkom.si\/wp-content\/uploads\/2020\/11\/bed-1284238_1920-1200x800.jpg\" class=\"bg attachment-large size-large lazyload\" alt=\"\" src=\"data:image\/svg+xml;base64,PHN2ZyB3aWR0aD0iMSIgaGVpZ2h0PSIxIiB4bWxucz0iaHR0cDovL3d3dy53My5vcmcvMjAwMC9zdmciPjwvc3ZnPg==\" style=\"--smush-placeholder-width: 1020px; --smush-placeholder-aspect-ratio: 1020\/680;\" \/>                                    \n                    <\/div>\n\t\t\n        <div class=\"banner-layers container\">\n            <div class=\"fill banner-link\"><\/div>            \n\n\n        <\/div>\n      <\/div>\n\n            \n<style>\n#banner-172905973 {\n  padding-top: 200px;\n}\n#banner-172905973 .banner-bg img {\n  object-position: 3% 69%;\n}\n@media (min-width:550px) {\n  #banner-172905973 {\n    padding-top: 500px;\n  }\n}\n<\/style>\n  <\/div>\n\n\n\t<div id=\"gap-635172305\" class=\"gap-element clearfix\" style=\"display:block; height:auto;\">\n\t\t\n<style>\n#gap-635172305 {\n  padding-top: 30px;\n}\n<\/style>\n\t<\/div>\n\t\n\n\n\t\t<\/div>\n\n\t\t\n<style>\n#section_1998974986 {\n  padding-top: 0px;\n  padding-bottom: 0px;\n}\n<\/style>\n\t<\/section>\n\t\n\n\t<section class=\"section\" id=\"section_41658420\">\n\t\t<div class=\"section-bg fill\" >\n\t\t\t\t\t\t\t\t\t\n\t\t\t\n\n\t\t<\/div>\n\n\t\t\n\n\t\t<div class=\"section-content relative\">\n\t\t\t\n\n<div class=\"row\"  id=\"row-440109869\">\n\n\n\t<div id=\"col-817813154\" class=\"col small-12 large-12\"  >\n\t\t\t\t<div class=\"col-inner box-shadow-2\" style=\"background-color:rgb(255,255,255);\" >\n\t\t\t\n\t\t\t\n\n<h3 class=\"zn_text_box-title zn_text_box-title--style1\"><span style=\"color: #f99b1c;\" data-text-color=\"primary\">GESELLSCHAFTLICHE VERANTWORTUNG<\/span><\/h3>\n<blockquote>\n<p>Seit Navkom Fingerabdruckscanner entwickelt und damit Ihr Zuhause bewacht, sind die Wachhunde arbeitslos geworden,<\/p>\n<\/blockquote>\n<p>scherzte einmal Tadej Weber, der Gesch\u00e4ftsf\u00fchrer und Gr\u00fcnder von Navkom d.o.o.<\/p>\n<p>Aber Scherz beiseite: die Navkom-Mitarbeiter lieben Tiere und sind der Meinung, dass Hunde nicht an einer Kette oder in einem zu kleinen Zwinger gehalten werden sollten. Hunde sind gleichberechtigte Familienmitglieder und nicht etwa lebende T\u00fcrschl\u00f6sser. <strong>Vor allem aber darf kein Haustier auf der Stra\u00dfe ausgesetzt werden. Wir haben uns deshalb entschieden, einen Teil unseres Gewinnes f\u00fcr verlassene Tiere zu spenden.<\/strong><\/p>\n<p>Machen Sie mit: Lassen Sie Ihr Zuhause von Navkom-Fingerabdruckscannern bewachen und holen Sie Ihren Hund aufs Wohnzimmersofa!<\/p>\n<p>Wie die Tiere respektieren auch wir unseren Planeten. Deshalb sorgen wir stets daf\u00fcr, dass unsere Produktionsprozesse die <strong>Umwelt m\u00f6glichst wenig belasten<\/strong>.<\/p>\n<p>Through donations, we support local communities and non-profit organisations, socially disadvantaged groups and events for children.<\/p>\n<p>\u00a0<\/p>\n\n\t\t<\/div>\n\t\t\t\t\n<style>\n#col-817813154 > .col-inner {\n  padding: 20px 20px 0px 20px;\n  margin: -150px 0px 0px 0px;\n}\n@media (min-width:550px) {\n  #col-817813154 > .col-inner {\n    margin: -170px 0px 0px 0px;\n  }\n}\n<\/style>\n\t<\/div>\n\n\t\n\n<\/div>\n\n\t\t<\/div>\n\n\t\t\n<style>\n#section_41658420 {\n  padding-top: 29px;\n  padding-bottom: 29px;\n}\n<\/style>\n\t<\/section>\n\t\n\t<div id=\"gap-1329680629\" class=\"gap-element clearfix\" style=\"display:block; height:auto;\">\n\t\t\n<style>\n#gap-1329680629 {\n  padding-top: 30px;\n}\n<\/style>\n\t<\/div>\n\t\n\n\n","protected":false},"excerpt":{"rendered":"","protected":false},"author":1,"featured_media":0,"parent":0,"menu_order":0,"comment_status":"closed","ping_status":"closed","template":"","meta":{"_monsterinsights_skip_tracking":false,"_monsterinsights_sitenote_active":false,"_monsterinsights_sitenote_note":"","_monsterinsights_sitenote_category":0,"footnotes":""},"class_list":["post-9141","page","type-page","status-publish","hentry"],"yoast_head":"<!-- This site is optimized with the Yoast SEO plugin v27.4 - https:\/\/yoast.com\/product\/yoast-seo-wordpress\/ -->\n<title>GESELLSCHAFTLICHE VERANTWORTUNG | Navkom<\/title>\n<meta name=\"robots\" content=\"index, follow, max-snippet:-1, max-image-preview:large, max-video-preview:-1\" \/>\n<link rel=\"canonical\" href=\"https:\/\/www.navkom.si\/de\/gesellschaftliche-verantwortung\/\" \/>\n<meta property=\"og:locale\" content=\"de_DE\" \/>\n<meta property=\"og:type\" content=\"article\" \/>\n<meta property=\"og:title\" content=\"GESELLSCHAFTLICHE VERANTWORTUNG | Navkom\" \/>\n<meta property=\"og:url\" content=\"https:\/\/www.navkom.si\/de\/gesellschaftliche-verantwortung\/\" \/>\n<meta property=\"og:site_name\" content=\"Navkom\" \/>\n<meta property=\"article:publisher\" content=\"https:\/\/www.facebook.com\/Navkom-fingerprint-readers-150915411647792\" \/>\n<meta property=\"article:modified_time\" content=\"2025-04-14T07:58:15+00:00\" \/>\n<meta property=\"og:image\" content=\"https:\/\/www.navkom.si\/wp-content\/uploads\/2020\/11\/Navkom-logo-e1604474702264.png\" \/>\n\t<meta property=\"og:image:width\" content=\"968\" \/>\n\t<meta property=\"og:image:height\" content=\"339\" \/>\n\t<meta property=\"og:image:type\" content=\"image\/png\" \/>\n<meta name=\"twitter:card\" content=\"summary_large_image\" \/>\n<meta name=\"twitter:label1\" content=\"Gesch\u00e4tzte Lesezeit\" \/>\n\t<meta name=\"twitter:data1\" content=\"1\u00a0Minute\" \/>\n<script type=\"application\/ld+json\" class=\"yoast-schema-graph\">{\"@context\":\"https:\\\/\\\/schema.org\",\"@graph\":[{\"@type\":\"WebPage\",\"@id\":\"https:\\\/\\\/www.navkom.si\\\/de\\\/gesellschaftliche-verantwortung\\\/\",\"url\":\"https:\\\/\\\/www.navkom.si\\\/de\\\/gesellschaftliche-verantwortung\\\/\",\"name\":\"GESELLSCHAFTLICHE VERANTWORTUNG | Navkom\",\"isPartOf\":{\"@id\":\"https:\\\/\\\/www.navkom.si\\\/#website\"},\"datePublished\":\"2021-09-16T09:57:38+00:00\",\"dateModified\":\"2025-04-14T07:58:15+00:00\",\"breadcrumb\":{\"@id\":\"https:\\\/\\\/www.navkom.si\\\/de\\\/gesellschaftliche-verantwortung\\\/#breadcrumb\"},\"inLanguage\":\"de\",\"potentialAction\":[{\"@type\":\"ReadAction\",\"target\":[\"https:\\\/\\\/www.navkom.si\\\/de\\\/gesellschaftliche-verantwortung\\\/\"]}]},{\"@type\":\"BreadcrumbList\",\"@id\":\"https:\\\/\\\/www.navkom.si\\\/de\\\/gesellschaftliche-verantwortung\\\/#breadcrumb\",\"itemListElement\":[{\"@type\":\"ListItem\",\"position\":1,\"name\":\"Home\",\"item\":\"https:\\\/\\\/www.navkom.si\\\/de\\\/\"},{\"@type\":\"ListItem\",\"position\":2,\"name\":\"GESELLSCHAFTLICHE VERANTWORTUNG\"}]},{\"@type\":\"WebSite\",\"@id\":\"https:\\\/\\\/www.navkom.si\\\/#website\",\"url\":\"https:\\\/\\\/www.navkom.si\\\/\",\"name\":\"Navkom\",\"description\":\"Fingerabdruckscanner\",\"publisher\":{\"@id\":\"https:\\\/\\\/www.navkom.si\\\/#organization\"},\"potentialAction\":[{\"@type\":\"SearchAction\",\"target\":{\"@type\":\"EntryPoint\",\"urlTemplate\":\"https:\\\/\\\/www.navkom.si\\\/?s={search_term_string}\"},\"query-input\":{\"@type\":\"PropertyValueSpecification\",\"valueRequired\":true,\"valueName\":\"search_term_string\"}}],\"inLanguage\":\"de\"},{\"@type\":\"Organization\",\"@id\":\"https:\\\/\\\/www.navkom.si\\\/#organization\",\"name\":\"Navkom d.o.o.\",\"url\":\"https:\\\/\\\/www.navkom.si\\\/\",\"logo\":{\"@type\":\"ImageObject\",\"inLanguage\":\"de\",\"@id\":\"https:\\\/\\\/www.navkom.si\\\/#\\\/schema\\\/logo\\\/image\\\/\",\"url\":\"https:\\\/\\\/www.navkom.si\\\/wp-content\\\/uploads\\\/2020\\\/11\\\/Navkom-logo-e1604474702264.png\",\"contentUrl\":\"https:\\\/\\\/www.navkom.si\\\/wp-content\\\/uploads\\\/2020\\\/11\\\/Navkom-logo-e1604474702264.png\",\"width\":968,\"height\":339,\"caption\":\"Navkom d.o.o.\"},\"image\":{\"@id\":\"https:\\\/\\\/www.navkom.si\\\/#\\\/schema\\\/logo\\\/image\\\/\"},\"sameAs\":[\"https:\\\/\\\/www.facebook.com\\\/Navkom-fingerprint-readers-150915411647792\",\"https:\\\/\\\/www.linkedin.com\\\/company\\\/navkom\",\"https:\\\/\\\/www.youtube.com\\\/channel\\\/UCRxNGgBFfBxIwcydLnQW7Ew\"]}]}<\/script>\n<!-- \/ Yoast SEO plugin. -->","yoast_head_json":{"title":"GESELLSCHAFTLICHE VERANTWORTUNG | Navkom","robots":{"index":"index","follow":"follow","max-snippet":"max-snippet:-1","max-image-preview":"max-image-preview:large","max-video-preview":"max-video-preview:-1"},"canonical":"https:\/\/www.navkom.si\/de\/gesellschaftliche-verantwortung\/","og_locale":"de_DE","og_type":"article","og_title":"GESELLSCHAFTLICHE VERANTWORTUNG | Navkom","og_url":"https:\/\/www.navkom.si\/de\/gesellschaftliche-verantwortung\/","og_site_name":"Navkom","article_publisher":"https:\/\/www.facebook.com\/Navkom-fingerprint-readers-150915411647792","article_modified_time":"2025-04-14T07:58:15+00:00","og_image":[{"width":968,"height":339,"url":"https:\/\/www.navkom.si\/wp-content\/uploads\/2020\/11\/Navkom-logo-e1604474702264.png","type":"image\/png"}],"twitter_card":"summary_large_image","twitter_misc":{"Gesch\u00e4tzte Lesezeit":"1\u00a0Minute"},"schema":{"@context":"https:\/\/schema.org","@graph":[{"@type":"WebPage","@id":"https:\/\/www.navkom.si\/de\/gesellschaftliche-verantwortung\/","url":"https:\/\/www.navkom.si\/de\/gesellschaftliche-verantwortung\/","name":"GESELLSCHAFTLICHE VERANTWORTUNG | Navkom","isPartOf":{"@id":"https:\/\/www.navkom.si\/#website"},"datePublished":"2021-09-16T09:57:38+00:00","dateModified":"2025-04-14T07:58:15+00:00","breadcrumb":{"@id":"https:\/\/www.navkom.si\/de\/gesellschaftliche-verantwortung\/#breadcrumb"},"inLanguage":"de","potentialAction":[{"@type":"ReadAction","target":["https:\/\/www.navkom.si\/de\/gesellschaftliche-verantwortung\/"]}]},{"@type":"BreadcrumbList","@id":"https:\/\/www.navkom.si\/de\/gesellschaftliche-verantwortung\/#breadcrumb","itemListElement":[{"@type":"ListItem","position":1,"name":"Home","item":"https:\/\/www.navkom.si\/de\/"},{"@type":"ListItem","position":2,"name":"GESELLSCHAFTLICHE VERANTWORTUNG"}]},{"@type":"WebSite","@id":"https:\/\/www.navkom.si\/#website","url":"https:\/\/www.navkom.si\/","name":"Navkom","description":"Fingerabdruckscanner","publisher":{"@id":"https:\/\/www.navkom.si\/#organization"},"potentialAction":[{"@type":"SearchAction","target":{"@type":"EntryPoint","urlTemplate":"https:\/\/www.navkom.si\/?s={search_term_string}"},"query-input":{"@type":"PropertyValueSpecification","valueRequired":true,"valueName":"search_term_string"}}],"inLanguage":"de"},{"@type":"Organization","@id":"https:\/\/www.navkom.si\/#organization","name":"Navkom d.o.o.","url":"https:\/\/www.navkom.si\/","logo":{"@type":"ImageObject","inLanguage":"de","@id":"https:\/\/www.navkom.si\/#\/schema\/logo\/image\/","url":"https:\/\/www.navkom.si\/wp-content\/uploads\/2020\/11\/Navkom-logo-e1604474702264.png","contentUrl":"https:\/\/www.navkom.si\/wp-content\/uploads\/2020\/11\/Navkom-logo-e1604474702264.png","width":968,"height":339,"caption":"Navkom d.o.o."},"image":{"@id":"https:\/\/www.navkom.si\/#\/schema\/logo\/image\/"},"sameAs":["https:\/\/www.facebook.com\/Navkom-fingerprint-readers-150915411647792","https:\/\/www.linkedin.com\/company\/navkom","https:\/\/www.youtube.com\/channel\/UCRxNGgBFfBxIwcydLnQW7Ew"]}]}},"_links":{"self":[{"href":"https:\/\/www.navkom.si\/de\/wp-json\/wp\/v2\/pages\/9141","targetHints":{"allow":["GET"]}}],"collection":[{"href":"https:\/\/www.navkom.si\/de\/wp-json\/wp\/v2\/pages"}],"about":[{"href":"https:\/\/www.navkom.si\/de\/wp-json\/wp\/v2\/types\/page"}],"author":[{"embeddable":true,"href":"https:\/\/www.navkom.si\/de\/wp-json\/wp\/v2\/users\/1"}],"replies":[{"embeddable":true,"href":"https:\/\/www.navkom.si\/de\/wp-json\/wp\/v2\/comments?post=9141"}],"version-history":[{"count":12,"href":"https:\/\/www.navkom.si\/de\/wp-json\/wp\/v2\/pages\/9141\/revisions"}],"predecessor-version":[{"id":18973,"href":"https:\/\/www.navkom.si\/de\/wp-json\/wp\/v2\/pages\/9141\/revisions\/18973"}],"wp:attachment":[{"href":"https:\/\/www.navkom.si\/de\/wp-json\/wp\/v2\/media?parent=9141"}],"curies":[{"name":"wp","href":"https:\/\/api.w.org\/{rel}","templated":true}]}}