{"id":9134,"date":"2021-09-16T09:50:17","date_gmt":"2021-09-16T09:50:17","guid":{"rendered":"https:\/\/www.navkom.si\/ueber-uns\/"},"modified":"2025-04-14T07:56:35","modified_gmt":"2025-04-14T07:56:35","slug":"ueber-uns","status":"publish","type":"page","link":"https:\/\/www.navkom.si\/de\/ueber-uns\/","title":{"rendered":"\u00fcber uns"},"content":{"rendered":"\n\n\t<section class=\"section\" id=\"section_1701852273\">\n\t\t<div class=\"section-bg fill\" >\n\t\t\t<img decoding=\"async\" width=\"2560\" height=\"1707\" data-src=\"https:\/\/www.navkom.si\/wp-content\/uploads\/2025\/01\/D3A1271-scaled.jpg\" class=\"bg attachment- size- lazyload\" alt=\"\" src=\"data:image\/svg+xml;base64,PHN2ZyB3aWR0aD0iMSIgaGVpZ2h0PSIxIiB4bWxucz0iaHR0cDovL3d3dy53My5vcmcvMjAwMC9zdmciPjwvc3ZnPg==\" style=\"--smush-placeholder-width: 2560px; --smush-placeholder-aspect-ratio: 2560\/1707;\" \/>\t\t\t\t\t\t<div class=\"section-bg-overlay absolute fill\"><\/div>\n\t\t\t\n\n\t\t<\/div>\n\n\t\t\n\n\t\t<div class=\"section-content relative\">\n\t\t\t\n\n<div class=\"row align-center\"  id=\"row-996309902\">\n\n\n\t<div id=\"col-511270561\" class=\"col medium-11 small-12 large-12\"  >\n\t\t\t\t<div class=\"col-inner text-center\"  >\n\t\t\t\n\t\t\t\n\n<div class=\"row row-collapse align-equal align-center\"  id=\"row-1758039526\">\n\n\n\t<div id=\"col-1115850809\" class=\"col medium-12 small-12 large-7\"  >\n\t\t\t\t<div class=\"col-inner text-left dark\" style=\"background-color:#273647;\" >\n\t\t\t\n\t\t\t\n\n\t<div id=\"gap-364900307\" class=\"gap-element clearfix\" style=\"display:block; height:auto;\">\n\t\t\n<style>\n#gap-364900307 {\n  padding-top: 30px;\n}\n<\/style>\n\t<\/div>\n\t\n\n\t<div id=\"text-2738413622\" class=\"text\">\n\t\t\n\n<h3>\u00dcber uns<\/h3>\n\t\t\n<style>\n#text-2738413622 {\n  font-size: 1.5rem;\n  line-height: 1;\n}\n<\/style>\n\t<\/div>\n\t\n<p lang=\"zxx\">Navkom Gmbh ist die Tochtergesellschaft des slowenischen Unternehmens Navkom d.o.o., das zu den f\u00fchrenden europ\u00e4ischen Unternehmen im Bereich der biometrischen Zutrittskontrolle geh\u00f6rt. Wir sind spezialisiert auf die Entwicklung und Herstellung von Produkten f\u00fcr Wohnungen, H\u00e4user und kleinere Unternehmen. Auf dem Markt bieten wir nicht nur unsere eigenen L\u00f6sungen an. Wir entwickeln und produzieren auch ma\u00dfgeschneiderte Produkte f\u00fcr T\u00fcrhersteller und Unternehmen, die sich mit Zutrittskontrollen besch\u00e4ftigen.<\/p>\n<p lang=\"zxx\">Seit 2006 beschh\u00e4ftigen wir uns mit dem Thema Biometrie und schon bald waren wir bekannt f\u00fcr unsere einfachen aber zuverl\u00e4ssigen L\u00f6sungen. Auf dem Markt der biometrischen Anlagen setzen wir neue Ma\u00dfst\u00e4be. Heute bietet Navkom eine breite Produktpalette f\u00fcr einen bequemen und sicheren Zutritt zu H\u00e4usern und B\u00fcros an.<\/p>\n<p lang=\"zxx\">Bei der Entwicklung unserer Produkte verfolgen wir ein einfaches und klares Ziel: Qualit\u00e4t und Sicherheit in Kombination mit benutzerfreundlichen und modernen Anlagen. Das Unternehmen verwirklicht seine Gr\u00fcndungsvision: Fingerabdruckscanner jeden Tag und \u00fcberall, einfach, sicher und praktisch einzusetzen. Zufriedene Nutzer in ganz Europa best\u00e4tigen unsere Arbeit, Qualit\u00e4t und sind gleichzeitig auch unsere Motivation, immer besser zu werden.<\/p>\n<p lang=\"zxx\">Vielen Dank f\u00fcr Ihr Vertrauen.<\/p>\n<p style=\"text-align: left;\">Tadej Weber, Gesch\u00e4ftsf\u00fchrer<\/p>\n\n\t\t<\/div>\n\t\t\t\t\n<style>\n#col-1115850809 > .col-inner {\n  padding: 40px 5% 60px 5%;\n}\n@media (min-width:550px) {\n  #col-1115850809 > .col-inner {\n    padding: 20px 10% 600px 10%;\n  }\n}\n<\/style>\n\t<\/div>\n\n\t\n\n\t<div id=\"col-1195073783\" class=\"col medium-12 small-12 large-5\"  >\n\t\t\t\t<div class=\"col-inner\"  >\n\t\t\t\n\t\t\t\n\n\t<div id=\"text-2412601341\" class=\"text\">\n\t\t\n\n<h3>Kontakte<\/h3>\n\t\t\n<style>\n#text-2412601341 {\n  font-size: 1.5rem;\n  line-height: 1;\n}\n<\/style>\n\t<\/div>\n\t\n\t<div id=\"text-3467882615\" class=\"text\">\n\t\t\n\n<p>\u00a0<\/p>\n<p><span data-text-color=\"primary\">Information und Verkauf<\/span><\/p>\n<p><span style=\"font-size: 85%;\">info@navkom.de<\/span><\/p>\n<p><span data-text-color=\"primary\">Service<\/span><\/p>\n<p><span style=\"font-size: 90%;\">service@navkom.de<\/span><\/p>\n\t\t\n<style>\n#text-3467882615 {\n  font-size: 1.5rem;\n  line-height: 1;\n}\n<\/style>\n\t<\/div>\n\t\n\t<div id=\"gap-1787725564\" class=\"gap-element clearfix\" style=\"display:block; height:auto;\">\n\t\t\n<style>\n#gap-1787725564 {\n  padding-top: 10px;\n}\n<\/style>\n\t<\/div>\n\t\n\n\n\t\t<\/div>\n\t\t\t\t\n<style>\n#col-1195073783 > .col-inner {\n  padding: 30px 5% 30px 5%;\n}\n@media (min-width:550px) {\n  #col-1195073783 > .col-inner {\n    padding: 10% 15% 15% 15%;\n  }\n}\n<\/style>\n\t<\/div>\n\n\t\n\n<\/div>\n\n\t\t<\/div>\n\t\t\t\t\t<\/div>\n\n\t\n\n\n<style>\n#row-996309902 > .col > .col-inner {\n  background-color: rgb(255, 255, 255);\n}\n<\/style>\n<\/div>\n<div class=\"row\"  id=\"row-1246577780\">\n\n\n\t<div id=\"col-428042693\" class=\"col small-12 large-12\"  >\n\t\t\t\t<div class=\"col-inner\"  >\n\t\t\t\n\t\t\t\n\n<div class=\"video video-fit mb\" style=\"padding-top:56.25%;\"><iframe title=\"Deutch_UNTERNEHMENSPR\u00c4SENTATION NAVKOM_final -HD 1080p\" data-src=\"https:\/\/player.vimeo.com\/video\/1051112956?dnt=1&amp;app_id=122963\" width=\"1020\" height=\"574\" frameborder=\"0\" allow=\"autoplay; fullscreen; picture-in-picture; clipboard-write; encrypted-media\" src=\"data:image\/svg+xml;base64,PHN2ZyB3aWR0aD0iMSIgaGVpZ2h0PSIxIiB4bWxucz0iaHR0cDovL3d3dy53My5vcmcvMjAwMC9zdmciPjwvc3ZnPg==\" class=\"lazyload\" data-load-mode=\"1\"><\/iframe><\/div>\n\n\n\t\t<\/div>\n\t\t\t\t\n<style>\n#col-428042693 > .col-inner {\n  padding: 0px 50px 0px 50px;\n  margin: -600px 0px 0px 0px;\n}\n<\/style>\n\t<\/div>\n\n\t\n\n<\/div>\n\n\t\t<\/div>\n\n\t\t\n<style>\n#section_1701852273 {\n  padding-top: 50px;\n  padding-bottom: 50px;\n}\n#section_1701852273 .section-bg-overlay {\n  background-color: rgba(39, 54, 71, 0.28);\n}\n#section_1701852273 .section-bg img {\n  object-position: 38% 100%;\n}\n@media (min-width:550px) {\n  #section_1701852273 {\n    padding-top: 80px;\n    padding-bottom: 80px;\n  }\n}\n@media (min-width:850px) {\n  #section_1701852273 {\n    padding-top: 100px;\n    padding-bottom: 100px;\n  }\n}\n<\/style>\n\t<\/section>\n\t\n\n","protected":false},"excerpt":{"rendered":"","protected":false},"author":1,"featured_media":0,"parent":0,"menu_order":0,"comment_status":"closed","ping_status":"closed","template":"","meta":{"_monsterinsights_skip_tracking":false,"_monsterinsights_sitenote_active":false,"_monsterinsights_sitenote_note":"","_monsterinsights_sitenote_category":0,"footnotes":""},"class_list":["post-9134","page","type-page","status-publish","hentry"],"yoast_head":"<!-- This site is optimized with the Yoast SEO plugin v27.4 - https:\/\/yoast.com\/product\/yoast-seo-wordpress\/ -->\n<title>\u00fcber uns | Navkom<\/title>\n<meta name=\"robots\" content=\"index, follow, max-snippet:-1, max-image-preview:large, max-video-preview:-1\" \/>\n<link rel=\"canonical\" href=\"https:\/\/www.navkom.si\/de\/ueber-uns\/\" \/>\n<meta property=\"og:locale\" content=\"de_DE\" \/>\n<meta property=\"og:type\" content=\"article\" \/>\n<meta property=\"og:title\" content=\"\u00fcber uns | Navkom\" \/>\n<meta property=\"og:url\" content=\"https:\/\/www.navkom.si\/de\/ueber-uns\/\" \/>\n<meta property=\"og:site_name\" content=\"Navkom\" \/>\n<meta property=\"article:publisher\" content=\"https:\/\/www.facebook.com\/Navkom-fingerprint-readers-150915411647792\" \/>\n<meta property=\"article:modified_time\" content=\"2025-04-14T07:56:35+00:00\" \/>\n<meta property=\"og:image\" content=\"https:\/\/www.navkom.si\/wp-content\/uploads\/2020\/11\/Navkom-logo-e1604474702264.png\" \/>\n\t<meta property=\"og:image:width\" content=\"968\" \/>\n\t<meta property=\"og:image:height\" content=\"339\" \/>\n\t<meta property=\"og:image:type\" content=\"image\/png\" \/>\n<meta name=\"twitter:card\" content=\"summary_large_image\" \/>\n<meta name=\"twitter:label1\" content=\"Gesch\u00e4tzte Lesezeit\" \/>\n\t<meta name=\"twitter:data1\" content=\"2\u00a0Minute\" \/>\n<script type=\"application\/ld+json\" class=\"yoast-schema-graph\">{\"@context\":\"https:\\\/\\\/schema.org\",\"@graph\":[{\"@type\":\"WebPage\",\"@id\":\"https:\\\/\\\/www.navkom.si\\\/de\\\/ueber-uns\\\/\",\"url\":\"https:\\\/\\\/www.navkom.si\\\/de\\\/ueber-uns\\\/\",\"name\":\"\u00fcber uns | Navkom\",\"isPartOf\":{\"@id\":\"https:\\\/\\\/www.navkom.si\\\/#website\"},\"datePublished\":\"2021-09-16T09:50:17+00:00\",\"dateModified\":\"2025-04-14T07:56:35+00:00\",\"breadcrumb\":{\"@id\":\"https:\\\/\\\/www.navkom.si\\\/de\\\/ueber-uns\\\/#breadcrumb\"},\"inLanguage\":\"de\",\"potentialAction\":[{\"@type\":\"ReadAction\",\"target\":[\"https:\\\/\\\/www.navkom.si\\\/de\\\/ueber-uns\\\/\"]}]},{\"@type\":\"BreadcrumbList\",\"@id\":\"https:\\\/\\\/www.navkom.si\\\/de\\\/ueber-uns\\\/#breadcrumb\",\"itemListElement\":[{\"@type\":\"ListItem\",\"position\":1,\"name\":\"Home\",\"item\":\"https:\\\/\\\/www.navkom.si\\\/de\\\/\"},{\"@type\":\"ListItem\",\"position\":2,\"name\":\"\u00fcber uns\"}]},{\"@type\":\"WebSite\",\"@id\":\"https:\\\/\\\/www.navkom.si\\\/#website\",\"url\":\"https:\\\/\\\/www.navkom.si\\\/\",\"name\":\"Navkom\",\"description\":\"Fingerabdruckscanner\",\"publisher\":{\"@id\":\"https:\\\/\\\/www.navkom.si\\\/#organization\"},\"potentialAction\":[{\"@type\":\"SearchAction\",\"target\":{\"@type\":\"EntryPoint\",\"urlTemplate\":\"https:\\\/\\\/www.navkom.si\\\/?s={search_term_string}\"},\"query-input\":{\"@type\":\"PropertyValueSpecification\",\"valueRequired\":true,\"valueName\":\"search_term_string\"}}],\"inLanguage\":\"de\"},{\"@type\":\"Organization\",\"@id\":\"https:\\\/\\\/www.navkom.si\\\/#organization\",\"name\":\"Navkom d.o.o.\",\"url\":\"https:\\\/\\\/www.navkom.si\\\/\",\"logo\":{\"@type\":\"ImageObject\",\"inLanguage\":\"de\",\"@id\":\"https:\\\/\\\/www.navkom.si\\\/#\\\/schema\\\/logo\\\/image\\\/\",\"url\":\"https:\\\/\\\/www.navkom.si\\\/wp-content\\\/uploads\\\/2020\\\/11\\\/Navkom-logo-e1604474702264.png\",\"contentUrl\":\"https:\\\/\\\/www.navkom.si\\\/wp-content\\\/uploads\\\/2020\\\/11\\\/Navkom-logo-e1604474702264.png\",\"width\":968,\"height\":339,\"caption\":\"Navkom d.o.o.\"},\"image\":{\"@id\":\"https:\\\/\\\/www.navkom.si\\\/#\\\/schema\\\/logo\\\/image\\\/\"},\"sameAs\":[\"https:\\\/\\\/www.facebook.com\\\/Navkom-fingerprint-readers-150915411647792\",\"https:\\\/\\\/www.linkedin.com\\\/company\\\/navkom\",\"https:\\\/\\\/www.youtube.com\\\/channel\\\/UCRxNGgBFfBxIwcydLnQW7Ew\"]}]}<\/script>\n<!-- \/ Yoast SEO plugin. -->","yoast_head_json":{"title":"\u00fcber uns | Navkom","robots":{"index":"index","follow":"follow","max-snippet":"max-snippet:-1","max-image-preview":"max-image-preview:large","max-video-preview":"max-video-preview:-1"},"canonical":"https:\/\/www.navkom.si\/de\/ueber-uns\/","og_locale":"de_DE","og_type":"article","og_title":"\u00fcber uns | Navkom","og_url":"https:\/\/www.navkom.si\/de\/ueber-uns\/","og_site_name":"Navkom","article_publisher":"https:\/\/www.facebook.com\/Navkom-fingerprint-readers-150915411647792","article_modified_time":"2025-04-14T07:56:35+00:00","og_image":[{"width":968,"height":339,"url":"https:\/\/www.navkom.si\/wp-content\/uploads\/2020\/11\/Navkom-logo-e1604474702264.png","type":"image\/png"}],"twitter_card":"summary_large_image","twitter_misc":{"Gesch\u00e4tzte Lesezeit":"2\u00a0Minute"},"schema":{"@context":"https:\/\/schema.org","@graph":[{"@type":"WebPage","@id":"https:\/\/www.navkom.si\/de\/ueber-uns\/","url":"https:\/\/www.navkom.si\/de\/ueber-uns\/","name":"\u00fcber uns | Navkom","isPartOf":{"@id":"https:\/\/www.navkom.si\/#website"},"datePublished":"2021-09-16T09:50:17+00:00","dateModified":"2025-04-14T07:56:35+00:00","breadcrumb":{"@id":"https:\/\/www.navkom.si\/de\/ueber-uns\/#breadcrumb"},"inLanguage":"de","potentialAction":[{"@type":"ReadAction","target":["https:\/\/www.navkom.si\/de\/ueber-uns\/"]}]},{"@type":"BreadcrumbList","@id":"https:\/\/www.navkom.si\/de\/ueber-uns\/#breadcrumb","itemListElement":[{"@type":"ListItem","position":1,"name":"Home","item":"https:\/\/www.navkom.si\/de\/"},{"@type":"ListItem","position":2,"name":"\u00fcber uns"}]},{"@type":"WebSite","@id":"https:\/\/www.navkom.si\/#website","url":"https:\/\/www.navkom.si\/","name":"Navkom","description":"Fingerabdruckscanner","publisher":{"@id":"https:\/\/www.navkom.si\/#organization"},"potentialAction":[{"@type":"SearchAction","target":{"@type":"EntryPoint","urlTemplate":"https:\/\/www.navkom.si\/?s={search_term_string}"},"query-input":{"@type":"PropertyValueSpecification","valueRequired":true,"valueName":"search_term_string"}}],"inLanguage":"de"},{"@type":"Organization","@id":"https:\/\/www.navkom.si\/#organization","name":"Navkom d.o.o.","url":"https:\/\/www.navkom.si\/","logo":{"@type":"ImageObject","inLanguage":"de","@id":"https:\/\/www.navkom.si\/#\/schema\/logo\/image\/","url":"https:\/\/www.navkom.si\/wp-content\/uploads\/2020\/11\/Navkom-logo-e1604474702264.png","contentUrl":"https:\/\/www.navkom.si\/wp-content\/uploads\/2020\/11\/Navkom-logo-e1604474702264.png","width":968,"height":339,"caption":"Navkom d.o.o."},"image":{"@id":"https:\/\/www.navkom.si\/#\/schema\/logo\/image\/"},"sameAs":["https:\/\/www.facebook.com\/Navkom-fingerprint-readers-150915411647792","https:\/\/www.linkedin.com\/company\/navkom","https:\/\/www.youtube.com\/channel\/UCRxNGgBFfBxIwcydLnQW7Ew"]}]}},"_links":{"self":[{"href":"https:\/\/www.navkom.si\/de\/wp-json\/wp\/v2\/pages\/9134","targetHints":{"allow":["GET"]}}],"collection":[{"href":"https:\/\/www.navkom.si\/de\/wp-json\/wp\/v2\/pages"}],"about":[{"href":"https:\/\/www.navkom.si\/de\/wp-json\/wp\/v2\/types\/page"}],"author":[{"embeddable":true,"href":"https:\/\/www.navkom.si\/de\/wp-json\/wp\/v2\/users\/1"}],"replies":[{"embeddable":true,"href":"https:\/\/www.navkom.si\/de\/wp-json\/wp\/v2\/comments?post=9134"}],"version-history":[{"count":15,"href":"https:\/\/www.navkom.si\/de\/wp-json\/wp\/v2\/pages\/9134\/revisions"}],"predecessor-version":[{"id":18972,"href":"https:\/\/www.navkom.si\/de\/wp-json\/wp\/v2\/pages\/9134\/revisions\/18972"}],"wp:attachment":[{"href":"https:\/\/www.navkom.si\/de\/wp-json\/wp\/v2\/media?parent=9134"}],"curies":[{"name":"wp","href":"https:\/\/api.w.org\/{rel}","templated":true}]}}