{"id":9115,"date":"2021-09-16T09:04:10","date_gmt":"2021-09-16T09:04:10","guid":{"rendered":"https:\/\/www.navkom.si\/datenschutzbestimmungen\/"},"modified":"2021-09-28T05:20:24","modified_gmt":"2021-09-28T05:20:24","slug":"datenschutzbestimmungen","status":"publish","type":"page","link":"https:\/\/www.navkom.si\/de\/datenschutzbestimmungen\/","title":{"rendered":"DATENSCHUTZBESTIMMUNGEN"},"content":{"rendered":"\n\t<div id=\"gap-186051695\" class=\"gap-element clearfix\" style=\"display:block; height:auto;\">\n\t\t\n<style>\n#gap-186051695 {\n  padding-top: 30px;\n}\n<\/style>\n\t<\/div>\n\t\n\n  <div id=\"page-header-1551139345\" class=\"page-header-wrapper\">\n  <div class=\"page-title light divided-title\">\n\n    \n    <div class=\"page-title-inner container align-bottom text-center flex-row-col medium-flex-wrap\" >\n              <div class=\"title-wrapper is-large flex-col\">\n          <h1 class=\"entry-title mb-0\">\n            DATENSCHUTZBESTIMMUNGEN          <\/h1>\n        <\/div>\n                    <div class=\"title-content flex-col\">\n        <div class=\"title-breadcrumbs pb-half pt-half\"><\/div>      <\/div>\n    <\/div>\n\n     \n<style>\n#page-header-1551139345 .page-title-inner {\n  min-height: 0px;\n}\n<\/style>\n  <\/div>\n  <div class=\"container header-wrapper-divider\"><hr\/><\/div>  <\/div>\n  \n\n<div class=\"row\"  id=\"row-1819352567\">\n\n\n\t<div id=\"col-1081456220\" class=\"col small-12 large-12\"  >\n\t\t\t\t<div class=\"col-inner\"  >\n\t\t\t\n\t\t\t\n\n<h1>Sehr geehrte Besucher!<\/h1>\n<p>Navkom d.o.o nimmt seine Verpflichtung f\u00fcr den Schutz personenbezogener Daten sehr ernst. Daher m\u00f6chten wir Ihnen in diesem Dokument alle Informationen \u00fcber die Verarbeitung personenbezogener Daten in unserem Unternehmen vorstellen.<\/p>\n<p>Dieses Dokument enth\u00e4lt Informationen zu:<\/p>\n<ul>\n<li><a href=\"#_Upravljavec_osebnih_podatkov\">dem Datenschutzverantwortlichen<\/a><\/li>\n<li><a href=\"#_Osnovne_informacije_o\">der Verarbeitung personenbezogener Daten<\/a><\/li>\n<li><a href=\"#_Varstvo_va\u0161ih_osebnih\">Datenschutz<\/a><\/li>\n<li><a href=\"#_Posredovanje_va\u0161ih_osebnih\">der Weitergabe personenbezogener Daten<\/a><\/li>\n<li><a href=\"#_Spletni_vti\u010dniki\">Web-Plug-in<\/a>s<\/li>\n<li><a href=\"#_Va\u0161e_pravice\">Ihren Rechte<\/a>n.<\/li>\n<\/ul>\n<h1>1.\u00a0\u00a0\u00a0\u00a0\u00a0 Datenschutzverantwortlicher<\/h1>\n<p>Der Verantwortliche f\u00fcr Ihre personenbezogenen Daten ist das Unternehmen Navkom d.o.o.<\/p>\n<p>Kontaktinformationen:<\/p>\n<p>Navkom d.o.o.<\/p>\n<p>Cesta v Log 19<\/p>\n<p>1351 Brezovica<\/p>\n<p>E-Mail: info@navkom.si<\/p>\n<p>Bei Fragen zum Datenschutz k\u00f6nnen Sie sich jederzeit an uns wenden.<\/p>\n<h1>2.\u00a0\u00a0\u00a0\u00a0\u00a0 Verarbeitung personenbezogener Daten<\/h1>\n<p>Jede Verarbeitung personenbezogener Daten erfolgt auf einer entsprechenden Rechtsgrundlage und zu vordefinierten, legitimen Zwecken. Dar\u00fcber hinaus sorgen wir f\u00fcr angemessene Aufbewahrungsfristen sowie f\u00fcr eine wirksame und dauerhafte L\u00f6schung oder Anonymisierung personenbezogener Daten nach Ablauf der Aufbewahrungsfrist.<\/p>\n<p>Die Bereitstellung personenbezogener Daten ist freiwillig. Sie sind nur dazu verpflichtet, uns diese Daten zur Verf\u00fcgung zu stellen, wenn dies gesetzlich vorgeschrieben ist. Wir m\u00f6chten Sie darauf hinweisen, dass wir Ihnen bestimmte Leistungen ohne die Angabe personenbezogener Daten nicht anbieten k\u00f6nnen (beispielsweise ist es nicht m\u00f6glich, einen Vertrag ohne personenbezogene Daten abzuschlie\u00dfen, die wir f\u00fcr den Abschluss eines g\u00fcltigen Vertrags ben\u00f6tigen).<\/p>\n<p>Navkom d.o.o. verarbeitet personenbezogene Daten f\u00fcr verschiedene Zwecke, die wir aus Transparenzgr\u00fcnden in der folgenden Tabelle darstellen.<\/p>\n<table>\n<tbody>\n<tr>\n<td width=\"151\">\n<p><strong>Zweck der Verarbeitung<\/strong><\/p>\n<\/td>\n<td width=\"151\">\n<p><strong>Rechtsgrundlage<\/strong><\/p>\n<\/td>\n<td width=\"151\">\n<p><strong>Kategorien personenbezogener Daten<\/strong><\/p>\n<\/td>\n<td width=\"151\">\n<p><strong>Aufbewahrungsdauer<\/strong><\/p>\n<\/td>\n<\/tr>\n<tr>\n<td width=\"151\">\n<p><strong>Erbringung unserer Leistungen<\/strong><\/p>\n<\/td>\n<td width=\"151\">\n<p>Vertragsverh\u00e4ltnis<\/p>\n<\/td>\n<td width=\"151\">\n<p>Vor- und Nachname, Unternehmen (im Falle einer juristischen Person), Kontaktdaten<\/p>\n<\/td>\n<td width=\"151\">\n<p>5 Jahre nach Ende des Vertragsverh\u00e4ltnisses<\/p>\n<\/td>\n<\/tr>\n<tr>\n<td width=\"151\">\n<p><strong>Beantwortung Ihrer Anfragen<\/strong><\/p>\n<\/td>\n<td width=\"151\">\n<p>Berechtigtes Interesse an der Gew\u00e4hrleistung der Kommunikation mit potenziellen Kunden<\/p>\n<\/td>\n<td width=\"151\">\n<p>Vor- und Nachname, Unternehmen, E-Mail-Adresse, Telefonnummer<\/p>\n<\/td>\n<td width=\"151\">\n<p>6 Monate nach Beendigung der Kommunikation f\u00fcr nat\u00fcrliche Personen und 1 Jahr nach Beendigung der Kommunikation f\u00fcr juristische Personen<\/p>\n<\/td>\n<\/tr>\n<tr>\n<td width=\"151\">\n<p><strong>Kommunikation mit Ihnen auf der Grundlage des ausgef\u00fcllten Formulars f\u00fcr technischen Support<\/strong><\/p>\n<\/td>\n<td width=\"151\">\n<p>Vertragsverh\u00e4ltnis<\/p>\n<\/td>\n<td width=\"151\">\n<p>Vor- und Nachname, E-Mail, Telefonnummer, Unternehmensangaben (im Falle einer juristischen Person)<\/p>\n<\/td>\n<td width=\"151\">\n<p>30 Tage nach Beendigung der Kommunikation<\/p>\n<\/td>\n<\/tr>\n<tr>\n<td width=\"151\">\n<p><strong>Erbringung von Kundendienstleistungen<\/strong><\/p>\n<\/td>\n<td width=\"151\">\n<p>Vertragsverh\u00e4ltnis<\/p>\n<\/td>\n<td width=\"151\">\n<p>Vor- und Nachname, Kontaktdaten, Unternehmensangaben (im Falle einer juristischen Person), Adresse zur Erbringung der Kundendienstleistungen<\/p>\n<\/td>\n<td width=\"151\">\n<p>5 Jahre nach Ende der Kundendienstleistungen<\/p>\n<\/td>\n<\/tr>\n<tr>\n<td width=\"151\">\n<p><strong>Newsletter-Versand an bestehende Kunden<\/strong><\/p>\n<\/td>\n<td width=\"151\">\n<p>Gesetz<\/p>\n<\/td>\n<td width=\"151\">\n<p>E-Mail-Adresse, Vor- und Nachname<\/p>\n<\/td>\n<td width=\"151\">\n<p>Bis auf Widerruf<\/p>\n<\/td>\n<\/tr>\n<tr>\n<td width=\"151\">\n<p><strong>Newsletter-Versand an angemeldete Nutzer<\/strong><\/p>\n<\/td>\n<td width=\"151\">\n<p>Zustimmung<\/p>\n<\/td>\n<td width=\"151\">\n<p>E-Mail-Adresse, Vor- und Nachname<\/p>\n<\/td>\n<td width=\"151\">\n<p>Bis auf Widerruf<\/p>\n<\/td>\n<\/tr>\n<tr>\n<td width=\"151\">\n<p><strong>Kommunikation mit Einzelpersonen auf Messen und Veranstaltungen<\/strong><\/p>\n<\/td>\n<td width=\"151\">\n<p>Berechtigtes Interesse an der Gew\u00e4hrleistung der Kommunikation mit potenziellen Kunden<\/p>\n<\/td>\n<td width=\"151\">\n<p>Vor- und Nachname, E-Mail, Telefonnummer, Unternehmensangaben (im Falle einer juristischen Person)<\/p>\n<\/td>\n<td width=\"151\">\n<p>6 Monate nach Beendigung der Kommunikation f\u00fcr nat\u00fcrliche Personen und 1 Jahr nach Beendigung der Kommunikation f\u00fcr juristische Personen<\/p>\n<\/td>\n<\/tr>\n<tr>\n<td width=\"151\">\n<p><strong>Geltendmachung von Anspr\u00fcchen und Schutz unserer Rechte<\/strong><\/p>\n<\/td>\n<td width=\"151\">\n<p>Berechtigtes Interesse an der Einleitung bzw. Zusammenarbeit in Verfahren zur Geltendmachung von Rechten bzw. einer Verteidigung gegen Anspr\u00fcche<\/p>\n<\/td>\n<td width=\"151\">\n<p>Der Umfang der Daten h\u00e4ngt vom jeweiligen Verfahren ab<\/p>\n<\/td>\n<td width=\"151\">\n<p>10 Jahre nach Abschluss des Verfahrens durch eine rechtskr\u00e4ftige Entscheidung<\/p>\n<\/td>\n<\/tr>\n<\/tbody>\n<\/table>\n<h1>3.\u00a0\u00a0\u00a0\u00a0\u00a0 Datenschutz<\/h1>\n<p>Wir sch\u00fctzen Ihre personenbezogenen Daten mit verschiedenen Ma\u00dfnahmen, einschlie\u00dflich technischer und organisatorischer Ma\u00dfnahmen. Wir aktualisieren regelm\u00e4\u00dfig unsere Software und technischen Ma\u00dfnahmen, um Ihnen ein H\u00f6chstma\u00df an Sicherheit f\u00fcr Ihre personenbezogenen Daten zu gew\u00e4hrleisten.<\/p>\n<p>Im Falle eines Sicherheitsvorfalls, der die Rechte und Freiheiten einzelner Personen beeintr\u00e4chtigen k\u00f6nnte, werden wir den Informationsbeauftragten innerhalb von 72 Stunden nach der Feststellung eines solchen Vorfalls informieren.<\/p>\n<p>Im Falle eines Sicherheitsvorfalls, der ein hohes Risiko f\u00fcr die Rechte und Freiheiten einzelner Personen darstellt, werden wir auch die betroffenen Personen \u00fcber einen solchen Vorfall informieren.<\/p>\n<h1>4.\u00a0\u00a0\u00a0\u00a0\u00a0 Weitergabe personenbezogener Daten<\/h1>\n<p>Wir k\u00f6nnen personenbezogene Daten auch an Dritte weitergeben, die uns bestimmte Dienste zur Verf\u00fcgung stellen, wie unten angef\u00fchrt. Ebenso k\u00f6nnen wir Ihre personenbezogenen Daten an staatliche Beh\u00f6rden weitergeben, wenn dies zur Erf\u00fcllung unserer gesetzlichen Verpflichtungen erforderlich ist.<\/p>\n<p>Wir \u00fcbermitteln Ihre personenbezogenen Daten nur dann an Dritte (Auftragsverarbeiter), wenn dies zur Erf\u00fcllung des Zwecks, f\u00fcr den wir die Daten erhoben haben, unbedingt erforderlich ist. Die Weitergabe personenbezogener Daten erfolgt nur auf der Grundlage eines unterzeichneten Vertrages zur Verarbeitung personenbezogener Daten, in welchem die Verarbeitung detailliert definiert wird. Auftragsverarbeiter d\u00fcrfen personenbezogene Daten nur f\u00fcr die im Vertrag zur Verarbeitung personenbezogener Daten festgelegten Zwecke verarbeiten.<\/p>\n<p>Liste unserer Auftragsverarbeiter:<\/p>\n<ul>\n<li>Buchhaltung,<\/li>\n<li>IT-Serviceprovider.<\/li>\n<\/ul>\n<h1>5.\u00a0\u00a0\u00a0\u00a0\u00a0 Web-Plug-ins<\/h1>\n<p>Auf unserer Website <a href=\"http:\/\/www.navkom.si\">www.navkom.si<\/a> bieten wir Ihnen Zugriff auf folgende Web-Plug-ins: Facebook, LinkedIn, Vimeo und YouTube.<\/p>\n<p>Wir informieren Sie dar\u00fcber, dass alle oben aufgef\u00fchrten sozialen Netzwerke ihre eigenen Datenschutzregeln anwenden. Wir bitten Sie, diese Regeln sorgf\u00e4ltig zu lesen, bevor Sie sich f\u00fcr die Interaktion mit sozialen Netzwerken entscheiden.<\/p>\n<p>Hier finden Sie die Links zu den Datenschutzregeln f\u00fcr jedes soziale Netzwerk:<\/p>\n<ul>\n<li><a href=\"https:\/\/www.facebook.com\/policy.php\">Facebook<\/a><\/li>\n<li><a href=\"https:\/\/www.linkedin.com\/legal\/privacy-policy\">Linkedin<\/a><\/li>\n<li><a href=\"https:\/\/policies.google.com\/privacy\">YouTube<\/a><\/li>\n<li><a href=\"https:\/\/vimeo.com\/privacy\">Vimeo<\/a><\/li>\n<\/ul>\n<h1>6.\u00a0\u00a0\u00a0\u00a0\u00a0 Ihre Rechte<\/h1>\n<p>Sie haben folgende Rechte in Bezug auf die Verarbeitung personenbezogener Daten:<\/p>\n<ul>\n<li><strong>Auskunft \u00fcber personenbezogene Daten<\/strong>: Sie k\u00f6nnen Informationen dar\u00fcber, ob wir personenbezogene Daten \u00fcber Sie verarbeiten, sowie Zugang zu personenbezogenen Daten und Informationen \u00fcber die von uns vorgenommene Verarbeitung anfordern.<\/li>\n<li><strong>Berichtigung personenbezogener Daten<\/strong>: Bei unvollst\u00e4ndigen oder ungenauen Angaben k\u00f6nnen Sie eine Berichtigung verlangen.<\/li>\n<li><strong>Einschr\u00e4nkung der Verarbeitung personenbezogener Daten<\/strong>: Sie k\u00f6nnen anfordern, dass wir die Verarbeitung Ihrer personenbezogenen Daten vor\u00fcbergehend einschr\u00e4nken, z.\u00a0B. f\u00fcr die Dauer der Berichtigung personenbezogener Daten, die wir \u00fcber Sie verarbeiten.<\/li>\n<li><strong>L\u00f6schung personenbezogener Daten<\/strong>: Sie k\u00f6nnen die L\u00f6schung Ihrer personenbezogenen Daten verlangen, wobei Daten, die wir auf der Grundlage eines (noch g\u00fcltigen) Vertragsverh\u00e4ltnisses verarbeiten und Daten, die wir auf einer gesetzlichen Grundlage verarbeiten, nicht gel\u00f6scht werden d\u00fcrfen.<\/li>\n<li><strong>Ausdruck personenbezogener Daten<\/strong>: Sie k\u00f6nnen verlangen, dass wir Ihre personenbezogenen Daten in einem strukturierten, allgemein \u00fcblichen und maschinenlesbaren Format zur Verf\u00fcgung stellen.<\/li>\n<li><strong>Widerruf der Zustimmung<\/strong>: Sie k\u00f6nnen Ihre erteilte Einwilligung zur Verarbeitung Ihrer personenbezogenen Daten jederzeit ohne negative Folgen f\u00fcr Sie widerrufen. Sie k\u00f6nnen Ihre Zustimmung widerrufen, indem Sie uns eine E-Mail an info@navkom.si senden. Sobald Sie Ihre Zustimmung widerrufen haben, k\u00f6nnen wir Ihnen bestimmte Dienstleistungen nicht mehr anbieten.<\/li>\n<li><strong>Widerspruch gegen die Verarbeitung personenbezogener Daten<\/strong>: Sie haben das Recht, der Verarbeitung personenbezogener Daten zu widersprechen, wenn es sich um die Verarbeitung personenbezogener Daten f\u00fcr Zwecke der Direktwerbung handelt, einschlie\u00dflich Profilerstellung. Sie k\u00f6nnen den Widerspruch geltend machen, indem Sie uns eine E-Mail an info@navkom.si schicken.<\/li>\n<li><strong>Recht auf Daten\u00fcbertragbarkeit<\/strong>: Sie k\u00f6nnen den Ausdruck der personenbezogenen Daten, die Sie uns zur Verf\u00fcgung gestellt haben, und die \u00dcbertragung dieser Informationen an einen anderen Verantwortlichen verlangen. Wir werden Ihre personenbezogenen Daten, soweit technisch machbar, auf Anfrage direkt an einen anderen Verantwortlichen \u00fcbermitteln.<\/li>\n<\/ul>\n<p>Zur Geltendmachung dieses Rechts schreiben Sie uns bitte eine E-Mail an info@navkom.si. Wir werden Ihre Anfrage so schnell wie m\u00f6glich beantworten, sp\u00e4testens jedoch innerhalb von 30 Tagen. Bei umfangreichen Anforderungen k\u00f6nnen wir die Frist von 30 Tagen auch verl\u00e4ngern und werden Sie dar\u00fcber informieren.<\/p>\n<p>Wir behalten uns das Recht vor, Sie zur Bereitstellung zus\u00e4tzlicher personenbezogener Daten aufzufordern, wenn Sie aus den von Ihnen angegebenen personenbezogenen Daten nicht zuverl\u00e4ssig identifiziert werden k\u00f6nnen. Wenn Sie sich weigern, Ihre personenbezogenen Daten auf diese Weise bereitzustellen, werden wir Ihre Anfrage ablehnen.<\/p>\n<p>Wenn Sie der Meinung sind, dass ein Versto\u00df gegen den Datenschutz eingetreten ist, k\u00f6nnen Sie dies dem Informationsbeauftragten melden. Weitere Informationen \u00fcber die Zust\u00e4ndigkeiten des Informationsbeauftragten finden Sie unter <a href=\"http:\/\/www.ip-rs.si\">www.ip-rs.si<\/a>.\u00a0<\/p>\n<h1>7.\u00a0\u00a0\u00a0\u00a0\u00a0 Ben\u00f6tigen Sie weitere Informationen?<\/h1>\n<p>Alle Informationen \u00fcber die Verarbeitung personenbezogener Daten sind in diesen regelm\u00e4\u00dfig aktualisierten Datenschutzbestimmungen enthalten. Die neueste Version der Datenschutzbestimmungen steht Ihnen jederzeit unter https:\/\/www.navkom.si\/de\/datenschutzbestimmungen\/ zur Verf\u00fcgung.<\/p>\n<p>Bei weiteren Fragen schicken Sie bitte eine E-Mail an: info@navkom.si.<\/p>\n\n\t\t<\/div>\n\t\t\t\t\t<\/div>\n\n\t\n\n<\/div>\n\n","protected":false},"excerpt":{"rendered":"","protected":false},"author":1,"featured_media":0,"parent":0,"menu_order":0,"comment_status":"closed","ping_status":"closed","template":"","meta":{"_monsterinsights_skip_tracking":false,"_monsterinsights_sitenote_active":false,"_monsterinsights_sitenote_note":"","_monsterinsights_sitenote_category":0,"footnotes":""},"class_list":["post-9115","page","type-page","status-publish","hentry"],"yoast_head":"<!-- This site is optimized with the Yoast SEO plugin v27.4 - https:\/\/yoast.com\/product\/yoast-seo-wordpress\/ -->\n<title>DATENSCHUTZBESTIMMUNGEN | Navkom<\/title>\n<meta name=\"robots\" content=\"index, follow, max-snippet:-1, max-image-preview:large, max-video-preview:-1\" \/>\n<link rel=\"canonical\" href=\"https:\/\/www.navkom.si\/de\/datenschutzbestimmungen\/\" \/>\n<meta property=\"og:locale\" content=\"de_DE\" \/>\n<meta property=\"og:type\" content=\"article\" \/>\n<meta property=\"og:title\" content=\"DATENSCHUTZBESTIMMUNGEN | Navkom\" \/>\n<meta property=\"og:url\" content=\"https:\/\/www.navkom.si\/de\/datenschutzbestimmungen\/\" \/>\n<meta property=\"og:site_name\" content=\"Navkom\" \/>\n<meta property=\"article:publisher\" content=\"https:\/\/www.facebook.com\/Navkom-fingerprint-readers-150915411647792\" \/>\n<meta property=\"article:modified_time\" content=\"2021-09-28T05:20:24+00:00\" \/>\n<meta property=\"og:image\" content=\"https:\/\/www.navkom.si\/wp-content\/uploads\/2020\/11\/Navkom-logo-e1604474702264.png\" \/>\n\t<meta property=\"og:image:width\" content=\"968\" \/>\n\t<meta property=\"og:image:height\" content=\"339\" \/>\n\t<meta property=\"og:image:type\" content=\"image\/png\" \/>\n<meta name=\"twitter:card\" content=\"summary_large_image\" \/>\n<meta name=\"twitter:label1\" content=\"Gesch\u00e4tzte Lesezeit\" \/>\n\t<meta name=\"twitter:data1\" content=\"6\u00a0Minute\" \/>\n<script type=\"application\/ld+json\" class=\"yoast-schema-graph\">{\"@context\":\"https:\\\/\\\/schema.org\",\"@graph\":[{\"@type\":\"WebPage\",\"@id\":\"https:\\\/\\\/www.navkom.si\\\/de\\\/datenschutzbestimmungen\\\/\",\"url\":\"https:\\\/\\\/www.navkom.si\\\/de\\\/datenschutzbestimmungen\\\/\",\"name\":\"DATENSCHUTZBESTIMMUNGEN | Navkom\",\"isPartOf\":{\"@id\":\"https:\\\/\\\/www.navkom.si\\\/#website\"},\"datePublished\":\"2021-09-16T09:04:10+00:00\",\"dateModified\":\"2021-09-28T05:20:24+00:00\",\"breadcrumb\":{\"@id\":\"https:\\\/\\\/www.navkom.si\\\/de\\\/datenschutzbestimmungen\\\/#breadcrumb\"},\"inLanguage\":\"de\",\"potentialAction\":[{\"@type\":\"ReadAction\",\"target\":[\"https:\\\/\\\/www.navkom.si\\\/de\\\/datenschutzbestimmungen\\\/\"]}]},{\"@type\":\"BreadcrumbList\",\"@id\":\"https:\\\/\\\/www.navkom.si\\\/de\\\/datenschutzbestimmungen\\\/#breadcrumb\",\"itemListElement\":[{\"@type\":\"ListItem\",\"position\":1,\"name\":\"Home\",\"item\":\"https:\\\/\\\/www.navkom.si\\\/de\\\/\"},{\"@type\":\"ListItem\",\"position\":2,\"name\":\"DATENSCHUTZBESTIMMUNGEN\"}]},{\"@type\":\"WebSite\",\"@id\":\"https:\\\/\\\/www.navkom.si\\\/#website\",\"url\":\"https:\\\/\\\/www.navkom.si\\\/\",\"name\":\"Navkom\",\"description\":\"Fingerabdruckscanner\",\"publisher\":{\"@id\":\"https:\\\/\\\/www.navkom.si\\\/#organization\"},\"potentialAction\":[{\"@type\":\"SearchAction\",\"target\":{\"@type\":\"EntryPoint\",\"urlTemplate\":\"https:\\\/\\\/www.navkom.si\\\/?s={search_term_string}\"},\"query-input\":{\"@type\":\"PropertyValueSpecification\",\"valueRequired\":true,\"valueName\":\"search_term_string\"}}],\"inLanguage\":\"de\"},{\"@type\":\"Organization\",\"@id\":\"https:\\\/\\\/www.navkom.si\\\/#organization\",\"name\":\"Navkom d.o.o.\",\"url\":\"https:\\\/\\\/www.navkom.si\\\/\",\"logo\":{\"@type\":\"ImageObject\",\"inLanguage\":\"de\",\"@id\":\"https:\\\/\\\/www.navkom.si\\\/#\\\/schema\\\/logo\\\/image\\\/\",\"url\":\"https:\\\/\\\/www.navkom.si\\\/wp-content\\\/uploads\\\/2020\\\/11\\\/Navkom-logo-e1604474702264.png\",\"contentUrl\":\"https:\\\/\\\/www.navkom.si\\\/wp-content\\\/uploads\\\/2020\\\/11\\\/Navkom-logo-e1604474702264.png\",\"width\":968,\"height\":339,\"caption\":\"Navkom d.o.o.\"},\"image\":{\"@id\":\"https:\\\/\\\/www.navkom.si\\\/#\\\/schema\\\/logo\\\/image\\\/\"},\"sameAs\":[\"https:\\\/\\\/www.facebook.com\\\/Navkom-fingerprint-readers-150915411647792\",\"https:\\\/\\\/www.linkedin.com\\\/company\\\/navkom\",\"https:\\\/\\\/www.youtube.com\\\/channel\\\/UCRxNGgBFfBxIwcydLnQW7Ew\"]}]}<\/script>\n<!-- \/ Yoast SEO plugin. -->","yoast_head_json":{"title":"DATENSCHUTZBESTIMMUNGEN | Navkom","robots":{"index":"index","follow":"follow","max-snippet":"max-snippet:-1","max-image-preview":"max-image-preview:large","max-video-preview":"max-video-preview:-1"},"canonical":"https:\/\/www.navkom.si\/de\/datenschutzbestimmungen\/","og_locale":"de_DE","og_type":"article","og_title":"DATENSCHUTZBESTIMMUNGEN | Navkom","og_url":"https:\/\/www.navkom.si\/de\/datenschutzbestimmungen\/","og_site_name":"Navkom","article_publisher":"https:\/\/www.facebook.com\/Navkom-fingerprint-readers-150915411647792","article_modified_time":"2021-09-28T05:20:24+00:00","og_image":[{"width":968,"height":339,"url":"https:\/\/www.navkom.si\/wp-content\/uploads\/2020\/11\/Navkom-logo-e1604474702264.png","type":"image\/png"}],"twitter_card":"summary_large_image","twitter_misc":{"Gesch\u00e4tzte Lesezeit":"6\u00a0Minute"},"schema":{"@context":"https:\/\/schema.org","@graph":[{"@type":"WebPage","@id":"https:\/\/www.navkom.si\/de\/datenschutzbestimmungen\/","url":"https:\/\/www.navkom.si\/de\/datenschutzbestimmungen\/","name":"DATENSCHUTZBESTIMMUNGEN | Navkom","isPartOf":{"@id":"https:\/\/www.navkom.si\/#website"},"datePublished":"2021-09-16T09:04:10+00:00","dateModified":"2021-09-28T05:20:24+00:00","breadcrumb":{"@id":"https:\/\/www.navkom.si\/de\/datenschutzbestimmungen\/#breadcrumb"},"inLanguage":"de","potentialAction":[{"@type":"ReadAction","target":["https:\/\/www.navkom.si\/de\/datenschutzbestimmungen\/"]}]},{"@type":"BreadcrumbList","@id":"https:\/\/www.navkom.si\/de\/datenschutzbestimmungen\/#breadcrumb","itemListElement":[{"@type":"ListItem","position":1,"name":"Home","item":"https:\/\/www.navkom.si\/de\/"},{"@type":"ListItem","position":2,"name":"DATENSCHUTZBESTIMMUNGEN"}]},{"@type":"WebSite","@id":"https:\/\/www.navkom.si\/#website","url":"https:\/\/www.navkom.si\/","name":"Navkom","description":"Fingerabdruckscanner","publisher":{"@id":"https:\/\/www.navkom.si\/#organization"},"potentialAction":[{"@type":"SearchAction","target":{"@type":"EntryPoint","urlTemplate":"https:\/\/www.navkom.si\/?s={search_term_string}"},"query-input":{"@type":"PropertyValueSpecification","valueRequired":true,"valueName":"search_term_string"}}],"inLanguage":"de"},{"@type":"Organization","@id":"https:\/\/www.navkom.si\/#organization","name":"Navkom d.o.o.","url":"https:\/\/www.navkom.si\/","logo":{"@type":"ImageObject","inLanguage":"de","@id":"https:\/\/www.navkom.si\/#\/schema\/logo\/image\/","url":"https:\/\/www.navkom.si\/wp-content\/uploads\/2020\/11\/Navkom-logo-e1604474702264.png","contentUrl":"https:\/\/www.navkom.si\/wp-content\/uploads\/2020\/11\/Navkom-logo-e1604474702264.png","width":968,"height":339,"caption":"Navkom d.o.o."},"image":{"@id":"https:\/\/www.navkom.si\/#\/schema\/logo\/image\/"},"sameAs":["https:\/\/www.facebook.com\/Navkom-fingerprint-readers-150915411647792","https:\/\/www.linkedin.com\/company\/navkom","https:\/\/www.youtube.com\/channel\/UCRxNGgBFfBxIwcydLnQW7Ew"]}]}},"_links":{"self":[{"href":"https:\/\/www.navkom.si\/de\/wp-json\/wp\/v2\/pages\/9115","targetHints":{"allow":["GET"]}}],"collection":[{"href":"https:\/\/www.navkom.si\/de\/wp-json\/wp\/v2\/pages"}],"about":[{"href":"https:\/\/www.navkom.si\/de\/wp-json\/wp\/v2\/types\/page"}],"author":[{"embeddable":true,"href":"https:\/\/www.navkom.si\/de\/wp-json\/wp\/v2\/users\/1"}],"replies":[{"embeddable":true,"href":"https:\/\/www.navkom.si\/de\/wp-json\/wp\/v2\/comments?post=9115"}],"version-history":[{"count":8,"href":"https:\/\/www.navkom.si\/de\/wp-json\/wp\/v2\/pages\/9115\/revisions"}],"predecessor-version":[{"id":9889,"href":"https:\/\/www.navkom.si\/de\/wp-json\/wp\/v2\/pages\/9115\/revisions\/9889"}],"wp:attachment":[{"href":"https:\/\/www.navkom.si\/de\/wp-json\/wp\/v2\/media?parent=9115"}],"curies":[{"name":"wp","href":"https:\/\/api.w.org\/{rel}","templated":true}]}}